{"id":1228,"date":"2025-10-20T15:03:32","date_gmt":"2025-10-20T13:03:32","guid":{"rendered":"https:\/\/outlet.newcarsolutions.pl\/?page_id=1228"},"modified":"2025-10-22T10:35:23","modified_gmt":"2025-10-22T08:35:23","slug":"informacja-o-cookies","status":"publish","type":"page","link":"https:\/\/outlet.newcarsolutions.pl\/en\/informacja-o-cookies\/","title":{"rendered":"Informacja o cookies"},"content":{"rendered":"<div class=\"wpb-content-wrapper\"><div class=\"vc_row wpb_row vc_row-fluid\"><div class=\"wpb_column vc_column_container vc_col-sm-12\"><div class=\"vc_column-inner\"><div class=\"wpb_wrapper\">\n\t<div class=\"wpb_text_column wpb_content_element\" >\n\t\t<div class=\"wpb_wrapper\">\n\t\t\t<div data-cke-filler-webkit=\"start\" data-cke-temp=\"1\"><\/div>\n<p>Sklep internetowy nie zbiera w spos\u00f3b automatyczny \u017cadnych danych, z wyj\u0105tkiem danych zawartych w plikach cookies podczas samego korzystania z Witryny. Pliki cookies to ma\u0142e pliki tekstowe wysy\u0142ane przez sklep internetowy i przechowywane na Pa\u0144stwa komputerze zawieraj\u0105ce pewne informacje zwi\u0105zane z korzystaniem przez Pa\u0144stwa z Witryny i Sklepu Internetowego. Wykorzystywane przez sklep internetowy pliki cookies mog\u0105 mie\u0107 charakter tymczasowy lub trwa\u0142y. Tymczasowe pliki cookies s\u0105 usuwane z chwil\u0105 zamkni\u0119cia przegl\u0105darki, natomiast sta\u0142e pliki cookies s\u0105 przechowywane tak\u017ce po zako\u0144czeniu korzystania przez Pa\u0144stwa z Witryny i s\u0142u\u017c\u0105 do przechowywania informacji takich jak Pa\u0144stwa has\u0142o czy login, co przyspiesza i u\u0142atwia korzystanie z Witryny. Sklep internetowy wykorzystuje poni\u017cej wymienione pliki cookie w nast\u0119puj\u0105cych celach:<\/p>\n<p>1. Administrator wykorzystuje Cookies W\u0142asne w nast\u0119puj\u0105cych celach:<br \/>\na) Konfiguracji serwisu &#8211; dostosowania zawarto\u015bci stron internetowych Serwisu do preferencji U\u017cytkownika oraz optymalizacji korzystania ze stron internetowych Serwisu; &#8211; rozpoznania urz\u0105dzenia U\u017cytkownika Serwisu oraz jego lokalizacj\u0119 i odpowiednio wy\u015bwietlenia strony internetowej, dostosowanej do jego indywidualnych potrzeb; &#8211; zapami\u0119tania ustawie\u0144 wybranych przez U\u017cytkownika i personalizacji interfejsu U\u017cytkownika, np. w zakresie wybranego j\u0119zyka lub regionu, z kt\u00f3rego pochodzi U\u017cytkownik; &#8211; zapami\u0119tania historii odwiedzonych stron w serwisie w celu rekomendacji tre\u015bci; &#8211; rozmiaru czcionki, wygl\u0105du strony internetowej itp.<br \/>\nb) Uwierzytelniania u\u017cytkownika w serwisie i zapewnienia sesji u\u017cytkownika w serwisie &#8211; utrzymania sesji U\u017cytkownika Serwisu (po zalogowaniu), dzi\u0119ki kt\u00f3rej U\u017cytkownik nie musi na ka\u017cdej podstronie Serwisu ponownie wpisywa\u0107 loginu i has\u0142a; &#8211; poprawnej konfiguracji wybranych funkcji Serwisu, umo\u017cliwiaj\u0105c w szczeg\u00f3lno\u015bci weryfikacj\u0119 autentyczno\u015bci sesji przegl\u0105darki; &#8211; optymalizacji i zwi\u0119kszenia wydajno\u015bci us\u0142ug \u015bwiadczonych przez Administratora.<br \/>\nc) Realizacji proces\u00f3w niezb\u0119dnych dla pe\u0142nej funkcjonalno\u015bci stron internetowych &#8211; dostosowania zawarto\u015bci stron internetowych Serwisu do preferencji U\u017cytkownika oraz optymalizacji korzystania ze stron internetowych Serwisu. W szczeg\u00f3lno\u015bci pliki te pozwalaj\u0105 rozpozna\u0107 podstawowe parametry Urz\u0105dzenia U\u017cytkownika i odpowiednio wy\u015bwietli\u0107 stron\u0119 internetow\u0105, dostosowan\u0105 do jego indywidualnych potrzeb; &#8211; poprawnej obs\u0142ugi programu partnerskiego, umo\u017cliwiaj\u0105c w szczeg\u00f3lno\u015bci weryfikacj\u0119 \u017ar\u00f3de\u0142 przekierowa\u0144 U\u017cytkownik\u00f3w na strony internetowe Serwisu.<br \/>\nd) Zapami\u0119tania lokalizacji u\u017cytkownika &#8211; poprawnej konfiguracji wybranych funkcji Serwisu, umo\u017cliwiaj\u0105c w szczeg\u00f3lno\u015bci dostosowanie dostarczanych informacji do U\u017cytkownika z uwzgl\u0119dnieniem jego lokalizacji.<br \/>\ne) Analiz i bada\u0144 oraz audytu ogl\u0105dalno\u015bci &#8211; tworzenia anonimowych statystyk, kt\u00f3re pomagaj\u0105 zrozumie\u0107, w jaki spos\u00f3b U\u017cytkownicy Serwisu korzystaj\u0105 ze stron internetowych Serwisu, co umo\u017cliwia ulepszanie ich struktury i zawarto\u015bci.<br \/>\nf) \u015awiadczenia us\u0142ug reklamowych &#8211; dostosowania prezentowanych za po\u015brednictwem Serwisu reklam us\u0142ug i produkt\u00f3w firm trzecich;<br \/>\ng) Zapewnienia bezpiecze\u0144stwa i niezawodno\u015bci serwisu<\/p>\n<p>2. Administrator us\u0142ugi wykorzystuje Cookies Zewn\u0119trzne w nast\u0119puj\u0105cych celach:<br \/>\na) Prezentowania tre\u015bci multimedialnych na stronach internetowych Serwisu, kt\u00f3re s\u0105 pobierane z zewn\u0119trznego serwisu internetowego: &#8211; www.youtube.com [administrator cookies: Google Inc z siedzib\u0105 w USA]<br \/>\nb) Zbierania og\u00f3lnych i anonimowych danych statycznych za po\u015brednictwem narz\u0119dzi analitycznych; &#8211; Google Analytics [administrator cookies: Google Inc z siedzib\u0105 w USA] &#8211; IAI-Shop.com [administrator cookies: IAI S.A. z siedzib\u0105 w Szczecinie]<br \/>\nc) Prezentowania reklam dostosowanych do preferencji U\u017cytkownika z wykorzystaniem narz\u0119dzia internetowej reklamy: &#8211; Google AdSense [administrator cookies: Google Inc z siedzib\u0105 w USA]<br \/>\nd) Zalogowania do serwisu za pomoc\u0105 konta w innym serwisie: &#8211; Facebook Connect [administrator cookies: Facebook Inc z siedzib\u0105 w USA lub Facebook Ireland z siedzib\u0105 w Irlandii] &#8211; Google [administrator cookies: Google Inc z siedzib\u0105 w USA] &#8211; Paypal [administrato cookies: PayPal (Europe) S.\u00e0 r.l. &amp; Cie, S.C.A z siedzib\u0105 w Luksemburgu lub PayPal Inc. z siedzib\u0105 w USA]<br \/>\ne) Wykorzystania funkcji interaktywnych w celu popularyzacji serwisu za pomoc\u0105 serwis\u00f3w spo\u0142eczno\u015bciowych: &#8211; twitter.com [administrator cookies: Twitter Inc. z siedzib\u0105 w USA] &#8211; Facebook.com [administrator cookies: Facebook Inc z siedzib\u0105 w USA lub Facebook Ireland z siedzib\u0105 w Irlandii],br&gt; &#8211; Pinterest [administrator cookies: Pinterest, Inc. z siedzib\u0105 w USA]<\/p>\n<p>1) U\u017cytkownik mo\u017ce samodzielnie i w ka\u017cdym czasie zmieni\u0107 ustawienia dotycz\u0105ce plik\u00f3w Cookies, okre\u015blaj\u0105c warunki ich przechowywania i uzyskiwania dost\u0119pu przez pliki Cookies do Urz\u0105dzenia U\u017cytkownika. Zmiany ustawie\u0144, o kt\u00f3rych mowa w zdaniu poprzednim, U\u017cytkownik mo\u017ce dokona\u0107 za pomoc\u0105 ustawie\u0144 przegl\u0105darki internetowej lub za pomoc\u0105 konfiguracji us\u0142ugi. Ustawienia te mog\u0105 zosta\u0107 zmienione w szczeg\u00f3lno\u015bci w taki spos\u00f3b, aby blokowa\u0107 automatyczn\u0105 obs\u0142ug\u0119 plik\u00f3w cookies w ustawieniach przegl\u0105darki internetowej b\u0105d\u017a informowa\u0107 o ich ka\u017cdorazowym zamieszczeniu Cookies na urz\u0105dzeniu U\u017cytkownika. Szczeg\u00f3\u0142owe informacje o mo\u017cliwo\u015bci i sposobach obs\u0142ugi plik\u00f3w cookies dost\u0119pne s\u0105 w ustawieniach oprogramowania (przegl\u0105darki internetowej).<br \/>\n2) U\u017cytkownik mo\u017ce w ka\u017cdej chwili usun\u0105\u0107 pliki Cookies korzystaj\u0105c z dost\u0119pnych funkcji w przegl\u0105darce internetowej, kt\u00f3rej u\u017cywa.<br \/>\n3) Ograniczenie stosowania plik\u00f3w Cookies, mo\u017ce wp\u0142yn\u0105\u0107 na niekt\u00f3re funkcjonalno\u015bci dost\u0119pne na stronie internetowej Serwisu.<\/p>\n<p>W ka\u017cdym wypadku mo\u017cesz zablokowa\u0107 instalowanie plik\u00f3w cookies lub usun\u0105\u0107 sta\u0142e pliki cookies, wykorzystuj\u0105c stosowne opcje Pa\u0144stwa przegl\u0105darki internetowej. W razie problem\u00f3w doradzamy skorzysta\u0107 z pliku pomocy przegl\u0105darki lub skontaktowa\u0107 si\u0119 z producentem przegl\u0105darki, z kt\u00f3rej korzystacie.<\/p>\n<p><strong>W jaki spos\u00f3b zabezpieczamy Twoje dane osobowe?<\/strong><\/p>\n<p>Komunikacja mi\u0119dzy Twoim komputerem a naszym serwerem gdy zbieramy Twoje dane osobowe, jest zaszyfrowana z u\u017cyciem protoko\u0142u SSL (Secure Socket Layer). Dodatkowo nasze bazy danych zabezpieczone s\u0105 przed wgl\u0105dem os\u00f3b trzecich.<\/p>\n<p><strong>Zmiany naszej polityki prywatno\u015bci.<\/strong><\/p>\n<p>Zastrzegamy sobie prawo zmiany powy\u017cszej polityki prywatno\u015bci poprzez opublikowanie nowej polityki prywatno\u015bci na tej stronie.<\/p>\n<p>Administrator danych:&nbsp; <strong>NOVEX INTERNATIONAL SP. Z O.O.<\/strong>, <strong><span id=\"MainContent_lblCorrespondenceAddress\">ul. Stawowa, nr 20, 43-400<\/span> Cieszyn.<\/strong> W razie dodatkowych pyta\u0144 dotycz\u0105cych ochrony prywatno\u015bci, prosimy o kontakt korzystaj\u0105c z formularza kontaktowego na stronie kontaktowej.<\/p>\n<div data-cke-filler-webkit=\"end\" data-cke-temp=\"1\"><\/div>\n\n\t\t<\/div>\n\t<\/div>\n<\/div><\/div><\/div><\/div>\n<\/div>","protected":false},"excerpt":{"rendered":"Sklep internetowy nie zbiera w spos\u00f3b automatyczny \u017cadnych danych, z wyj\u0105tkiem danych zawartych w plikach cookies podczas samego korzystania z","protected":false},"author":1,"featured_media":0,"parent":0,"menu_order":0,"comment_status":"closed","ping_status":"closed","template":"","meta":{"footnotes":""},"class_list":["post-1228","page","type-page","status-publish","hentry"],"_links":{"self":[{"href":"https:\/\/outlet.newcarsolutions.pl\/en\/wp-json\/wp\/v2\/pages\/1228","targetHints":{"allow":["GET"]}}],"collection":[{"href":"https:\/\/outlet.newcarsolutions.pl\/en\/wp-json\/wp\/v2\/pages"}],"about":[{"href":"https:\/\/outlet.newcarsolutions.pl\/en\/wp-json\/wp\/v2\/types\/page"}],"author":[{"embeddable":true,"href":"https:\/\/outlet.newcarsolutions.pl\/en\/wp-json\/wp\/v2\/users\/1"}],"replies":[{"embeddable":true,"href":"https:\/\/outlet.newcarsolutions.pl\/en\/wp-json\/wp\/v2\/comments?post=1228"}],"version-history":[{"count":3,"href":"https:\/\/outlet.newcarsolutions.pl\/en\/wp-json\/wp\/v2\/pages\/1228\/revisions"}],"predecessor-version":[{"id":1237,"href":"https:\/\/outlet.newcarsolutions.pl\/en\/wp-json\/wp\/v2\/pages\/1228\/revisions\/1237"}],"wp:attachment":[{"href":"https:\/\/outlet.newcarsolutions.pl\/en\/wp-json\/wp\/v2\/media?parent=1228"}],"curies":[{"name":"wp","href":"https:\/\/api.w.org\/{rel}","templated":true}]}}