{"id":1169,"date":"2025-10-09T08:01:56","date_gmt":"2025-10-09T06:01:56","guid":{"rendered":"https:\/\/outlet.newcarsolutions.pl\/?post_type=product&#038;p=1169"},"modified":"2026-04-26T20:47:09","modified_gmt":"2026-04-26T18:47:09","slug":"radio-samochodowe-ncs-d9-mercedes-vito-w639-2003-2014-android-4gb-lte","status":"publish","type":"product","link":"https:\/\/outlet.newcarsolutions.pl\/en\/product\/radio-samochodowe-ncs-d9-mercedes-vito-w639-2003-2014-android-4gb-lte\/","title":{"rendered":"Radio NCS RS-302"},"content":{"rendered":"<div class=\"wpb-content-wrapper\"><div class=\"vc_row wpb_row vc_row-fluid vc_row-o-content-middle vc_row-flex wd-rs-690dc004a3e04\"><div class=\"wpb_column vc_column_container vc_col-sm-12 wd-enabled-flex text-center wd-rs-690dc025b93fa\"><div class=\"vc_column-inner\"><div class=\"wpb_wrapper\">\t\t<div id=\"wd-6949311b315f4\" class=\"wd-image wd-wpb wd-rs-6949311b315f4 text-center \">\n\t\t\t\n\t\t\t<img loading=\"lazy\" decoding=\"async\" width=\"1020\" height=\"148\" src=\"https:\/\/outlet.newcarsolutions.pl\/wp-content\/uploads\/2025\/10\/logo-outlet-aukcje1.webp\" class=\"attachment-medium size-medium\" alt=\"\" srcset=\"https:\/\/outlet.newcarsolutions.pl\/wp-content\/uploads\/2025\/10\/logo-outlet-aukcje1.webp 1020w, https:\/\/outlet.newcarsolutions.pl\/wp-content\/uploads\/2025\/10\/logo-outlet-aukcje1-768x111.webp 768w, https:\/\/outlet.newcarsolutions.pl\/wp-content\/uploads\/2025\/10\/logo-outlet-aukcje1-18x3.webp 18w, https:\/\/outlet.newcarsolutions.pl\/wp-content\/uploads\/2025\/10\/logo-outlet-aukcje1-150x22.webp 150w\" sizes=\"auto, (max-width: 1020px) 100vw, 1020px\" \/>\n\t\t\t\t\t<\/div>\n\t\t<\/div><\/div><\/div><\/div><div class=\"vc_row wpb_row vc_row-fluid wd-rs-68fa2c9d578df\"><div class=\"wpb_column vc_column_container vc_col-sm-12 wd-rs-63514c8260958\"><div class=\"vc_column-inner vc_custom_1666272391679\"><div class=\"wpb_wrapper\">\n\t\t<div id=\"wd-68fa18aea3e56\" class=\"title-wrapper wd-wpb wd-set-mb reset-last-child  wd-rs-68fa18aea3e56 wd-title-color-default wd-title-style-default text-center  wd-underline-colored\">\n\t\t\t\n\t\t\t<div class=\"liner-continer\">\n\t\t\t\t<h4 class=\"woodmart-title-container title  wd-font-weight- wd-fontsize-l\" >Radio Samochodowe<\/h4>\n\t\t\t\t\t\t\t<\/div>\n\t\t\t\n\t\t\t\t\t\t\t<div class=\"title-after_title reset-last-child  wd-fontsize-xs\">NCS RS-302<\/div>\n\t\t\t\n\t\t\t\n\t\t<\/div>\n\t\t\n\t\t\t\t<div id=\"wd-68fb63943325d\" class=\"wd-text-block wd-wpb reset-last-child wd-rs-68fb63943325d text-left vc_custom_1761305509318\">\n\t\t\t<p style=\"text-align: center;\">Je\u015bli chcesz zapozna\u0107 si\u0119 ze <strong>funkcjami stacji multimedialnej<\/strong>, sprawd\u017a nasz\u0105 standardow\u0105 ofert\u0119<br \/>\n<a class=\"decorated-link\" href=\"https:\/\/newcarsolutions.pl\/sklep\/produkt\/radio-samochodowe-2din-a2085\/\" rel=\"noopener\">&gt;&gt;&gt; Kliknij tutaj, aby zobaczy\u0107 pe\u0142n\u0105 ofert\u0119 radia<\/a><\/p>\n\t\t<\/div>\n\t\t<\/div><\/div><\/div><\/div><div class=\"vc_row wpb_row vc_row-fluid wd-rs-6351519a61682\"><div class=\"wpb_column vc_column_container vc_col-sm-12\"><div class=\"vc_column-inner\"><div class=\"wpb_wrapper\">\n\t\t<div id=\"wd-68fa1fc556dbe\" class=\"title-wrapper wd-wpb wd-set-mb reset-last-child  wd-rs-68fa1fc556dbe wd-title-color-default wd-title-style-default text-center vc_custom_1761223438823 wd-underline-colored\">\n\t\t\t\n\t\t\t<div class=\"liner-continer\">\n\t\t\t\t<h4 class=\"woodmart-title-container title  wd-font-weight- wd-fontsize-m\" >Przyk\u0142adowy wygl\u0105d produkt\u00f3w OUTLET<\/h4>\n\t\t\t\t\t\t\t<\/div>\n\t\t\t\n\t\t\t\n\t\t\t\n\t\t<\/div>\n\t\t\n\t\t\t\t<div id=\"wd-68fb67d55fdcb\" class=\"wd-text-block wd-wpb reset-last-child wd-rs-68fb67d55fdcb text-left vc_custom_1761306596534\">\n\t\t\t<p style=\"text-align: center;\" data-start=\"116\" data-end=\"335\">Poni\u017cej przedstawiono <strong data-start=\"254\" data-end=\"281\">przyk\u0142adowe uszkodzenia<\/strong>, jakie mog\u0105 wyst\u0119powa\u0107:<\/p>\n<p>&#x25fc; drobne zarysowania lub przetarcia obudowy,<br \/>\n&#x25fc; minimalne uszkodzenia plastikowych element\u00f3w,<br \/>\n&#x25fc; delikatne rysy na ekranie,<\/p>\n\t\t<\/div>\n\t\t<div class=\"wpb_gallery wpb_content_element vc_clearfix\" ><div class=\"wpb_wrapper\"><div class=\"wpb_gallery_slides wpb_flexslider flexslider_fade flexslider\" data-interval=\"10\" data-flex_fx=\"fade\"><ul class=\"slides\"><li><a class=\"\" href=\"https:\/\/outlet.newcarsolutions.pl\/wp-content\/uploads\/2025\/10\/302-6.webp\" data-lightbox=\"lightbox[rel-1169-2724473360]\"><img loading=\"lazy\" decoding=\"async\" width=\"1562\" height=\"1194\" src=\"https:\/\/outlet.newcarsolutions.pl\/wp-content\/uploads\/2025\/10\/302-6.webp\" class=\"attachment-full\" alt=\"\" title=\"302-6\" srcset=\"https:\/\/outlet.newcarsolutions.pl\/wp-content\/uploads\/2025\/10\/302-6.webp 1562w, https:\/\/outlet.newcarsolutions.pl\/wp-content\/uploads\/2025\/10\/302-6-150x115.webp 150w, https:\/\/outlet.newcarsolutions.pl\/wp-content\/uploads\/2025\/10\/302-6-1200x917.webp 1200w, https:\/\/outlet.newcarsolutions.pl\/wp-content\/uploads\/2025\/10\/302-6-768x587.webp 768w, https:\/\/outlet.newcarsolutions.pl\/wp-content\/uploads\/2025\/10\/302-6-1536x1174.webp 1536w, https:\/\/outlet.newcarsolutions.pl\/wp-content\/uploads\/2025\/10\/302-6-1320x1009.webp 1320w\" sizes=\"auto, (max-width: 1562px) 100vw, 1562px\" \/><\/a><\/li><li><a class=\"\" href=\"https:\/\/outlet.newcarsolutions.pl\/wp-content\/uploads\/2025\/10\/302-5.webp\" data-lightbox=\"lightbox[rel-1169-2724473360]\"><img loading=\"lazy\" decoding=\"async\" width=\"1562\" height=\"1194\" src=\"https:\/\/outlet.newcarsolutions.pl\/wp-content\/uploads\/2025\/10\/302-5.webp\" class=\"attachment-full\" alt=\"\" title=\"302-5\" srcset=\"https:\/\/outlet.newcarsolutions.pl\/wp-content\/uploads\/2025\/10\/302-5.webp 1562w, https:\/\/outlet.newcarsolutions.pl\/wp-content\/uploads\/2025\/10\/302-5-150x115.webp 150w, https:\/\/outlet.newcarsolutions.pl\/wp-content\/uploads\/2025\/10\/302-5-1200x917.webp 1200w, https:\/\/outlet.newcarsolutions.pl\/wp-content\/uploads\/2025\/10\/302-5-768x587.webp 768w, https:\/\/outlet.newcarsolutions.pl\/wp-content\/uploads\/2025\/10\/302-5-1536x1174.webp 1536w, https:\/\/outlet.newcarsolutions.pl\/wp-content\/uploads\/2025\/10\/302-5-1320x1009.webp 1320w\" sizes=\"auto, (max-width: 1562px) 100vw, 1562px\" \/><\/a><\/li><li><a class=\"\" href=\"https:\/\/outlet.newcarsolutions.pl\/wp-content\/uploads\/2025\/10\/302-4.webp\" data-lightbox=\"lightbox[rel-1169-2724473360]\"><img loading=\"lazy\" decoding=\"async\" width=\"1562\" height=\"1194\" src=\"https:\/\/outlet.newcarsolutions.pl\/wp-content\/uploads\/2025\/10\/302-4.webp\" class=\"attachment-full\" alt=\"\" title=\"302-4\" srcset=\"https:\/\/outlet.newcarsolutions.pl\/wp-content\/uploads\/2025\/10\/302-4.webp 1562w, https:\/\/outlet.newcarsolutions.pl\/wp-content\/uploads\/2025\/10\/302-4-150x115.webp 150w, https:\/\/outlet.newcarsolutions.pl\/wp-content\/uploads\/2025\/10\/302-4-1200x917.webp 1200w, https:\/\/outlet.newcarsolutions.pl\/wp-content\/uploads\/2025\/10\/302-4-768x587.webp 768w, https:\/\/outlet.newcarsolutions.pl\/wp-content\/uploads\/2025\/10\/302-4-1536x1174.webp 1536w, https:\/\/outlet.newcarsolutions.pl\/wp-content\/uploads\/2025\/10\/302-4-1320x1009.webp 1320w\" sizes=\"auto, (max-width: 1562px) 100vw, 1562px\" \/><\/a><\/li><li><a class=\"\" href=\"https:\/\/outlet.newcarsolutions.pl\/wp-content\/uploads\/2025\/10\/302-3.webp\" data-lightbox=\"lightbox[rel-1169-2724473360]\"><img loading=\"lazy\" decoding=\"async\" width=\"1562\" height=\"1194\" src=\"https:\/\/outlet.newcarsolutions.pl\/wp-content\/uploads\/2025\/10\/302-3.webp\" class=\"attachment-full\" alt=\"\" title=\"302-3\" srcset=\"https:\/\/outlet.newcarsolutions.pl\/wp-content\/uploads\/2025\/10\/302-3.webp 1562w, https:\/\/outlet.newcarsolutions.pl\/wp-content\/uploads\/2025\/10\/302-3-150x115.webp 150w, https:\/\/outlet.newcarsolutions.pl\/wp-content\/uploads\/2025\/10\/302-3-1200x917.webp 1200w, https:\/\/outlet.newcarsolutions.pl\/wp-content\/uploads\/2025\/10\/302-3-768x587.webp 768w, https:\/\/outlet.newcarsolutions.pl\/wp-content\/uploads\/2025\/10\/302-3-1536x1174.webp 1536w, https:\/\/outlet.newcarsolutions.pl\/wp-content\/uploads\/2025\/10\/302-3-1320x1009.webp 1320w\" sizes=\"auto, (max-width: 1562px) 100vw, 1562px\" \/><\/a><\/li><li><a class=\"\" href=\"https:\/\/outlet.newcarsolutions.pl\/wp-content\/uploads\/2025\/10\/302-2.webp\" data-lightbox=\"lightbox[rel-1169-2724473360]\"><img loading=\"lazy\" decoding=\"async\" width=\"1562\" height=\"1194\" src=\"https:\/\/outlet.newcarsolutions.pl\/wp-content\/uploads\/2025\/10\/302-2.webp\" class=\"attachment-full\" alt=\"\" title=\"302-2\" srcset=\"https:\/\/outlet.newcarsolutions.pl\/wp-content\/uploads\/2025\/10\/302-2.webp 1562w, https:\/\/outlet.newcarsolutions.pl\/wp-content\/uploads\/2025\/10\/302-2-150x115.webp 150w, https:\/\/outlet.newcarsolutions.pl\/wp-content\/uploads\/2025\/10\/302-2-1200x917.webp 1200w, https:\/\/outlet.newcarsolutions.pl\/wp-content\/uploads\/2025\/10\/302-2-768x587.webp 768w, https:\/\/outlet.newcarsolutions.pl\/wp-content\/uploads\/2025\/10\/302-2-1536x1174.webp 1536w, https:\/\/outlet.newcarsolutions.pl\/wp-content\/uploads\/2025\/10\/302-2-1320x1009.webp 1320w\" sizes=\"auto, (max-width: 1562px) 100vw, 1562px\" \/><\/a><\/li><li><a class=\"\" href=\"https:\/\/outlet.newcarsolutions.pl\/wp-content\/uploads\/2025\/10\/302-1.webp\" data-lightbox=\"lightbox[rel-1169-2724473360]\"><img loading=\"lazy\" decoding=\"async\" width=\"1562\" height=\"1194\" src=\"https:\/\/outlet.newcarsolutions.pl\/wp-content\/uploads\/2025\/10\/302-1.webp\" class=\"attachment-full\" alt=\"\" title=\"302-1\" srcset=\"https:\/\/outlet.newcarsolutions.pl\/wp-content\/uploads\/2025\/10\/302-1.webp 1562w, https:\/\/outlet.newcarsolutions.pl\/wp-content\/uploads\/2025\/10\/302-1-150x115.webp 150w, https:\/\/outlet.newcarsolutions.pl\/wp-content\/uploads\/2025\/10\/302-1-1200x917.webp 1200w, https:\/\/outlet.newcarsolutions.pl\/wp-content\/uploads\/2025\/10\/302-1-768x587.webp 768w, https:\/\/outlet.newcarsolutions.pl\/wp-content\/uploads\/2025\/10\/302-1-1536x1174.webp 1536w, https:\/\/outlet.newcarsolutions.pl\/wp-content\/uploads\/2025\/10\/302-1-1320x1009.webp 1320w\" sizes=\"auto, (max-width: 1562px) 100vw, 1562px\" \/><\/a><\/li><\/ul><\/div><\/div><\/div>\t\t<div id=\"wd-68fa2d01220ac\" class=\"wd-text-block wd-wpb reset-last-child wd-rs-68fa2d01220ac text-left \">\n\t\t\t<p>Zdj\u0119cia w ofercie <strong data-start=\"539\" data-end=\"584\">nie przedstawiaj\u0105 konkretnego egzemplarza<\/strong>, lecz pokazuj\u0105 <strong data-start=\"600\" data-end=\"650\">przyk\u0142adowy stan wizualny urz\u0105dze\u0144 outletowych<\/strong>.<br data-start=\"651\" data-end=\"654\" \/>Ka\u017cde radio zosta\u0142o <strong data-start=\"674\" data-end=\"714\">dok\u0142adnie sprawdzone i przetestowane<\/strong>, dzi\u0119ki czemu masz pewno\u015b\u0107, \u017ce <strong data-start=\"746\" data-end=\"773\">dzia\u0142a w 100% poprawnie<\/strong> \u2014 r\u00f3\u017cnice dotycz\u0105 wy\u0142\u0105cznie wygl\u0105du zewn\u0119trznego.<\/p>\n\t\t<\/div>\n\t\t<\/div><\/div><\/div><\/div><div data-vc-full-width=\"true\" data-vc-full-width-temp=\"true\" data-vc-full-width-init=\"false\" class=\"vc_row wpb_row vc_row-fluid wd-rs-68fb1d8e6c94c\"><div class=\"wpb_column vc_column_container vc_col-sm-12\"><div class=\"vc_column-inner vc_custom_1506602551675\"><div class=\"wpb_wrapper\">\n\t\t<div id=\"wd-68fa2585f1868\" class=\"title-wrapper wd-wpb wd-set-mb reset-last-child  wd-rs-68fa2585f1868 wd-title-color-default wd-title-style-default text-center  wd-underline-colored\">\n\t\t\t\n\t\t\t<div class=\"liner-continer\">\n\t\t\t\t<h4 class=\"woodmart-title-container title  wd-font-weight- wd-fontsize-l\" >Kompatybilne modele samochod\u00f3w<\/h4>\n\t\t\t\t\t\t\t<\/div>\n\t\t\t\n\t\t\t\t\t\t\t<div class=\"title-after_title reset-last-child  wd-fontsize-xs\">Panel pasuje do radioodbiornik\u00f3w montowanych w nast\u0119puj\u0105cych modelach aut:<\/div>\n\t\t\t\n\t\t\t\n\t\t<\/div>\n\t\t\n\t\t<\/div><\/div><\/div><div class=\"wpb_column vc_column_container vc_col-sm-4 wd-enabled-flex text-center wd-rs-690dc0ec39c1e\"><div class=\"vc_column-inner vc_custom_1762509047039\"><div class=\"wpb_wrapper\">\t\t<div id=\"wd-691ae3f3d3c1a\" class=\"wd-image wd-wpb wd-rs-691ae3f3d3c1a wd-enabled-width text-center vc_custom_1763369972795\">\n\t\t\t\n\t\t\t<img loading=\"lazy\" decoding=\"async\" width=\"215\" height=\"168\" src=\"https:\/\/outlet.newcarsolutions.pl\/wp-content\/uploads\/2025\/10\/vw-215x168.webp\" class=\"attachment-215x168 size-215x168\" alt=\"\" srcset=\"https:\/\/outlet.newcarsolutions.pl\/wp-content\/uploads\/2025\/10\/vw-215x168.webp 215w, https:\/\/outlet.newcarsolutions.pl\/wp-content\/uploads\/2025\/10\/vw-150x117.webp 150w, https:\/\/outlet.newcarsolutions.pl\/wp-content\/uploads\/2025\/10\/vw-768x600.webp 768w, https:\/\/outlet.newcarsolutions.pl\/wp-content\/uploads\/2025\/10\/vw.webp 1076w\" sizes=\"auto, (max-width: 215px) 100vw, 215px\" \/>\n\t\t\t\t\t<\/div>\n\t\t\t\t\t<div class=\"info-box-wrapper\">\n\t\t\t\t<div id=\"wd-68fa2bee7853c\" class=\" wd-rs-68fa2bee7853c wd-info-box wd-wpb text-left box-icon-align-left box-style- color-scheme- wd-bg-none wd-items-top vc_custom_1761225801967\">\n\t\t\t\t\t\t\t\t\t\t<div class=\"info-box-content\">\n\t\t\t\t\t\t\t\t\t\t\t\t<div class=\"info-box-inner reset-last-child\"><p>&#x25fc; Sharan 1998-2009<br \/>\n&#x25fc; Golf IV 1998-2006<br \/>\n&#x25fc; Polo Mk4 2001-2009<br \/>\n&#x25fc; Polo Mk3 1999-2001<br \/>\n&#x25fc; Bora 1998-2005<br \/>\n&#x25fc; Passat B5 1996-2004<br \/>\n&#x25fc; Transporter T4 1998-2003<br \/>\n&#x25fc; Transporter T5 2003-2009<\/p>\n<\/div>\n\n\t\t\t\t\t\t\t\t\t\t\t<\/div>\n\n\t\t\t\t\t\n\t\t\t\t\t\t\t\t\t<\/div>\n\t\t\t<\/div>\n\t\t<\/div><\/div><\/div><div class=\"wpb_column vc_column_container vc_col-sm-4 wd-enabled-flex text-center wd-rs-690dc107c550f\"><div class=\"vc_column-inner vc_custom_1762509070144\"><div class=\"wpb_wrapper\">\t\t<div id=\"wd-691ae3fbe3958\" class=\"wd-image wd-wpb wd-rs-691ae3fbe3958 wd-enabled-width text-center vc_custom_1763369980202\">\n\t\t\t\n\t\t\t<img loading=\"lazy\" decoding=\"async\" width=\"215\" height=\"168\" src=\"https:\/\/outlet.newcarsolutions.pl\/wp-content\/uploads\/2025\/10\/skoda-215x168.webp\" class=\"attachment-215x168 size-215x168\" alt=\"\" srcset=\"https:\/\/outlet.newcarsolutions.pl\/wp-content\/uploads\/2025\/10\/skoda-215x168.webp 215w, https:\/\/outlet.newcarsolutions.pl\/wp-content\/uploads\/2025\/10\/skoda-150x117.webp 150w, https:\/\/outlet.newcarsolutions.pl\/wp-content\/uploads\/2025\/10\/skoda-768x600.webp 768w, https:\/\/outlet.newcarsolutions.pl\/wp-content\/uploads\/2025\/10\/skoda.webp 1076w\" sizes=\"auto, (max-width: 215px) 100vw, 215px\" \/>\n\t\t\t\t\t<\/div>\n\t\t\t\t\t<div class=\"info-box-wrapper\">\n\t\t\t\t<div id=\"wd-68fa2c4fd7fdd\" class=\" wd-rs-68fa2c4fd7fdd wd-info-box wd-wpb text-left box-icon-align-left box-style- color-scheme- wd-bg-none wd-items-top vc_custom_1761225814705\">\n\t\t\t\t\t\t\t\t\t\t<div class=\"info-box-content\">\n\t\t\t\t\t\t\t\t\t\t\t\t<div class=\"info-box-inner reset-last-child\"><p>&#x25fc; Fabia I 1999-2008<br \/>\n&#x25fc; Octavia I 1996-2010<br \/>\n&#x25fc; Superb I 2000-2008<\/p>\n<\/div>\n\n\t\t\t\t\t\t\t\t\t\t\t<\/div>\n\n\t\t\t\t\t\n\t\t\t\t\t\t\t\t\t<\/div>\n\t\t\t<\/div>\n\t\t<\/div><\/div><\/div><div class=\"wpb_column vc_column_container vc_col-sm-4 wd-enabled-flex text-center wd-rs-690dc135802ad\"><div class=\"vc_column-inner vc_custom_1762509116969\"><div class=\"wpb_wrapper\">\t\t<div id=\"wd-691ae40457b4d\" class=\"wd-image wd-wpb wd-rs-691ae40457b4d wd-enabled-width text-center vc_custom_1763369989705\">\n\t\t\t\n\t\t\t<img loading=\"lazy\" decoding=\"async\" width=\"215\" height=\"168\" src=\"https:\/\/outlet.newcarsolutions.pl\/wp-content\/uploads\/2025\/10\/seart-215x168.webp\" class=\"attachment-215x168 size-215x168\" alt=\"\" srcset=\"https:\/\/outlet.newcarsolutions.pl\/wp-content\/uploads\/2025\/10\/seart-215x168.webp 215w, https:\/\/outlet.newcarsolutions.pl\/wp-content\/uploads\/2025\/10\/seart-150x117.webp 150w, https:\/\/outlet.newcarsolutions.pl\/wp-content\/uploads\/2025\/10\/seart-768x600.webp 768w, https:\/\/outlet.newcarsolutions.pl\/wp-content\/uploads\/2025\/10\/seart.webp 1076w\" sizes=\"auto, (max-width: 215px) 100vw, 215px\" \/>\n\t\t\t\t\t<\/div>\n\t\t\t\t\t<div class=\"info-box-wrapper\">\n\t\t\t\t<div id=\"wd-68fa2c5c81667\" class=\" wd-rs-68fa2c5c81667 wd-info-box wd-wpb text-left box-icon-align-left box-style- color-scheme- wd-bg-none wd-items-top vc_custom_1761225829615\">\n\t\t\t\t\t\t\t\t\t\t<div class=\"info-box-content\">\n\t\t\t\t\t\t\t\t\t\t\t\t<div class=\"info-box-inner reset-last-child\"><p>&#x25fc; Ibiza III 2002 &#8211; 2008<br \/>\n&#x25fc; Alhambra 1996 &#8211; 2008<br \/>\n&#x25fc; Leon 1999 &#8211; 2005<br \/>\n&#x25fc; Toledo 1999 &#8211; 2004<br \/>\n&#x25fc; Cordoba 2002 &#8211; 2008<\/p>\n<\/div>\n\n\t\t\t\t\t\t\t\t\t\t\t<\/div>\n\n\t\t\t\t\t\n\t\t\t\t\t\t\t\t\t<\/div>\n\t\t\t<\/div>\n\t\t<\/div><\/div><\/div><\/div><div class=\"vc_row-full-width vc_clearfix\"><\/div><div class=\"vc_row wpb_row vc_row-fluid vc_custom_1669037021051 wd-rs-637b7bd950bb2\"><div class=\"wpb_column vc_column_container vc_col-sm-12 wd-rs-64e73eb48a519\"><div class=\"vc_column-inner vc_custom_1692876472569\"><div class=\"wpb_wrapper\">\t\t<div id=\"wd-68fb1a492e89d\" class=\"wd-text-block wd-wpb reset-last-child wd-rs-68fb1a492e89d text-left vc_custom_1761287549751\">\n\t\t\t<p>Pami\u0119taj \u2014 aby radio by\u0142o <strong data-start=\"178\" data-end=\"228\">w pe\u0142ni kompatybilne z Twoim modelem samochodu<\/strong>, nale\u017cy <strong data-start=\"237\" data-end=\"270\">dokupi\u0107 odpowiednie akcesoria<\/strong>, takie jak ramka maskuj\u0105ca, kiesze\u0144 monta\u017cowa i adapter antenowy.<\/p>\n\t\t<\/div>\n\t\t<div class=\"vc_row wpb_row vc_inner vc_row-fluid vc_custom_1669036907270 wd-rs-637b7b648ced8\"><div class=\"wpb_column vc_column_container vc_col-sm-4 vc_col-xs-4 wd-rs-690dc16dc5fa1\"><div class=\"vc_column-inner vc_custom_1762509175582\"><div class=\"wpb_wrapper\">\t\t<div id=\"wd-68fa2e3c5ab6e\" class=\"wd-image wd-wpb wd-rs-68fa2e3c5ab6e text-left \">\n\t\t\t\n\t\t\t<img loading=\"lazy\" decoding=\"async\" width=\"2000\" height=\"2000\" src=\"https:\/\/outlet.newcarsolutions.pl\/wp-content\/uploads\/2025\/10\/ramka.webp\" class=\"attachment-medium size-medium\" alt=\"\" srcset=\"https:\/\/outlet.newcarsolutions.pl\/wp-content\/uploads\/2025\/10\/ramka.webp 2000w, https:\/\/outlet.newcarsolutions.pl\/wp-content\/uploads\/2025\/10\/ramka-600x600.webp 600w, https:\/\/outlet.newcarsolutions.pl\/wp-content\/uploads\/2025\/10\/ramka-150x150.webp 150w, https:\/\/outlet.newcarsolutions.pl\/wp-content\/uploads\/2025\/10\/ramka-1200x1200.webp 1200w, https:\/\/outlet.newcarsolutions.pl\/wp-content\/uploads\/2025\/10\/ramka-768x768.webp 768w, https:\/\/outlet.newcarsolutions.pl\/wp-content\/uploads\/2025\/10\/ramka-1536x1536.webp 1536w\" sizes=\"auto, (max-width: 2000px) 100vw, 2000px\" \/>\n\t\t\t\t\t<\/div>\n\t\t<\/div><\/div><\/div><div class=\"wpb_column vc_column_container vc_col-sm-4 vc_col-xs-4 wd-rs-690dc1780931a\"><div class=\"vc_column-inner vc_custom_1762509184558\"><div class=\"wpb_wrapper\">\t\t<div id=\"wd-68fa2e3c5ab6e\" class=\"wd-image wd-wpb wd-rs-68fa2e3c5ab6e text-left \">\n\t\t\t\n\t\t\t<img loading=\"lazy\" decoding=\"async\" width=\"2050\" height=\"2050\" src=\"https:\/\/outlet.newcarsolutions.pl\/wp-content\/uploads\/2025\/10\/kieszen.webp\" class=\"attachment-medium size-medium\" alt=\"\" srcset=\"https:\/\/outlet.newcarsolutions.pl\/wp-content\/uploads\/2025\/10\/kieszen.webp 2050w, https:\/\/outlet.newcarsolutions.pl\/wp-content\/uploads\/2025\/10\/kieszen-600x600.webp 600w, https:\/\/outlet.newcarsolutions.pl\/wp-content\/uploads\/2025\/10\/kieszen-150x150.webp 150w, https:\/\/outlet.newcarsolutions.pl\/wp-content\/uploads\/2025\/10\/kieszen-1200x1200.webp 1200w, https:\/\/outlet.newcarsolutions.pl\/wp-content\/uploads\/2025\/10\/kieszen-768x768.webp 768w, https:\/\/outlet.newcarsolutions.pl\/wp-content\/uploads\/2025\/10\/kieszen-1536x1536.webp 1536w, https:\/\/outlet.newcarsolutions.pl\/wp-content\/uploads\/2025\/10\/kieszen-2048x2048.webp 2048w\" sizes=\"auto, (max-width: 2050px) 100vw, 2050px\" \/>\n\t\t\t\t\t<\/div>\n\t\t<\/div><\/div><\/div><div class=\"wpb_column vc_column_container vc_col-sm-4 vc_col-xs-4 wd-rs-690dc181b6550\"><div class=\"vc_column-inner vc_custom_1762509194064\"><div class=\"wpb_wrapper\">\t\t<div id=\"wd-68fa2e3c5ab6e\" class=\"wd-image wd-wpb wd-rs-68fa2e3c5ab6e text-left \">\n\t\t\t\n\t\t\t<img loading=\"lazy\" decoding=\"async\" width=\"1000\" height=\"1000\" src=\"https:\/\/outlet.newcarsolutions.pl\/wp-content\/uploads\/2025\/10\/isodin.webp\" class=\"attachment-medium size-medium\" alt=\"\" srcset=\"https:\/\/outlet.newcarsolutions.pl\/wp-content\/uploads\/2025\/10\/isodin.webp 1000w, https:\/\/outlet.newcarsolutions.pl\/wp-content\/uploads\/2025\/10\/isodin-600x600.webp 600w, https:\/\/outlet.newcarsolutions.pl\/wp-content\/uploads\/2025\/10\/isodin-150x150.webp 150w, https:\/\/outlet.newcarsolutions.pl\/wp-content\/uploads\/2025\/10\/isodin-768x768.webp 768w\" sizes=\"auto, (max-width: 1000px) 100vw, 1000px\" \/>\n\t\t\t\t\t<\/div>\n\t\t<\/div><\/div><\/div><\/div><\/div><\/div><\/div><\/div><div class=\"vc_row wpb_row vc_row-fluid\"><div class=\"wpb_column vc_column_container vc_col-sm-12\"><div class=\"vc_column-inner\"><div class=\"wpb_wrapper\">\n\t\t<div id=\"wd-68fb65b593606\" class=\"title-wrapper wd-wpb wd-set-mb reset-last-child  wd-rs-68fb65b593606 wd-title-color-default wd-title-style-default text-center  wd-underline-colored\">\n\t\t\t\n\t\t\t<div class=\"liner-continer\">\n\t\t\t\t<h4 class=\"woodmart-title-container title  wd-font-weight- wd-fontsize-l\" >Zawarto\u015b\u0107 zestawu<\/h4>\n\t\t\t\t\t\t\t<\/div>\n\t\t\t\n\t\t\t\n\t\t\t\n\t\t<\/div>\n\t\t\n\t\t<div class=\"vc_row wpb_row vc_inner vc_row-fluid vc_row-o-content-middle vc_row-flex wd-rs-68fb670505de8\"><div class=\"wpb_column vc_column_container vc_col-sm-6\"><div class=\"vc_column-inner\"><div class=\"wpb_wrapper\">\n\t\t<ul class=\" wd-rs-68fb662525725 wd-list wd-wpb color-scheme- wd-fontsize-s wd-type-icon wd-style-default text-center \" id=\"wd-68fb662525725\">\n\t\t\t\t\t\t\t\t\t\t\t<li>\n\t\t\t\t\t<span class=\"wd-icon fa fa-solid fa-angle-right\"><\/span>\n\t\t\t\t\t<span class=\"wd-list-content list-content\">\n\t\t\t\t\t\t\t\t\t\t\t\t\tRadio NCS RS-302\t\t\t\t\t\t\t\t\t\t\t<\/span>\n\t\t\t\t<\/li>\n\t\t\t\t\t\t\t\t\t\t\t<li>\n\t\t\t\t\t<span class=\"wd-icon fa fa-solid fa-angle-right\"><\/span>\n\t\t\t\t\t<span class=\"wd-list-content list-content\">\n\t\t\t\t\t\t\t\t\t\t\t\t\tPolska, instrukcja obs\u0142ugi\n\t\t\t\t\t\t\t\t\t\t\t<\/span>\n\t\t\t\t<\/li>\n\t\t\t\t\t\t\t\t\t\t\t<li>\n\t\t\t\t\t<span class=\"wd-icon fa fa-solid fa-angle-right\"><\/span>\n\t\t\t\t\t<span class=\"wd-list-content list-content\">\n\t\t\t\t\t\t\t\t\t\t\t\t\tPrzewody zasilaj\u0105ce i sygna\u0142owe\t\t\t\t\t\t\t\t\t\t\t<\/span>\n\t\t\t\t<\/li>\n\t\t\t\t\t\t\t\t\t\t\t<li>\n\t\t\t\t\t<span class=\"wd-icon fa fa-solid fa-angle-right\"><\/span>\n\t\t\t\t\t<span class=\"wd-list-content list-content\">\n\t\t\t\t\t\t\t\t\t\t\t\t\tBlaszki monta\u017cowe\n\t\t\t\t\t\t\t\t\t\t\t<\/span>\n\t\t\t\t<\/li>\n\t\t\t\t\t\t\t\t\t\t\t<li>\n\t\t\t\t\t<span class=\"wd-icon fa fa-solid fa-angle-right\"><\/span>\n\t\t\t\t\t<span class=\"wd-list-content list-content\">\n\t\t\t\t\t\t\t\t\t\t\t\t\tBezprzewodowy pilot\n\n\t\t\t\t\t\t\t\t\t\t\t<\/span>\n\t\t\t\t<\/li>\n\t\t\t\t\t\t\t\t\t\t\t<li>\n\t\t\t\t\t<span class=\"wd-icon fa fa-solid fa-angle-right\"><\/span>\n\t\t\t\t\t<span class=\"wd-list-content list-content\">\n\t\t\t\t\t\t\t\t\t\t\t\t\t\u015arubki monta\u017cowe\t\t\t\t\t\t\t\t\t\t\t<\/span>\n\t\t\t\t<\/li>\n\t\t\t\t\t<\/ul>\n\t\t<\/div><\/div><\/div><div class=\"wpb_column vc_column_container vc_col-sm-6\"><div class=\"vc_column-inner\"><div class=\"wpb_wrapper\">\t\t<div id=\"wd-68fb66188ec22\" class=\"wd-image wd-wpb wd-rs-68fb66188ec22 text-left \">\n\t\t\t\n\t\t\t<img loading=\"lazy\" decoding=\"async\" width=\"1000\" height=\"1000\" src=\"https:\/\/outlet.newcarsolutions.pl\/wp-content\/uploads\/2025\/10\/rs-302.webp\" class=\"attachment-medium size-medium\" alt=\"\" srcset=\"https:\/\/outlet.newcarsolutions.pl\/wp-content\/uploads\/2025\/10\/rs-302.webp 1000w, https:\/\/outlet.newcarsolutions.pl\/wp-content\/uploads\/2025\/10\/rs-302-600x600.webp 600w, https:\/\/outlet.newcarsolutions.pl\/wp-content\/uploads\/2025\/10\/rs-302-150x150.webp 150w, https:\/\/outlet.newcarsolutions.pl\/wp-content\/uploads\/2025\/10\/rs-302-768x768.webp 768w, https:\/\/outlet.newcarsolutions.pl\/wp-content\/uploads\/2025\/10\/rs-302-64x64.webp 64w\" sizes=\"auto, (max-width: 1000px) 100vw, 1000px\" \/>\n\t\t\t\t\t<\/div>\n\t\t<\/div><\/div><\/div><\/div><\/div><\/div><\/div><\/div>\n<\/div>","protected":false},"excerpt":{"rendered":"Radio Samochodowe NCS RS-302 Je\u015bli chcesz zapozna\u0107 si\u0119 ze funkcjami stacji multimedialnej, sprawd\u017a nasz\u0105 standardow\u0105 ofert\u0119 &gt;&gt;&gt; Kliknij tutaj, aby","protected":false},"featured_media":1319,"comment_status":"open","ping_status":"closed","template":"","meta":[],"product_brand":[],"product_cat":[141],"product_tag":[],"class_list":{"0":"post-1169","1":"product","2":"type-product","3":"status-publish","4":"has-post-thumbnail","6":"product_cat-radio-samochodowe","8":"first","9":"instock","10":"taxable","11":"shipping-taxable","12":"purchasable","13":"product-type-simple"},"_links":{"self":[{"href":"https:\/\/outlet.newcarsolutions.pl\/en\/wp-json\/wp\/v2\/product\/1169","targetHints":{"allow":["GET"]}}],"collection":[{"href":"https:\/\/outlet.newcarsolutions.pl\/en\/wp-json\/wp\/v2\/product"}],"about":[{"href":"https:\/\/outlet.newcarsolutions.pl\/en\/wp-json\/wp\/v2\/types\/product"}],"replies":[{"embeddable":true,"href":"https:\/\/outlet.newcarsolutions.pl\/en\/wp-json\/wp\/v2\/comments?post=1169"}],"wp:featuredmedia":[{"embeddable":true,"href":"https:\/\/outlet.newcarsolutions.pl\/en\/wp-json\/wp\/v2\/media\/1319"}],"wp:attachment":[{"href":"https:\/\/outlet.newcarsolutions.pl\/en\/wp-json\/wp\/v2\/media?parent=1169"}],"wp:term":[{"taxonomy":"product_brand","embeddable":true,"href":"https:\/\/outlet.newcarsolutions.pl\/en\/wp-json\/wp\/v2\/product_brand?post=1169"},{"taxonomy":"product_cat","embeddable":true,"href":"https:\/\/outlet.newcarsolutions.pl\/en\/wp-json\/wp\/v2\/product_cat?post=1169"},{"taxonomy":"product_tag","embeddable":true,"href":"https:\/\/outlet.newcarsolutions.pl\/en\/wp-json\/wp\/v2\/product_tag?post=1169"}],"curies":[{"name":"wp","href":"https:\/\/api.w.org\/{rel}","templated":true}]}}