{"id":1449,"date":"2025-10-27T15:00:08","date_gmt":"2025-10-27T14:00:08","guid":{"rendered":"https:\/\/outlet.newcarsolutions.pl\/?post_type=product&#038;p=1449"},"modified":"2026-02-05T09:56:19","modified_gmt":"2026-02-05T08:56:19","slug":"radio-samochodowe-ncs-rs-407s","status":"publish","type":"product","link":"https:\/\/outlet.newcarsolutions.pl\/en\/product\/radio-samochodowe-ncs-rs-407s\/","title":{"rendered":"Radio NCS RS-407S"},"content":{"rendered":"<div class=\"wpb-content-wrapper\"><div class=\"vc_row wpb_row vc_row-fluid\"><div class=\"wpb_column vc_column_container vc_col-sm-12\"><div class=\"vc_column-inner\"><div class=\"wpb_wrapper\">\t\t<div id=\"wd-69493665aa45c\" class=\"wd-image wd-wpb wd-rs-69493665aa45c text-center \">\n\t\t\t\n\t\t\t<img loading=\"lazy\" decoding=\"async\" width=\"1020\" height=\"148\" src=\"https:\/\/outlet.newcarsolutions.pl\/wp-content\/uploads\/2025\/10\/logo-outlet-aukcje1.webp\" class=\"attachment-medium size-medium\" alt=\"\" srcset=\"https:\/\/outlet.newcarsolutions.pl\/wp-content\/uploads\/2025\/10\/logo-outlet-aukcje1.webp 1020w, https:\/\/outlet.newcarsolutions.pl\/wp-content\/uploads\/2025\/10\/logo-outlet-aukcje1-768x111.webp 768w, https:\/\/outlet.newcarsolutions.pl\/wp-content\/uploads\/2025\/10\/logo-outlet-aukcje1-18x3.webp 18w, https:\/\/outlet.newcarsolutions.pl\/wp-content\/uploads\/2025\/10\/logo-outlet-aukcje1-150x22.webp 150w\" sizes=\"auto, (max-width: 1020px) 100vw, 1020px\" \/>\n\t\t\t\t\t<\/div>\n\t\t<\/div><\/div><\/div><\/div><div class=\"vc_row wpb_row vc_row-fluid wd-rs-68fa2c9d578df\"><div class=\"wpb_column vc_column_container vc_col-sm-12 wd-rs-63514c8260958\"><div class=\"vc_column-inner vc_custom_1666272391679\"><div class=\"wpb_wrapper\">\n\t\t<div id=\"wd-68ff7bb5a7de7\" class=\"title-wrapper wd-wpb wd-set-mb reset-last-child  wd-rs-68ff7bb5a7de7 wd-title-color-default wd-title-style-default text-center  wd-underline-colored\">\n\t\t\t\n\t\t\t<div class=\"liner-continer\">\n\t\t\t\t<h4 class=\"woodmart-title-container title  wd-font-weight- wd-fontsize-l\" >Radio Samochodowe<\/h4>\n\t\t\t\t\t\t\t<\/div>\n\t\t\t\n\t\t\t\t\t\t\t<div class=\"title-after_title reset-last-child  wd-fontsize-xs\">NCS RS-407S<\/div>\n\t\t\t\n\t\t\t\n\t\t<\/div>\n\t\t\n\t\t\t\t<div id=\"wd-6901d2a3baaf3\" class=\"wd-text-block wd-wpb reset-last-child wd-rs-6901d2a3baaf3 text-left vc_custom_1761727192693\">\n\t\t\t<p style=\"text-align: center;\">Je\u015bli chcesz zapozna\u0107 si\u0119 ze <strong>funkcjami stacji multimedialnej<\/strong>, sprawd\u017a nasz\u0105 standardow\u0105 ofert\u0119<br \/>\n<a class=\"decorated-link\" href=\"https:\/\/newcarsolutions.pl\/sklep\/produkt\/radio-android-ncs-rs-407s-do-opel-astra-2004-2011-srebrne\/\" rel=\"noopener\">&gt;&gt;&gt; Kliknij tutaj, aby zobaczy\u0107 pe\u0142n\u0105 ofert\u0119 radia<\/a><\/p>\n\t\t<\/div>\n\t\t<\/div><\/div><\/div><\/div><div class=\"vc_row wpb_row vc_row-fluid wd-rs-6351519a61682\"><div class=\"wpb_column vc_column_container vc_col-sm-12\"><div class=\"vc_column-inner\"><div class=\"wpb_wrapper\">\n\t\t<div id=\"wd-68fa1fc556dbe\" class=\"title-wrapper wd-wpb wd-set-mb reset-last-child  wd-rs-68fa1fc556dbe wd-title-color-default wd-title-style-default text-center vc_custom_1761223438823 wd-underline-colored\">\n\t\t\t\n\t\t\t<div class=\"liner-continer\">\n\t\t\t\t<h4 class=\"woodmart-title-container title  wd-font-weight- wd-fontsize-m\" >Przyk\u0142adowy wygl\u0105d produkt\u00f3w OUTLET<\/h4>\n\t\t\t\t\t\t\t<\/div>\n\t\t\t\n\t\t\t\n\t\t\t\n\t\t<\/div>\n\t\t\n\t\t\t\t<div id=\"wd-68ff1d8085381\" class=\"wd-text-block wd-wpb reset-last-child wd-rs-68ff1d8085381 text-left vc_custom_1761549703166\">\n\t\t\t<p style=\"text-align: center;\" data-start=\"116\" data-end=\"335\">Poni\u017cej przedstawiono <strong data-start=\"254\" data-end=\"281\">przyk\u0142adowe uszkodzenia<\/strong>, jakie mog\u0105 wyst\u0119powa\u0107:<\/p>\n<p>&#x25fc; zarysowania lub przetarcia obudowy,<br \/>\n&#x25fc; minimalne uszkodzenia plastikowych element\u00f3w,<br \/>\n&#x25fc; delikatne rysy na ekranie,<\/p>\n\t\t<\/div>\n\t\t<div class=\"wpb_gallery wpb_content_element vc_clearfix\" ><div class=\"wpb_wrapper\"><div class=\"wpb_gallery_slides wpb_flexslider flexslider_fade flexslider\" data-interval=\"10\" data-flex_fx=\"fade\"><ul class=\"slides\"><li><a class=\"\" href=\"https:\/\/outlet.newcarsolutions.pl\/wp-content\/uploads\/2025\/10\/RS407S-8.webp\" data-lightbox=\"lightbox[rel-1449-1880643318]\"><img loading=\"lazy\" decoding=\"async\" width=\"1000\" height=\"1000\" src=\"https:\/\/outlet.newcarsolutions.pl\/wp-content\/uploads\/2025\/10\/RS407S-8.webp\" class=\"attachment-full\" alt=\"\" title=\"RS407S-8\" srcset=\"https:\/\/outlet.newcarsolutions.pl\/wp-content\/uploads\/2025\/10\/RS407S-8.webp 1000w, https:\/\/outlet.newcarsolutions.pl\/wp-content\/uploads\/2025\/10\/RS407S-8-600x600.webp 600w, https:\/\/outlet.newcarsolutions.pl\/wp-content\/uploads\/2025\/10\/RS407S-8-150x150.webp 150w, https:\/\/outlet.newcarsolutions.pl\/wp-content\/uploads\/2025\/10\/RS407S-8-768x768.webp 768w\" sizes=\"auto, (max-width: 1000px) 100vw, 1000px\" \/><\/a><\/li><li><a class=\"\" href=\"https:\/\/outlet.newcarsolutions.pl\/wp-content\/uploads\/2025\/10\/RS407S-6.webp\" data-lightbox=\"lightbox[rel-1449-1880643318]\"><img loading=\"lazy\" decoding=\"async\" width=\"1000\" height=\"1000\" src=\"https:\/\/outlet.newcarsolutions.pl\/wp-content\/uploads\/2025\/10\/RS407S-6.webp\" class=\"attachment-full\" alt=\"\" title=\"RS407S-6\" srcset=\"https:\/\/outlet.newcarsolutions.pl\/wp-content\/uploads\/2025\/10\/RS407S-6.webp 1000w, https:\/\/outlet.newcarsolutions.pl\/wp-content\/uploads\/2025\/10\/RS407S-6-600x600.webp 600w, https:\/\/outlet.newcarsolutions.pl\/wp-content\/uploads\/2025\/10\/RS407S-6-150x150.webp 150w, https:\/\/outlet.newcarsolutions.pl\/wp-content\/uploads\/2025\/10\/RS407S-6-768x768.webp 768w\" sizes=\"auto, (max-width: 1000px) 100vw, 1000px\" \/><\/a><\/li><li><a class=\"\" href=\"https:\/\/outlet.newcarsolutions.pl\/wp-content\/uploads\/2025\/10\/6.webp\" data-lightbox=\"lightbox[rel-1449-1880643318]\"><img loading=\"lazy\" decoding=\"async\" width=\"1000\" height=\"1000\" src=\"https:\/\/outlet.newcarsolutions.pl\/wp-content\/uploads\/2025\/10\/6.webp\" class=\"attachment-full\" alt=\"\" title=\"6\" srcset=\"https:\/\/outlet.newcarsolutions.pl\/wp-content\/uploads\/2025\/10\/6.webp 1000w, https:\/\/outlet.newcarsolutions.pl\/wp-content\/uploads\/2025\/10\/6-600x600.webp 600w, https:\/\/outlet.newcarsolutions.pl\/wp-content\/uploads\/2025\/10\/6-150x150.webp 150w, https:\/\/outlet.newcarsolutions.pl\/wp-content\/uploads\/2025\/10\/6-768x768.webp 768w\" sizes=\"auto, (max-width: 1000px) 100vw, 1000px\" \/><\/a><\/li><li><a class=\"\" href=\"https:\/\/outlet.newcarsolutions.pl\/wp-content\/uploads\/2025\/10\/5.webp\" data-lightbox=\"lightbox[rel-1449-1880643318]\"><img loading=\"lazy\" decoding=\"async\" width=\"1000\" height=\"1000\" src=\"https:\/\/outlet.newcarsolutions.pl\/wp-content\/uploads\/2025\/10\/5.webp\" class=\"attachment-full\" alt=\"\" title=\"5\" srcset=\"https:\/\/outlet.newcarsolutions.pl\/wp-content\/uploads\/2025\/10\/5.webp 1000w, https:\/\/outlet.newcarsolutions.pl\/wp-content\/uploads\/2025\/10\/5-600x600.webp 600w, https:\/\/outlet.newcarsolutions.pl\/wp-content\/uploads\/2025\/10\/5-150x150.webp 150w, https:\/\/outlet.newcarsolutions.pl\/wp-content\/uploads\/2025\/10\/5-768x768.webp 768w\" sizes=\"auto, (max-width: 1000px) 100vw, 1000px\" \/><\/a><\/li><li><a class=\"\" href=\"https:\/\/outlet.newcarsolutions.pl\/wp-content\/uploads\/2025\/10\/4.webp\" data-lightbox=\"lightbox[rel-1449-1880643318]\"><img loading=\"lazy\" decoding=\"async\" width=\"1000\" height=\"1000\" src=\"https:\/\/outlet.newcarsolutions.pl\/wp-content\/uploads\/2025\/10\/4.webp\" class=\"attachment-full\" alt=\"\" title=\"4\" srcset=\"https:\/\/outlet.newcarsolutions.pl\/wp-content\/uploads\/2025\/10\/4.webp 1000w, https:\/\/outlet.newcarsolutions.pl\/wp-content\/uploads\/2025\/10\/4-600x600.webp 600w, https:\/\/outlet.newcarsolutions.pl\/wp-content\/uploads\/2025\/10\/4-150x150.webp 150w, https:\/\/outlet.newcarsolutions.pl\/wp-content\/uploads\/2025\/10\/4-768x768.webp 768w\" sizes=\"auto, (max-width: 1000px) 100vw, 1000px\" \/><\/a><\/li><li><a class=\"\" href=\"https:\/\/outlet.newcarsolutions.pl\/wp-content\/uploads\/2025\/10\/3.webp\" data-lightbox=\"lightbox[rel-1449-1880643318]\"><img loading=\"lazy\" decoding=\"async\" width=\"1000\" height=\"1000\" src=\"https:\/\/outlet.newcarsolutions.pl\/wp-content\/uploads\/2025\/10\/3.webp\" class=\"attachment-full\" alt=\"\" title=\"3\" srcset=\"https:\/\/outlet.newcarsolutions.pl\/wp-content\/uploads\/2025\/10\/3.webp 1000w, https:\/\/outlet.newcarsolutions.pl\/wp-content\/uploads\/2025\/10\/3-600x600.webp 600w, https:\/\/outlet.newcarsolutions.pl\/wp-content\/uploads\/2025\/10\/3-150x150.webp 150w, https:\/\/outlet.newcarsolutions.pl\/wp-content\/uploads\/2025\/10\/3-768x768.webp 768w\" sizes=\"auto, (max-width: 1000px) 100vw, 1000px\" \/><\/a><\/li><li><a class=\"\" href=\"https:\/\/outlet.newcarsolutions.pl\/wp-content\/uploads\/2025\/10\/2.webp\" data-lightbox=\"lightbox[rel-1449-1880643318]\"><img loading=\"lazy\" decoding=\"async\" width=\"1000\" height=\"1000\" src=\"https:\/\/outlet.newcarsolutions.pl\/wp-content\/uploads\/2025\/10\/2.webp\" class=\"attachment-full\" alt=\"\" title=\"2\" srcset=\"https:\/\/outlet.newcarsolutions.pl\/wp-content\/uploads\/2025\/10\/2.webp 1000w, https:\/\/outlet.newcarsolutions.pl\/wp-content\/uploads\/2025\/10\/2-600x600.webp 600w, https:\/\/outlet.newcarsolutions.pl\/wp-content\/uploads\/2025\/10\/2-150x150.webp 150w, https:\/\/outlet.newcarsolutions.pl\/wp-content\/uploads\/2025\/10\/2-768x768.webp 768w\" sizes=\"auto, (max-width: 1000px) 100vw, 1000px\" \/><\/a><\/li><li><a class=\"\" href=\"https:\/\/outlet.newcarsolutions.pl\/wp-content\/uploads\/2025\/10\/1.webp\" data-lightbox=\"lightbox[rel-1449-1880643318]\"><img loading=\"lazy\" decoding=\"async\" width=\"1000\" height=\"1000\" src=\"https:\/\/outlet.newcarsolutions.pl\/wp-content\/uploads\/2025\/10\/1.webp\" class=\"attachment-full\" alt=\"\" title=\"1\" srcset=\"https:\/\/outlet.newcarsolutions.pl\/wp-content\/uploads\/2025\/10\/1.webp 1000w, https:\/\/outlet.newcarsolutions.pl\/wp-content\/uploads\/2025\/10\/1-600x600.webp 600w, https:\/\/outlet.newcarsolutions.pl\/wp-content\/uploads\/2025\/10\/1-150x150.webp 150w, https:\/\/outlet.newcarsolutions.pl\/wp-content\/uploads\/2025\/10\/1-768x768.webp 768w\" sizes=\"auto, (max-width: 1000px) 100vw, 1000px\" \/><\/a><\/li><li><a class=\"\" href=\"https:\/\/outlet.newcarsolutions.pl\/wp-content\/uploads\/2025\/10\/RS407S-7.webp\" data-lightbox=\"lightbox[rel-1449-1880643318]\"><img loading=\"lazy\" decoding=\"async\" width=\"1000\" height=\"1000\" src=\"https:\/\/outlet.newcarsolutions.pl\/wp-content\/uploads\/2025\/10\/RS407S-7.webp\" class=\"attachment-full\" alt=\"\" title=\"RS407S-7\" srcset=\"https:\/\/outlet.newcarsolutions.pl\/wp-content\/uploads\/2025\/10\/RS407S-7.webp 1000w, https:\/\/outlet.newcarsolutions.pl\/wp-content\/uploads\/2025\/10\/RS407S-7-600x600.webp 600w, https:\/\/outlet.newcarsolutions.pl\/wp-content\/uploads\/2025\/10\/RS407S-7-150x150.webp 150w, https:\/\/outlet.newcarsolutions.pl\/wp-content\/uploads\/2025\/10\/RS407S-7-768x768.webp 768w\" sizes=\"auto, (max-width: 1000px) 100vw, 1000px\" \/><\/a><\/li><li><a class=\"\" href=\"https:\/\/outlet.newcarsolutions.pl\/wp-content\/uploads\/2025\/10\/RS407S-5.webp\" data-lightbox=\"lightbox[rel-1449-1880643318]\"><img loading=\"lazy\" decoding=\"async\" width=\"1000\" height=\"1000\" src=\"https:\/\/outlet.newcarsolutions.pl\/wp-content\/uploads\/2025\/10\/RS407S-5.webp\" class=\"attachment-full\" alt=\"\" title=\"RS407S-5\" srcset=\"https:\/\/outlet.newcarsolutions.pl\/wp-content\/uploads\/2025\/10\/RS407S-5.webp 1000w, https:\/\/outlet.newcarsolutions.pl\/wp-content\/uploads\/2025\/10\/RS407S-5-600x600.webp 600w, https:\/\/outlet.newcarsolutions.pl\/wp-content\/uploads\/2025\/10\/RS407S-5-150x150.webp 150w, https:\/\/outlet.newcarsolutions.pl\/wp-content\/uploads\/2025\/10\/RS407S-5-768x768.webp 768w\" sizes=\"auto, (max-width: 1000px) 100vw, 1000px\" \/><\/a><\/li><li><a class=\"\" href=\"https:\/\/outlet.newcarsolutions.pl\/wp-content\/uploads\/2025\/10\/RS407S-4.webp\" data-lightbox=\"lightbox[rel-1449-1880643318]\"><img loading=\"lazy\" decoding=\"async\" width=\"1000\" height=\"1000\" src=\"https:\/\/outlet.newcarsolutions.pl\/wp-content\/uploads\/2025\/10\/RS407S-4.webp\" class=\"attachment-full\" alt=\"\" title=\"RS407S-4\" srcset=\"https:\/\/outlet.newcarsolutions.pl\/wp-content\/uploads\/2025\/10\/RS407S-4.webp 1000w, https:\/\/outlet.newcarsolutions.pl\/wp-content\/uploads\/2025\/10\/RS407S-4-600x600.webp 600w, https:\/\/outlet.newcarsolutions.pl\/wp-content\/uploads\/2025\/10\/RS407S-4-150x150.webp 150w, https:\/\/outlet.newcarsolutions.pl\/wp-content\/uploads\/2025\/10\/RS407S-4-768x768.webp 768w\" sizes=\"auto, (max-width: 1000px) 100vw, 1000px\" \/><\/a><\/li><li><a class=\"\" href=\"https:\/\/outlet.newcarsolutions.pl\/wp-content\/uploads\/2025\/10\/RS407S-3.webp\" data-lightbox=\"lightbox[rel-1449-1880643318]\"><img loading=\"lazy\" decoding=\"async\" width=\"1000\" height=\"1000\" src=\"https:\/\/outlet.newcarsolutions.pl\/wp-content\/uploads\/2025\/10\/RS407S-3.webp\" class=\"attachment-full\" alt=\"\" title=\"RS407S-3\" srcset=\"https:\/\/outlet.newcarsolutions.pl\/wp-content\/uploads\/2025\/10\/RS407S-3.webp 1000w, https:\/\/outlet.newcarsolutions.pl\/wp-content\/uploads\/2025\/10\/RS407S-3-600x600.webp 600w, https:\/\/outlet.newcarsolutions.pl\/wp-content\/uploads\/2025\/10\/RS407S-3-150x150.webp 150w, https:\/\/outlet.newcarsolutions.pl\/wp-content\/uploads\/2025\/10\/RS407S-3-768x768.webp 768w\" sizes=\"auto, (max-width: 1000px) 100vw, 1000px\" \/><\/a><\/li><li><a class=\"\" href=\"https:\/\/outlet.newcarsolutions.pl\/wp-content\/uploads\/2025\/10\/RS407S-2.webp\" data-lightbox=\"lightbox[rel-1449-1880643318]\"><img loading=\"lazy\" decoding=\"async\" width=\"1000\" height=\"1000\" src=\"https:\/\/outlet.newcarsolutions.pl\/wp-content\/uploads\/2025\/10\/RS407S-2.webp\" class=\"attachment-full\" alt=\"\" title=\"RS407S-2\" srcset=\"https:\/\/outlet.newcarsolutions.pl\/wp-content\/uploads\/2025\/10\/RS407S-2.webp 1000w, https:\/\/outlet.newcarsolutions.pl\/wp-content\/uploads\/2025\/10\/RS407S-2-600x600.webp 600w, https:\/\/outlet.newcarsolutions.pl\/wp-content\/uploads\/2025\/10\/RS407S-2-150x150.webp 150w, https:\/\/outlet.newcarsolutions.pl\/wp-content\/uploads\/2025\/10\/RS407S-2-768x768.webp 768w\" sizes=\"auto, (max-width: 1000px) 100vw, 1000px\" \/><\/a><\/li><li><a class=\"\" href=\"https:\/\/outlet.newcarsolutions.pl\/wp-content\/uploads\/2025\/10\/RS407S-1.webp\" data-lightbox=\"lightbox[rel-1449-1880643318]\"><img loading=\"lazy\" decoding=\"async\" width=\"1000\" height=\"1000\" src=\"https:\/\/outlet.newcarsolutions.pl\/wp-content\/uploads\/2025\/10\/RS407S-1.webp\" class=\"attachment-full\" alt=\"\" title=\"RS407S-1\" srcset=\"https:\/\/outlet.newcarsolutions.pl\/wp-content\/uploads\/2025\/10\/RS407S-1.webp 1000w, https:\/\/outlet.newcarsolutions.pl\/wp-content\/uploads\/2025\/10\/RS407S-1-600x600.webp 600w, https:\/\/outlet.newcarsolutions.pl\/wp-content\/uploads\/2025\/10\/RS407S-1-150x150.webp 150w, https:\/\/outlet.newcarsolutions.pl\/wp-content\/uploads\/2025\/10\/RS407S-1-768x768.webp 768w\" sizes=\"auto, (max-width: 1000px) 100vw, 1000px\" \/><\/a><\/li><\/ul><\/div><\/div><\/div>\t\t<div id=\"wd-68ff1dc3cdbc8\" class=\"wd-text-block wd-wpb reset-last-child wd-rs-68ff1dc3cdbc8 text-left \">\n\t\t\t<p>Zdj\u0119cia w ofercie <strong data-start=\"539\" data-end=\"584\">nie przedstawiaj\u0105 konkretnego egzemplarza<\/strong>, lecz pokazuj\u0105 <strong data-start=\"600\" data-end=\"650\">przyk\u0142adowy stan wizualny modeli outletowych<\/strong>.<br data-start=\"651\" data-end=\"654\" \/>Ka\u017cde radio zosta\u0142o <strong data-start=\"674\" data-end=\"714\">dok\u0142adnie sprawdzone i przetestowane<\/strong>, dzi\u0119ki czemu masz pewno\u015b\u0107, \u017ce <strong data-start=\"746\" data-end=\"773\">dzia\u0142a w 100% poprawnie<\/strong> \u2014 r\u00f3\u017cnice dotycz\u0105 wy\u0142\u0105cznie wygl\u0105du zewn\u0119trznego.<\/p>\n\t\t<\/div>\n\t\t<\/div><\/div><\/div><\/div><div data-vc-full-width=\"true\" data-vc-full-width-temp=\"true\" data-vc-full-width-init=\"false\" class=\"vc_row wpb_row vc_row-fluid wd-rs-68fb1d8e6c94c\"><div class=\"wpb_column vc_column_container vc_col-sm-12\"><div class=\"vc_column-inner vc_custom_1506602551675\"><div class=\"wpb_wrapper\">\n\t\t<div id=\"wd-68fa2585f1868\" class=\"title-wrapper wd-wpb wd-set-mb reset-last-child  wd-rs-68fa2585f1868 wd-title-color-default wd-title-style-default text-center  wd-underline-colored\">\n\t\t\t\n\t\t\t<div class=\"liner-continer\">\n\t\t\t\t<h4 class=\"woodmart-title-container title  wd-font-weight- wd-fontsize-l\" >Kompatybilne modele samochod\u00f3w<\/h4>\n\t\t\t\t\t\t\t<\/div>\n\t\t\t\n\t\t\t\t\t\t\t<div class=\"title-after_title reset-last-child  wd-fontsize-xs\">Panel pasuje do radioodbiornik\u00f3w montowanych w nast\u0119puj\u0105cych modelach aut:<\/div>\n\t\t\t\n\t\t\t\n\t\t<\/div>\n\t\t\n\t\t<\/div><\/div><\/div><div class=\"wpb_column vc_column_container vc_col-sm-6\"><div class=\"vc_column-inner\"><div class=\"wpb_wrapper\">\t\t<div id=\"wd-68ff7992ac775\" class=\"wd-image wd-wpb wd-rs-68ff7992ac775 text-center vc_custom_1761573296397\">\n\t\t\t\n\t\t\t<img loading=\"lazy\" decoding=\"async\" width=\"280\" height=\"280\" src=\"https:\/\/outlet.newcarsolutions.pl\/wp-content\/uploads\/2025\/10\/pngegg-73-280x280.webp\" class=\"attachment-280x280 size-280x280\" alt=\"\" srcset=\"https:\/\/outlet.newcarsolutions.pl\/wp-content\/uploads\/2025\/10\/pngegg-73-280x280.webp 280w, https:\/\/outlet.newcarsolutions.pl\/wp-content\/uploads\/2025\/10\/pngegg-73-600x600.webp 600w, https:\/\/outlet.newcarsolutions.pl\/wp-content\/uploads\/2025\/10\/pngegg-73-300x300.webp 300w, https:\/\/outlet.newcarsolutions.pl\/wp-content\/uploads\/2025\/10\/pngegg-73-250x250.webp 250w\" sizes=\"auto, (max-width: 280px) 100vw, 280px\" \/>\n\t\t\t\t\t<\/div>\n\t\t<\/div><\/div><\/div><div class=\"wpb_column vc_column_container vc_col-sm-6\"><div class=\"vc_column-inner\"><div class=\"wpb_wrapper\">\t\t\t<div class=\"info-box-wrapper\">\n\t\t\t\t<div id=\"wd-68ff7931b3e76\" class=\" wd-rs-68ff7931b3e76 wd-info-box wd-wpb text-left box-icon-align-left box-style- color-scheme- wd-bg-none wd-items-top vc_custom_1761573247853\">\n\t\t\t\t\t\t\t\t\t\t<div class=\"info-box-content\">\n\t\t\t\t\t\t\t\t\t\t\t\t<div class=\"info-box-inner reset-last-child\"><p>&#x25fc; Astra H (2004 &#8211; 2011)<br \/>\n&#x25fc; Antara (2006 &#8211; 2011)<br \/>\n&#x25fc; Vectra C (2002 &#8211; 2008)<br \/>\n&#x25fc;\u00a0Corsa D (2006 &#8211; 2015)<br \/>\n&#x25fc;\u00a0Zafira (2005 &#8211; 2014)<br \/>\n&#x25fc;\u00a0Meriva (2004 &#8211; 2011)<br \/>\n&#x25fc;\u00a0Signum (2003 &#8211; 2008)<br \/>\n&#x25fc;\u00a0Combo (2001 &#8211; 2011)<br \/>\n&#x25fc;\u00a0Tigra (2004 &#8211; 2011)<br \/>\n&#x25fc; Vivaro (2001 &#8211; 2010)<\/p>\n<\/div>\n\n\t\t\t\t\t\t\t\t\t\t\t<\/div>\n\n\t\t\t\t\t\n\t\t\t\t\t\t\t\t\t<\/div>\n\t\t\t<\/div>\n\t\t<\/div><\/div><\/div><\/div><div class=\"vc_row-full-width vc_clearfix\"><\/div><div class=\"vc_row wpb_row vc_row-fluid\"><div class=\"wpb_column vc_column_container vc_col-sm-12\"><div class=\"vc_column-inner\"><div class=\"wpb_wrapper\">\n\t\t<div id=\"wd-68fb65b593606\" class=\"title-wrapper wd-wpb wd-set-mb reset-last-child  wd-rs-68fb65b593606 wd-title-color-default wd-title-style-default text-center  wd-underline-colored\">\n\t\t\t\n\t\t\t<div class=\"liner-continer\">\n\t\t\t\t<h4 class=\"woodmart-title-container title  wd-font-weight- wd-fontsize-l\" >Zawarto\u015b\u0107 zestawu<\/h4>\n\t\t\t\t\t\t\t<\/div>\n\t\t\t\n\t\t\t\n\t\t\t\n\t\t<\/div>\n\t\t\n\t\t<div class=\"vc_row wpb_row vc_inner vc_row-fluid vc_row-o-content-middle vc_row-flex wd-rs-68fb670505de8\"><div class=\"wpb_column vc_column_container vc_col-sm-6\"><div class=\"vc_column-inner\"><div class=\"wpb_wrapper\">\n\t\t<ul class=\" wd-rs-6901d386c6c06 wd-list wd-wpb color-scheme- wd-fontsize-s wd-type-icon wd-style-default text-center \" id=\"wd-6901d386c6c06\">\n\t\t\t\t\t\t\t\t\t\t\t<li>\n\t\t\t\t\t<span class=\"wd-icon fa fa-solid fa-angle-right\"><\/span>\n\t\t\t\t\t<span class=\"wd-list-content list-content\">\n\t\t\t\t\t\t\t\t\t\t\t\t\tRadio NCS RS-407S\t\t\t\t\t\t\t\t\t\t\t<\/span>\n\t\t\t\t<\/li>\n\t\t\t\t\t\t\t\t\t\t\t<li>\n\t\t\t\t\t<span class=\"wd-icon fa fa-solid fa-angle-right\"><\/span>\n\t\t\t\t\t<span class=\"wd-list-content list-content\">\n\t\t\t\t\t\t\t\t\t\t\t\t\tPrzewody zasilaj\u0105ce i sygna\u0142owe\t\t\t\t\t\t\t\t\t\t\t<\/span>\n\t\t\t\t<\/li>\n\t\t\t\t\t\t\t\t\t\t\t<li>\n\t\t\t\t\t<span class=\"wd-icon fa fa-solid fa-angle-right\"><\/span>\n\t\t\t\t\t<span class=\"wd-list-content list-content\">\n\t\t\t\t\t\t\t\t\t\t\t\t\tBlaszki monta\u017cowe\n\t\t\t\t\t\t\t\t\t\t\t<\/span>\n\t\t\t\t<\/li>\n\t\t\t\t\t\t\t\t\t\t\t<li>\n\t\t\t\t\t<span class=\"wd-icon fa fa-solid fa-angle-right\"><\/span>\n\t\t\t\t\t<span class=\"wd-list-content list-content\">\n\t\t\t\t\t\t\t\t\t\t\t\t\tDwa przewody USB\n\n\t\t\t\t\t\t\t\t\t\t\t<\/span>\n\t\t\t\t<\/li>\n\t\t\t\t\t\t\t\t\t\t\t<li>\n\t\t\t\t\t<span class=\"wd-icon fa fa-solid fa-angle-right\"><\/span>\n\t\t\t\t\t<span class=\"wd-list-content list-content\">\n\t\t\t\t\t\t\t\t\t\t\t\t\tModu\u0142 GPS\t\t\t\t\t\t\t\t\t\t\t<\/span>\n\t\t\t\t<\/li>\n\t\t\t\t\t\t\t\t\t\t\t<li>\n\t\t\t\t\t<span class=\"wd-icon fa fa-solid fa-angle-right\"><\/span>\n\t\t\t\t\t<span class=\"wd-list-content list-content\">\n\t\t\t\t\t\t\t\t\t\t\t\t\tPrzewody multifunkcyjne RCA\t\t\t\t\t\t\t\t\t\t\t<\/span>\n\t\t\t\t<\/li>\n\t\t\t\t\t\t\t\t\t\t\t<li>\n\t\t\t\t\t<span class=\"wd-icon fa fa-solid fa-angle-right\"><\/span>\n\t\t\t\t\t<span class=\"wd-list-content list-content\">\n\t\t\t\t\t\t\t\t\t\t\t\t\tPrzew\u00f3d kamery cofania z antenami Wi-Fi i BT\t\t\t\t\t\t\t\t\t\t\t<\/span>\n\t\t\t\t<\/li>\n\t\t\t\t\t\t\t\t\t\t\t<li>\n\t\t\t\t\t<span class=\"wd-icon fa fa-solid fa-angle-right\"><\/span>\n\t\t\t\t\t<span class=\"wd-list-content list-content\">\n\t\t\t\t\t\t\t\t\t\t\t\t\tModu\u0142 CAN-BUS\t\t\t\t\t\t\t\t\t\t\t<\/span>\n\t\t\t\t<\/li>\n\t\t\t\t\t\t\t\t\t\t\t<li>\n\t\t\t\t\t<span class=\"wd-icon fa fa-solid fa-angle-right\"><\/span>\n\t\t\t\t\t<span class=\"wd-list-content list-content\">\n\t\t\t\t\t\t\t\t\t\t\t\t\tAdapter antenowy\t\t\t\t\t\t\t\t\t\t\t<\/span>\n\t\t\t\t<\/li>\n\t\t\t\t\t<\/ul>\n\t\t<\/div><\/div><\/div><div class=\"wpb_column vc_column_container vc_col-sm-6\"><div class=\"vc_column-inner\"><div class=\"wpb_wrapper\">\t\t<div id=\"wd-6901d32773286\" class=\"wd-image wd-wpb wd-rs-6901d32773286 text-left \">\n\t\t\t\n\t\t\t<img loading=\"lazy\" decoding=\"async\" width=\"1000\" height=\"1000\" src=\"https:\/\/outlet.newcarsolutions.pl\/wp-content\/uploads\/2025\/10\/silver-opel.webp\" class=\"attachment-medium size-medium\" alt=\"\" srcset=\"https:\/\/outlet.newcarsolutions.pl\/wp-content\/uploads\/2025\/10\/silver-opel.webp 1000w, https:\/\/outlet.newcarsolutions.pl\/wp-content\/uploads\/2025\/10\/silver-opel-600x600.webp 600w, https:\/\/outlet.newcarsolutions.pl\/wp-content\/uploads\/2025\/10\/silver-opel-150x150.webp 150w, https:\/\/outlet.newcarsolutions.pl\/wp-content\/uploads\/2025\/10\/silver-opel-768x768.webp 768w, https:\/\/outlet.newcarsolutions.pl\/wp-content\/uploads\/2025\/10\/silver-opel-64x64.webp 64w\" sizes=\"auto, (max-width: 1000px) 100vw, 1000px\" \/>\n\t\t\t\t\t<\/div>\n\t\t<\/div><\/div><\/div><\/div><\/div><\/div><\/div><\/div>\n<\/div>","protected":false},"excerpt":{"rendered":"Radio Samochodowe NCS RS-407S Je\u015bli chcesz zapozna\u0107 si\u0119 ze funkcjami stacji multimedialnej, sprawd\u017a nasz\u0105 standardow\u0105 ofert\u0119 &gt;&gt;&gt; Kliknij tutaj, aby","protected":false},"featured_media":1450,"comment_status":"open","ping_status":"closed","template":"","meta":[],"product_brand":[],"product_cat":[141],"product_tag":[],"class_list":{"0":"post-1449","1":"product","2":"type-product","3":"status-publish","4":"has-post-thumbnail","6":"product_cat-radio-samochodowe","8":"first","9":"instock","10":"taxable","11":"shipping-taxable","12":"purchasable","13":"product-type-simple"},"_links":{"self":[{"href":"https:\/\/outlet.newcarsolutions.pl\/en\/wp-json\/wp\/v2\/product\/1449","targetHints":{"allow":["GET"]}}],"collection":[{"href":"https:\/\/outlet.newcarsolutions.pl\/en\/wp-json\/wp\/v2\/product"}],"about":[{"href":"https:\/\/outlet.newcarsolutions.pl\/en\/wp-json\/wp\/v2\/types\/product"}],"replies":[{"embeddable":true,"href":"https:\/\/outlet.newcarsolutions.pl\/en\/wp-json\/wp\/v2\/comments?post=1449"}],"wp:featuredmedia":[{"embeddable":true,"href":"https:\/\/outlet.newcarsolutions.pl\/en\/wp-json\/wp\/v2\/media\/1450"}],"wp:attachment":[{"href":"https:\/\/outlet.newcarsolutions.pl\/en\/wp-json\/wp\/v2\/media?parent=1449"}],"wp:term":[{"taxonomy":"product_brand","embeddable":true,"href":"https:\/\/outlet.newcarsolutions.pl\/en\/wp-json\/wp\/v2\/product_brand?post=1449"},{"taxonomy":"product_cat","embeddable":true,"href":"https:\/\/outlet.newcarsolutions.pl\/en\/wp-json\/wp\/v2\/product_cat?post=1449"},{"taxonomy":"product_tag","embeddable":true,"href":"https:\/\/outlet.newcarsolutions.pl\/en\/wp-json\/wp\/v2\/product_tag?post=1449"}],"curies":[{"name":"wp","href":"https:\/\/api.w.org\/{rel}","templated":true}]}}