{"id":1474,"date":"2025-10-29T10:03:13","date_gmt":"2025-10-29T09:03:13","guid":{"rendered":"https:\/\/outlet.newcarsolutions.pl\/?post_type=product&#038;p=1474"},"modified":"2026-04-13T11:03:30","modified_gmt":"2026-04-13T09:03:30","slug":"radio-samochodowe-ncs-rs-405q","status":"publish","type":"product","link":"https:\/\/outlet.newcarsolutions.pl\/en\/product\/radio-samochodowe-ncs-rs-405q\/","title":{"rendered":"Radio NCS RS-405Q"},"content":{"rendered":"<div class=\"wpb-content-wrapper\"><div class=\"vc_row wpb_row vc_row-fluid\"><div class=\"wpb_column vc_column_container vc_col-sm-12\"><div class=\"vc_column-inner\"><div class=\"wpb_wrapper\">\t\t<div id=\"wd-6949352ef30ba\" class=\"wd-image wd-wpb wd-rs-6949352ef30ba text-center \">\n\t\t\t\n\t\t\t<img loading=\"lazy\" decoding=\"async\" width=\"1020\" height=\"148\" src=\"https:\/\/outlet.newcarsolutions.pl\/wp-content\/uploads\/2025\/10\/logo-outlet-aukcje1.webp\" class=\"attachment-medium size-medium\" alt=\"\" srcset=\"https:\/\/outlet.newcarsolutions.pl\/wp-content\/uploads\/2025\/10\/logo-outlet-aukcje1.webp 1020w, https:\/\/outlet.newcarsolutions.pl\/wp-content\/uploads\/2025\/10\/logo-outlet-aukcje1-768x111.webp 768w, https:\/\/outlet.newcarsolutions.pl\/wp-content\/uploads\/2025\/10\/logo-outlet-aukcje1-18x3.webp 18w, https:\/\/outlet.newcarsolutions.pl\/wp-content\/uploads\/2025\/10\/logo-outlet-aukcje1-150x22.webp 150w\" sizes=\"auto, (max-width: 1020px) 100vw, 1020px\" \/>\n\t\t\t\t\t<\/div>\n\t\t<\/div><\/div><\/div><\/div><div class=\"vc_row wpb_row vc_row-fluid wd-rs-68fa2c9d578df\"><div class=\"wpb_column vc_column_container vc_col-sm-12 wd-rs-63514c8260958\"><div class=\"vc_column-inner vc_custom_1666272391679\"><div class=\"wpb_wrapper\">\n\t\t<div id=\"wd-6901dbad3c5bb\" class=\"title-wrapper wd-wpb wd-set-mb reset-last-child  wd-rs-6901dbad3c5bb wd-title-color-default wd-title-style-default text-center  wd-underline-colored\">\n\t\t\t\n\t\t\t<div class=\"liner-continer\">\n\t\t\t\t<h4 class=\"woodmart-title-container title  wd-font-weight- wd-fontsize-l\" >Radio Samochodowe<\/h4>\n\t\t\t\t\t\t\t<\/div>\n\t\t\t\n\t\t\t\t\t\t\t<div class=\"title-after_title reset-last-child  wd-fontsize-xs\">NCS RS-405Q<\/div>\n\t\t\t\n\t\t\t\n\t\t<\/div>\n\t\t\n\t\t\t\t<div id=\"wd-6901dbd6490f6\" class=\"wd-text-block wd-wpb reset-last-child wd-rs-6901dbd6490f6 text-left vc_custom_1761729508073\">\n\t\t\t<p style=\"text-align: center;\">Je\u015bli chcesz zapozna\u0107 si\u0119 z <strong>funkcjami stacji multimedialnej<\/strong>, sprawd\u017a nasz\u0105 standardow\u0105 ofert\u0119<br \/>\n<a class=\"decorated-link\" href=\"https:\/\/newcarsolutions.pl\/sklep\/produkt\/radio-nawigacja-ncs-rs-405-android-vw-passat-b6-2005-2010-bluetooth-2din\/\" rel=\"noopener\">&gt;&gt;&gt; Kliknij tutaj, aby zobaczy\u0107 pe\u0142n\u0105 ofert\u0119 radia<\/a><\/p>\n\t\t<\/div>\n\t\t<\/div><\/div><\/div><\/div><div class=\"vc_row wpb_row vc_row-fluid wd-rs-6351519a61682\"><div class=\"wpb_column vc_column_container vc_col-sm-12\"><div class=\"vc_column-inner\"><div class=\"wpb_wrapper\">\n\t\t<div id=\"wd-68fa1fc556dbe\" class=\"title-wrapper wd-wpb wd-set-mb reset-last-child  wd-rs-68fa1fc556dbe wd-title-color-default wd-title-style-default text-center vc_custom_1761223438823 wd-underline-colored\">\n\t\t\t\n\t\t\t<div class=\"liner-continer\">\n\t\t\t\t<h4 class=\"woodmart-title-container title  wd-font-weight- wd-fontsize-m\" >Przyk\u0142adowy wygl\u0105d produkt\u00f3w OUTLET<\/h4>\n\t\t\t\t\t\t\t<\/div>\n\t\t\t\n\t\t\t\n\t\t\t\n\t\t<\/div>\n\t\t\n\t\t\t\t<div id=\"wd-68ff1d8085381\" class=\"wd-text-block wd-wpb reset-last-child wd-rs-68ff1d8085381 text-left vc_custom_1761549703166\">\n\t\t\t<p style=\"text-align: center;\" data-start=\"116\" data-end=\"335\">Poni\u017cej przedstawiono <strong data-start=\"254\" data-end=\"281\">przyk\u0142adowe uszkodzenia<\/strong>, jakie mog\u0105 wyst\u0119powa\u0107:<\/p>\n<p>&#x25fc; zarysowania lub przetarcia obudowy,<br \/>\n&#x25fc; minimalne uszkodzenia plastikowych element\u00f3w,<br \/>\n&#x25fc; delikatne rysy na ekranie,<\/p>\n\t\t<\/div>\n\t\t<div class=\"wpb_gallery wpb_content_element vc_clearfix\" ><div class=\"wpb_wrapper\"><div class=\"wpb_gallery_slides wpb_flexslider flexslider_fade flexslider\" data-interval=\"10\" data-flex_fx=\"fade\"><ul class=\"slides\"><li><a class=\"\" href=\"https:\/\/outlet.newcarsolutions.pl\/wp-content\/uploads\/2025\/10\/405Q-1.webp\" data-lightbox=\"lightbox[rel-1474-3947475202]\"><img loading=\"lazy\" decoding=\"async\" width=\"1000\" height=\"1000\" src=\"https:\/\/outlet.newcarsolutions.pl\/wp-content\/uploads\/2025\/10\/405Q-1.webp\" class=\"attachment-full\" alt=\"\" title=\"405Q-1\" srcset=\"https:\/\/outlet.newcarsolutions.pl\/wp-content\/uploads\/2025\/10\/405Q-1.webp 1000w, https:\/\/outlet.newcarsolutions.pl\/wp-content\/uploads\/2025\/10\/405Q-1-600x600.webp 600w, https:\/\/outlet.newcarsolutions.pl\/wp-content\/uploads\/2025\/10\/405Q-1-150x150.webp 150w, https:\/\/outlet.newcarsolutions.pl\/wp-content\/uploads\/2025\/10\/405Q-1-768x768.webp 768w\" sizes=\"auto, (max-width: 1000px) 100vw, 1000px\" \/><\/a><\/li><li><a class=\"\" href=\"https:\/\/outlet.newcarsolutions.pl\/wp-content\/uploads\/2025\/10\/405Q-8.webp\" data-lightbox=\"lightbox[rel-1474-3947475202]\"><img loading=\"lazy\" decoding=\"async\" width=\"1000\" height=\"1000\" src=\"https:\/\/outlet.newcarsolutions.pl\/wp-content\/uploads\/2025\/10\/405Q-8.webp\" class=\"attachment-full\" alt=\"\" title=\"405Q-8\" srcset=\"https:\/\/outlet.newcarsolutions.pl\/wp-content\/uploads\/2025\/10\/405Q-8.webp 1000w, https:\/\/outlet.newcarsolutions.pl\/wp-content\/uploads\/2025\/10\/405Q-8-600x600.webp 600w, https:\/\/outlet.newcarsolutions.pl\/wp-content\/uploads\/2025\/10\/405Q-8-150x150.webp 150w, https:\/\/outlet.newcarsolutions.pl\/wp-content\/uploads\/2025\/10\/405Q-8-768x768.webp 768w\" sizes=\"auto, (max-width: 1000px) 100vw, 1000px\" \/><\/a><\/li><li><a class=\"\" href=\"https:\/\/outlet.newcarsolutions.pl\/wp-content\/uploads\/2025\/10\/405Q-9.webp\" data-lightbox=\"lightbox[rel-1474-3947475202]\"><img loading=\"lazy\" decoding=\"async\" width=\"1000\" height=\"1000\" src=\"https:\/\/outlet.newcarsolutions.pl\/wp-content\/uploads\/2025\/10\/405Q-9.webp\" class=\"attachment-full\" alt=\"\" title=\"405Q-9\" srcset=\"https:\/\/outlet.newcarsolutions.pl\/wp-content\/uploads\/2025\/10\/405Q-9.webp 1000w, https:\/\/outlet.newcarsolutions.pl\/wp-content\/uploads\/2025\/10\/405Q-9-600x600.webp 600w, https:\/\/outlet.newcarsolutions.pl\/wp-content\/uploads\/2025\/10\/405Q-9-150x150.webp 150w, https:\/\/outlet.newcarsolutions.pl\/wp-content\/uploads\/2025\/10\/405Q-9-768x768.webp 768w\" sizes=\"auto, (max-width: 1000px) 100vw, 1000px\" \/><\/a><\/li><li><a class=\"\" href=\"https:\/\/outlet.newcarsolutions.pl\/wp-content\/uploads\/2025\/10\/405Q-7.webp\" data-lightbox=\"lightbox[rel-1474-3947475202]\"><img loading=\"lazy\" decoding=\"async\" width=\"1000\" height=\"1000\" src=\"https:\/\/outlet.newcarsolutions.pl\/wp-content\/uploads\/2025\/10\/405Q-7.webp\" class=\"attachment-full\" alt=\"\" title=\"405Q-7\" srcset=\"https:\/\/outlet.newcarsolutions.pl\/wp-content\/uploads\/2025\/10\/405Q-7.webp 1000w, https:\/\/outlet.newcarsolutions.pl\/wp-content\/uploads\/2025\/10\/405Q-7-600x600.webp 600w, https:\/\/outlet.newcarsolutions.pl\/wp-content\/uploads\/2025\/10\/405Q-7-150x150.webp 150w, https:\/\/outlet.newcarsolutions.pl\/wp-content\/uploads\/2025\/10\/405Q-7-768x768.webp 768w\" sizes=\"auto, (max-width: 1000px) 100vw, 1000px\" \/><\/a><\/li><li><a class=\"\" href=\"https:\/\/outlet.newcarsolutions.pl\/wp-content\/uploads\/2025\/10\/405Q-6.webp\" data-lightbox=\"lightbox[rel-1474-3947475202]\"><img loading=\"lazy\" decoding=\"async\" width=\"1000\" height=\"1000\" src=\"https:\/\/outlet.newcarsolutions.pl\/wp-content\/uploads\/2025\/10\/405Q-6.webp\" class=\"attachment-full\" alt=\"\" title=\"405Q-6\" srcset=\"https:\/\/outlet.newcarsolutions.pl\/wp-content\/uploads\/2025\/10\/405Q-6.webp 1000w, https:\/\/outlet.newcarsolutions.pl\/wp-content\/uploads\/2025\/10\/405Q-6-600x600.webp 600w, https:\/\/outlet.newcarsolutions.pl\/wp-content\/uploads\/2025\/10\/405Q-6-150x150.webp 150w, https:\/\/outlet.newcarsolutions.pl\/wp-content\/uploads\/2025\/10\/405Q-6-768x768.webp 768w\" sizes=\"auto, (max-width: 1000px) 100vw, 1000px\" \/><\/a><\/li><li><a class=\"\" href=\"https:\/\/outlet.newcarsolutions.pl\/wp-content\/uploads\/2025\/10\/405Q-5.webp\" data-lightbox=\"lightbox[rel-1474-3947475202]\"><img loading=\"lazy\" decoding=\"async\" width=\"1000\" height=\"1000\" src=\"https:\/\/outlet.newcarsolutions.pl\/wp-content\/uploads\/2025\/10\/405Q-5.webp\" class=\"attachment-full\" alt=\"\" title=\"405Q-5\" srcset=\"https:\/\/outlet.newcarsolutions.pl\/wp-content\/uploads\/2025\/10\/405Q-5.webp 1000w, https:\/\/outlet.newcarsolutions.pl\/wp-content\/uploads\/2025\/10\/405Q-5-600x600.webp 600w, https:\/\/outlet.newcarsolutions.pl\/wp-content\/uploads\/2025\/10\/405Q-5-150x150.webp 150w, https:\/\/outlet.newcarsolutions.pl\/wp-content\/uploads\/2025\/10\/405Q-5-768x768.webp 768w\" sizes=\"auto, (max-width: 1000px) 100vw, 1000px\" \/><\/a><\/li><li><a class=\"\" href=\"https:\/\/outlet.newcarsolutions.pl\/wp-content\/uploads\/2025\/10\/405Q-4.webp\" data-lightbox=\"lightbox[rel-1474-3947475202]\"><img loading=\"lazy\" decoding=\"async\" width=\"1000\" height=\"1000\" src=\"https:\/\/outlet.newcarsolutions.pl\/wp-content\/uploads\/2025\/10\/405Q-4.webp\" class=\"attachment-full\" alt=\"\" title=\"405Q-4\" srcset=\"https:\/\/outlet.newcarsolutions.pl\/wp-content\/uploads\/2025\/10\/405Q-4.webp 1000w, https:\/\/outlet.newcarsolutions.pl\/wp-content\/uploads\/2025\/10\/405Q-4-600x600.webp 600w, https:\/\/outlet.newcarsolutions.pl\/wp-content\/uploads\/2025\/10\/405Q-4-150x150.webp 150w, https:\/\/outlet.newcarsolutions.pl\/wp-content\/uploads\/2025\/10\/405Q-4-768x768.webp 768w\" sizes=\"auto, (max-width: 1000px) 100vw, 1000px\" \/><\/a><\/li><li><a class=\"\" href=\"https:\/\/outlet.newcarsolutions.pl\/wp-content\/uploads\/2025\/10\/405Q-3.webp\" data-lightbox=\"lightbox[rel-1474-3947475202]\"><img loading=\"lazy\" decoding=\"async\" width=\"1000\" height=\"1000\" src=\"https:\/\/outlet.newcarsolutions.pl\/wp-content\/uploads\/2025\/10\/405Q-3.webp\" class=\"attachment-full\" alt=\"\" title=\"405Q-3\" srcset=\"https:\/\/outlet.newcarsolutions.pl\/wp-content\/uploads\/2025\/10\/405Q-3.webp 1000w, https:\/\/outlet.newcarsolutions.pl\/wp-content\/uploads\/2025\/10\/405Q-3-600x600.webp 600w, https:\/\/outlet.newcarsolutions.pl\/wp-content\/uploads\/2025\/10\/405Q-3-150x150.webp 150w, https:\/\/outlet.newcarsolutions.pl\/wp-content\/uploads\/2025\/10\/405Q-3-768x768.webp 768w\" sizes=\"auto, (max-width: 1000px) 100vw, 1000px\" \/><\/a><\/li><li><a class=\"\" href=\"https:\/\/outlet.newcarsolutions.pl\/wp-content\/uploads\/2025\/10\/405Q-10.webp\" data-lightbox=\"lightbox[rel-1474-3947475202]\"><img loading=\"lazy\" decoding=\"async\" width=\"1000\" height=\"1000\" src=\"https:\/\/outlet.newcarsolutions.pl\/wp-content\/uploads\/2025\/10\/405Q-10.webp\" class=\"attachment-full\" alt=\"\" title=\"405Q-10\" srcset=\"https:\/\/outlet.newcarsolutions.pl\/wp-content\/uploads\/2025\/10\/405Q-10.webp 1000w, https:\/\/outlet.newcarsolutions.pl\/wp-content\/uploads\/2025\/10\/405Q-10-600x600.webp 600w, https:\/\/outlet.newcarsolutions.pl\/wp-content\/uploads\/2025\/10\/405Q-10-150x150.webp 150w, https:\/\/outlet.newcarsolutions.pl\/wp-content\/uploads\/2025\/10\/405Q-10-768x768.webp 768w\" sizes=\"auto, (max-width: 1000px) 100vw, 1000px\" \/><\/a><\/li><li><a class=\"\" href=\"https:\/\/outlet.newcarsolutions.pl\/wp-content\/uploads\/2025\/10\/405Q-2.webp\" data-lightbox=\"lightbox[rel-1474-3947475202]\"><img loading=\"lazy\" decoding=\"async\" width=\"1000\" height=\"1000\" src=\"https:\/\/outlet.newcarsolutions.pl\/wp-content\/uploads\/2025\/10\/405Q-2.webp\" class=\"attachment-full\" alt=\"\" title=\"405Q-2\" srcset=\"https:\/\/outlet.newcarsolutions.pl\/wp-content\/uploads\/2025\/10\/405Q-2.webp 1000w, https:\/\/outlet.newcarsolutions.pl\/wp-content\/uploads\/2025\/10\/405Q-2-600x600.webp 600w, https:\/\/outlet.newcarsolutions.pl\/wp-content\/uploads\/2025\/10\/405Q-2-150x150.webp 150w, https:\/\/outlet.newcarsolutions.pl\/wp-content\/uploads\/2025\/10\/405Q-2-768x768.webp 768w\" sizes=\"auto, (max-width: 1000px) 100vw, 1000px\" \/><\/a><\/li><\/ul><\/div><\/div><\/div>\t\t<div id=\"wd-68ff1dc3cdbc8\" class=\"wd-text-block wd-wpb reset-last-child wd-rs-68ff1dc3cdbc8 text-left \">\n\t\t\t<p>Zdj\u0119cia w ofercie <strong data-start=\"539\" data-end=\"584\">nie przedstawiaj\u0105 konkretnego egzemplarza<\/strong>, lecz pokazuj\u0105 <strong data-start=\"600\" data-end=\"650\">przyk\u0142adowy stan wizualny modeli outletowych<\/strong>.<br data-start=\"651\" data-end=\"654\">Ka\u017cde radio zosta\u0142o <strong data-start=\"674\" data-end=\"714\">dok\u0142adnie sprawdzone i przetestowane<\/strong>, dzi\u0119ki czemu masz pewno\u015b\u0107, \u017ce <strong data-start=\"746\" data-end=\"773\">dzia\u0142a w 100% poprawnie<\/strong> \u2014 r\u00f3\u017cnice dotycz\u0105 wy\u0142\u0105cznie wygl\u0105du zewn\u0119trznego.<\/p>\n\t\t<\/div>\n\t\t<\/div><\/div><\/div><\/div><div data-vc-full-width=\"true\" data-vc-full-width-temp=\"true\" data-vc-full-width-init=\"false\" class=\"vc_row wpb_row vc_row-fluid wd-rs-68fb1d8e6c94c\"><div class=\"wpb_column vc_column_container vc_col-sm-12\"><div class=\"vc_column-inner vc_custom_1506602551675\"><div class=\"wpb_wrapper\">\n\t\t<div id=\"wd-68fa2585f1868\" class=\"title-wrapper wd-wpb wd-set-mb reset-last-child  wd-rs-68fa2585f1868 wd-title-color-default wd-title-style-default text-center  wd-underline-colored\">\n\t\t\t\n\t\t\t<div class=\"liner-continer\">\n\t\t\t\t<h4 class=\"woodmart-title-container title  wd-font-weight- wd-fontsize-l\" >Kompatybilne modele samochod\u00f3w<\/h4>\n\t\t\t\t\t\t\t<\/div>\n\t\t\t\n\t\t\t\t\t\t\t<div class=\"title-after_title reset-last-child  wd-fontsize-xs\">Panel pasuje do radioodbiornik\u00f3w montowanych w nast\u0119puj\u0105cych modelach aut:<\/div>\n\t\t\t\n\t\t\t\n\t\t<\/div>\n\t\t\n\t\t<\/div><\/div><\/div><div class=\"wpb_column vc_column_container vc_col-sm-6\"><div class=\"vc_column-inner vc_custom_1506602696994\"><div class=\"wpb_wrapper\">\t\t<div id=\"wd-691ad89d7d477\" class=\"wd-image wd-wpb wd-rs-691ad89d7d477 text-center vc_custom_1763367071715\">\n\t\t\t\n\t\t\t<img loading=\"lazy\" decoding=\"async\" width=\"215\" height=\"168\" src=\"https:\/\/outlet.newcarsolutions.pl\/wp-content\/uploads\/2025\/10\/vw-215x168.webp\" class=\"attachment-215x168 size-215x168\" alt=\"\" srcset=\"https:\/\/outlet.newcarsolutions.pl\/wp-content\/uploads\/2025\/10\/vw-215x168.webp 215w, https:\/\/outlet.newcarsolutions.pl\/wp-content\/uploads\/2025\/10\/vw-150x117.webp 150w, https:\/\/outlet.newcarsolutions.pl\/wp-content\/uploads\/2025\/10\/vw-768x600.webp 768w, https:\/\/outlet.newcarsolutions.pl\/wp-content\/uploads\/2025\/10\/vw.webp 1076w\" sizes=\"auto, (max-width: 215px) 100vw, 215px\" \/>\n\t\t\t\t\t<\/div>\n\t\t\t\t\t<div class=\"info-box-wrapper\">\n\t\t\t\t<div id=\"wd-68ff433226ce8\" class=\" wd-rs-68ff433226ce8 wd-info-box wd-wpb text-left box-icon-align-left box-style- color-scheme- wd-bg-none wd-items-top vc_custom_1761559447079\">\n\t\t\t\t\t\t\t\t\t\t<div class=\"info-box-content\">\n\t\t\t\t\t\t\t\t\t\t\t\t<div class=\"info-box-inner reset-last-child\"><p>&#x25fc; Passat B6 2005-2010<br \/>\n&#x25fc; Passat B7 2010-2014<br \/>\n&#x25fc; Passat CC 2008-2018<br \/>\n&#x25fc; Golf V 2003-2008<br \/>\n&#x25fc; Golf VI 2008-2013<br \/>\n&#x25fc; Golf Plus 2004-2013<br \/>\n&#x25fc; Scirocco III 2008-2017<br \/>\n&#x25fc; Tiguan 2007-2016<br \/>\n&#x25fc; Touran 2003-2015<br \/>\n&#x25fc; Caddy 2004-2020<br \/>\n&#x25fc; Jetta 2005-2018<br \/>\n&#x25fc; Polo V 2009-2017<br \/>\n&#x25fc; Sharan 2010-2020<br \/>\n&#x25fc; Amarok 2010-2020<br \/>\n&#x25fc; Beetle 2011-2020<br \/>\n&#x25fc; EOS 2006-2016<br \/>\n&#x25fc; Transporter T5 T6 2009-2019<br \/>\n&#x25fc; Multivan T5 T6 2009-2019<br \/>\n&#x25fc; Caravelle T5 T6 2009-2019<br \/>\n&#x25fc; California T5 T6 2009-2019<\/p>\n<\/div>\n\n\t\t\t\t\t\t\t\t\t\t\t<\/div>\n\n\t\t\t\t\t\n\t\t\t\t\t\t\t\t\t<\/div>\n\t\t\t<\/div>\n\t\t<\/div><\/div><\/div><div class=\"wpb_column vc_column_container vc_col-sm-6\"><div class=\"vc_column-inner vc_custom_1506602702640\"><div class=\"wpb_wrapper\">\t\t<div id=\"wd-691ad8a6abc19\" class=\"wd-image wd-wpb wd-rs-691ad8a6abc19 text-center vc_custom_1763367079666\">\n\t\t\t\n\t\t\t<img loading=\"lazy\" decoding=\"async\" width=\"215\" height=\"168\" src=\"https:\/\/outlet.newcarsolutions.pl\/wp-content\/uploads\/2025\/10\/skoda-215x168.webp\" class=\"attachment-215x168 size-215x168\" alt=\"\" srcset=\"https:\/\/outlet.newcarsolutions.pl\/wp-content\/uploads\/2025\/10\/skoda-215x168.webp 215w, https:\/\/outlet.newcarsolutions.pl\/wp-content\/uploads\/2025\/10\/skoda-150x117.webp 150w, https:\/\/outlet.newcarsolutions.pl\/wp-content\/uploads\/2025\/10\/skoda-768x600.webp 768w, https:\/\/outlet.newcarsolutions.pl\/wp-content\/uploads\/2025\/10\/skoda.webp 1076w\" sizes=\"auto, (max-width: 215px) 100vw, 215px\" \/>\n\t\t\t\t\t<\/div>\n\t\t\t\t\t<div class=\"info-box-wrapper\">\n\t\t\t\t<div id=\"wd-68ff43a7918ab\" class=\" wd-rs-68ff43a7918ab wd-info-box wd-wpb text-left box-icon-align-left box-style- color-scheme- wd-bg-none wd-items-top vc_custom_1761559490654\">\n\t\t\t\t\t\t\t\t\t\t<div class=\"info-box-content\">\n\t\t\t\t\t\t\t\t\t\t\t\t<div class=\"info-box-inner reset-last-child\"><p>&#x25fc; Octavia II 2004-2013<br \/>\n&#x25fc; Fabia II 2007-2014<br \/>\n&#x25fc; Roomster 2006-2015<br \/>\n&#x25fc; Yeti 2009-2017<br \/>\n&#x25fc; Rapid 2012<br \/>\n&#x25fc; Superb II 2008-2015<br \/>\n&#x25fc; Praktik 2007-2015<\/p>\n<\/div>\n\n\t\t\t\t\t\t\t\t\t\t\t<\/div>\n\n\t\t\t\t\t\n\t\t\t\t\t\t\t\t\t<\/div>\n\t\t\t<\/div>\n\t\t\t\t<div id=\"wd-691ad8b0c0531\" class=\"wd-image wd-wpb wd-rs-691ad8b0c0531 text-center vc_custom_1763367090427\">\n\t\t\t\n\t\t\t<img loading=\"lazy\" decoding=\"async\" width=\"215\" height=\"168\" src=\"https:\/\/outlet.newcarsolutions.pl\/wp-content\/uploads\/2025\/10\/seart-215x168.webp\" class=\"attachment-215x168 size-215x168\" alt=\"\" srcset=\"https:\/\/outlet.newcarsolutions.pl\/wp-content\/uploads\/2025\/10\/seart-215x168.webp 215w, https:\/\/outlet.newcarsolutions.pl\/wp-content\/uploads\/2025\/10\/seart-150x117.webp 150w, https:\/\/outlet.newcarsolutions.pl\/wp-content\/uploads\/2025\/10\/seart-768x600.webp 768w, https:\/\/outlet.newcarsolutions.pl\/wp-content\/uploads\/2025\/10\/seart.webp 1076w\" sizes=\"auto, (max-width: 215px) 100vw, 215px\" \/>\n\t\t\t\t\t<\/div>\n\t\t\t\t\t<div class=\"info-box-wrapper\">\n\t\t\t\t<div id=\"wd-68ff43cee93a4\" class=\" wd-rs-68ff43cee93a4 wd-info-box wd-wpb text-left box-icon-align-left box-style- color-scheme- wd-bg-none wd-items-top vc_custom_1761559518839\">\n\t\t\t\t\t\t\t\t\t\t<div class=\"info-box-content\">\n\t\t\t\t\t\t\t\t\t\t\t\t<div class=\"info-box-inner reset-last-child\"><p>&#x25fc; Leon II 2005-2012<br \/>\n&#x25fc; Toledo III 2004-2009<br \/>\n&#x25fc; Toledo IV 2012-2018<br \/>\n&#x25fc; Altea 2004-2015<br \/>\n&#x25fc; Altea XL 2004-2015<br \/>\n&#x25fc; Alhambra 2010-2020<\/p>\n<\/div>\n\n\t\t\t\t\t\t\t\t\t\t\t<\/div>\n\n\t\t\t\t\t\n\t\t\t\t\t\t\t\t\t<\/div>\n\t\t\t<\/div>\n\t\t<\/div><\/div><\/div><\/div><div class=\"vc_row-full-width vc_clearfix\"><\/div><div class=\"vc_row wpb_row vc_row-fluid\"><div class=\"wpb_column vc_column_container vc_col-sm-12\"><div class=\"vc_column-inner\"><div class=\"wpb_wrapper\">\n\t\t<div id=\"wd-68fb65b593606\" class=\"title-wrapper wd-wpb wd-set-mb reset-last-child  wd-rs-68fb65b593606 wd-title-color-default wd-title-style-default text-center  wd-underline-colored\">\n\t\t\t\n\t\t\t<div class=\"liner-continer\">\n\t\t\t\t<h4 class=\"woodmart-title-container title  wd-font-weight- wd-fontsize-l\" >Zawarto\u015b\u0107 zestawu<\/h4>\n\t\t\t\t\t\t\t<\/div>\n\t\t\t\n\t\t\t\n\t\t\t\n\t\t<\/div>\n\t\t\n\t\t<div class=\"vc_row wpb_row vc_inner vc_row-fluid vc_row-o-content-middle vc_row-flex wd-rs-68fb670505de8\"><div class=\"wpb_column vc_column_container vc_col-sm-6\"><div class=\"vc_column-inner\"><div class=\"wpb_wrapper\">\n\t\t<ul class=\" wd-rs-6901dc12a2ef8 wd-list wd-wpb color-scheme- wd-fontsize-s wd-type-icon wd-style-default text-center \" id=\"wd-6901dc12a2ef8\">\n\t\t\t\t\t\t\t\t\t\t\t<li>\n\t\t\t\t\t<span class=\"wd-icon fa fa-solid fa-angle-right\"><\/span>\n\t\t\t\t\t<span class=\"wd-list-content list-content\">\n\t\t\t\t\t\t\t\t\t\t\t\t\tRadio NCS RS-405Q\t\t\t\t\t\t\t\t\t\t\t<\/span>\n\t\t\t\t<\/li>\n\t\t\t\t\t\t\t\t\t\t\t<li>\n\t\t\t\t\t<span class=\"wd-icon fa fa-solid fa-angle-right\"><\/span>\n\t\t\t\t\t<span class=\"wd-list-content list-content\">\n\t\t\t\t\t\t\t\t\t\t\t\t\tPrzewody zasilaj\u0105co-sygna\u0142owe\t\t\t\t\t\t\t\t\t\t\t<\/span>\n\t\t\t\t<\/li>\n\t\t\t\t\t\t\t\t\t\t\t<li>\n\t\t\t\t\t<span class=\"wd-icon fa fa-solid fa-angle-right\"><\/span>\n\t\t\t\t\t<span class=\"wd-list-content list-content\">\n\t\t\t\t\t\t\t\t\t\t\t\t\tModu\u0142 CAN-BUS\t\t\t\t\t\t\t\t\t\t\t<\/span>\n\t\t\t\t<\/li>\n\t\t\t\t\t\t\t\t\t\t\t<li>\n\t\t\t\t\t<span class=\"wd-icon fa fa-solid fa-angle-right\"><\/span>\n\t\t\t\t\t<span class=\"wd-list-content list-content\">\n\t\t\t\t\t\t\t\t\t\t\t\t\tDwa przewody USB\n\n\t\t\t\t\t\t\t\t\t\t\t<\/span>\n\t\t\t\t<\/li>\n\t\t\t\t\t\t\t\t\t\t\t<li>\n\t\t\t\t\t<span class=\"wd-icon fa fa-solid fa-angle-right\"><\/span>\n\t\t\t\t\t<span class=\"wd-list-content list-content\">\n\t\t\t\t\t\t\t\t\t\t\t\t\tModu\u0142 GPS\t\t\t\t\t\t\t\t\t\t\t<\/span>\n\t\t\t\t<\/li>\n\t\t\t\t\t\t\t\t\t\t\t<li>\n\t\t\t\t\t<span class=\"wd-icon fa fa-solid fa-angle-right\"><\/span>\n\t\t\t\t\t<span class=\"wd-list-content list-content\">\n\t\t\t\t\t\t\t\t\t\t\t\t\tPrzewody multifunkcyjne RCA\t\t\t\t\t\t\t\t\t\t\t<\/span>\n\t\t\t\t<\/li>\n\t\t\t\t\t\t\t\t\t\t\t<li>\n\t\t\t\t\t<span class=\"wd-icon fa fa-solid fa-angle-right\"><\/span>\n\t\t\t\t\t<span class=\"wd-list-content list-content\">\n\t\t\t\t\t\t\t\t\t\t\t\t\tAdapter antenowy\t\t\t\t\t\t\t\t\t\t\t<\/span>\n\t\t\t\t<\/li>\n\t\t\t\t\t\t\t\t\t\t\t<li>\n\t\t\t\t\t<span class=\"wd-icon fa fa-solid fa-angle-right\"><\/span>\n\t\t\t\t\t<span class=\"wd-list-content list-content\">\n\t\t\t\t\t\t\t\t\t\t\t\t\tMikrofon akcesoryjny\t\t\t\t\t\t\t\t\t\t\t<\/span>\n\t\t\t\t<\/li>\n\t\t\t\t\t\t\t\t\t\t\t<li>\n\t\t\t\t\t<span class=\"wd-icon fa fa-solid fa-angle-right\"><\/span>\n\t\t\t\t\t<span class=\"wd-list-content list-content\">\n\t\t\t\t\t\t\t\t\t\t\t\t\tPrzew\u00f3d kamery cofania z antenami Wi-Fi i BT\t\t\t\t\t\t\t\t\t\t\t<\/span>\n\t\t\t\t<\/li>\n\t\t\t\t\t<\/ul>\n\t\t<\/div><\/div><\/div><div class=\"wpb_column vc_column_container vc_col-sm-6\"><div class=\"vc_column-inner\"><div class=\"wpb_wrapper\">\t\t<div id=\"wd-6901dc1ddf339\" class=\"wd-image wd-wpb wd-rs-6901dc1ddf339 text-left \">\n\t\t\t\n\t\t\t<img loading=\"lazy\" decoding=\"async\" width=\"1000\" height=\"1000\" src=\"https:\/\/outlet.newcarsolutions.pl\/wp-content\/uploads\/2025\/10\/rs-405q.webp\" class=\"attachment-medium size-medium\" alt=\"\" srcset=\"https:\/\/outlet.newcarsolutions.pl\/wp-content\/uploads\/2025\/10\/rs-405q.webp 1000w, https:\/\/outlet.newcarsolutions.pl\/wp-content\/uploads\/2025\/10\/rs-405q-600x600.webp 600w, https:\/\/outlet.newcarsolutions.pl\/wp-content\/uploads\/2025\/10\/rs-405q-150x150.webp 150w, https:\/\/outlet.newcarsolutions.pl\/wp-content\/uploads\/2025\/10\/rs-405q-768x768.webp 768w, https:\/\/outlet.newcarsolutions.pl\/wp-content\/uploads\/2025\/10\/rs-405q-64x64.webp 64w\" sizes=\"auto, (max-width: 1000px) 100vw, 1000px\" \/>\n\t\t\t\t\t<\/div>\n\t\t<\/div><\/div><\/div><\/div><\/div><\/div><\/div><\/div>\n<\/div>","protected":false},"excerpt":{"rendered":"Radio Samochodowe NCS RS-405Q Je\u015bli chcesz zapozna\u0107 si\u0119 z funkcjami stacji multimedialnej, sprawd\u017a nasz\u0105 standardow\u0105 ofert\u0119 &gt;&gt;&gt; Kliknij tutaj, aby","protected":false},"featured_media":1486,"comment_status":"open","ping_status":"closed","template":"","meta":[],"product_brand":[],"product_cat":[141],"product_tag":[],"class_list":{"0":"post-1474","1":"product","2":"type-product","3":"status-publish","4":"has-post-thumbnail","6":"product_cat-radio-samochodowe","8":"first","9":"instock","10":"taxable","11":"shipping-taxable","12":"purchasable","13":"product-type-simple"},"_links":{"self":[{"href":"https:\/\/outlet.newcarsolutions.pl\/en\/wp-json\/wp\/v2\/product\/1474","targetHints":{"allow":["GET"]}}],"collection":[{"href":"https:\/\/outlet.newcarsolutions.pl\/en\/wp-json\/wp\/v2\/product"}],"about":[{"href":"https:\/\/outlet.newcarsolutions.pl\/en\/wp-json\/wp\/v2\/types\/product"}],"replies":[{"embeddable":true,"href":"https:\/\/outlet.newcarsolutions.pl\/en\/wp-json\/wp\/v2\/comments?post=1474"}],"wp:featuredmedia":[{"embeddable":true,"href":"https:\/\/outlet.newcarsolutions.pl\/en\/wp-json\/wp\/v2\/media\/1486"}],"wp:attachment":[{"href":"https:\/\/outlet.newcarsolutions.pl\/en\/wp-json\/wp\/v2\/media?parent=1474"}],"wp:term":[{"taxonomy":"product_brand","embeddable":true,"href":"https:\/\/outlet.newcarsolutions.pl\/en\/wp-json\/wp\/v2\/product_brand?post=1474"},{"taxonomy":"product_cat","embeddable":true,"href":"https:\/\/outlet.newcarsolutions.pl\/en\/wp-json\/wp\/v2\/product_cat?post=1474"},{"taxonomy":"product_tag","embeddable":true,"href":"https:\/\/outlet.newcarsolutions.pl\/en\/wp-json\/wp\/v2\/product_tag?post=1474"}],"curies":[{"name":"wp","href":"https:\/\/api.w.org\/{rel}","templated":true}]}}