{"id":1488,"date":"2025-10-29T11:31:56","date_gmt":"2025-10-29T10:31:56","guid":{"rendered":"https:\/\/outlet.newcarsolutions.pl\/?post_type=product&#038;p=1488"},"modified":"2026-04-05T09:30:42","modified_gmt":"2026-04-05T07:30:42","slug":"radio-samochodowe-ncs-rs-305","status":"publish","type":"product","link":"https:\/\/outlet.newcarsolutions.pl\/en\/product\/radio-samochodowe-ncs-rs-305\/","title":{"rendered":"Radio NCS RS-305"},"content":{"rendered":"<div class=\"wpb-content-wrapper\"><div class=\"vc_row wpb_row vc_row-fluid\"><div class=\"wpb_column vc_column_container vc_col-sm-12\"><div class=\"vc_column-inner\"><div class=\"wpb_wrapper\">\t\t<div id=\"wd-6949347e288d9\" class=\"wd-image wd-wpb wd-rs-6949347e288d9 text-center \">\n\t\t\t\n\t\t\t<img loading=\"lazy\" decoding=\"async\" width=\"1020\" height=\"148\" src=\"https:\/\/outlet.newcarsolutions.pl\/wp-content\/uploads\/2025\/10\/logo-outlet-aukcje1.webp\" class=\"attachment-medium size-medium\" alt=\"\" srcset=\"https:\/\/outlet.newcarsolutions.pl\/wp-content\/uploads\/2025\/10\/logo-outlet-aukcje1.webp 1020w, https:\/\/outlet.newcarsolutions.pl\/wp-content\/uploads\/2025\/10\/logo-outlet-aukcje1-768x111.webp 768w, https:\/\/outlet.newcarsolutions.pl\/wp-content\/uploads\/2025\/10\/logo-outlet-aukcje1-18x3.webp 18w, https:\/\/outlet.newcarsolutions.pl\/wp-content\/uploads\/2025\/10\/logo-outlet-aukcje1-150x22.webp 150w\" sizes=\"auto, (max-width: 1020px) 100vw, 1020px\" \/>\n\t\t\t\t\t<\/div>\n\t\t<\/div><\/div><\/div><\/div><div class=\"vc_row wpb_row vc_row-fluid wd-rs-68fa2c9d578df\"><div class=\"wpb_column vc_column_container vc_col-sm-12 wd-rs-63514c8260958\"><div class=\"vc_column-inner vc_custom_1666272391679\"><div class=\"wpb_wrapper\">\n\t\t<div id=\"wd-6901f804c6092\" class=\"title-wrapper wd-wpb wd-set-mb reset-last-child  wd-rs-6901f804c6092 wd-title-color-default wd-title-style-default text-center  wd-underline-colored\">\n\t\t\t\n\t\t\t<div class=\"liner-continer\">\n\t\t\t\t<h4 class=\"woodmart-title-container title  wd-font-weight- wd-fontsize-l\" >Radio Samochodowe<\/h4>\n\t\t\t\t\t\t\t<\/div>\n\t\t\t\n\t\t\t\t\t\t\t<div class=\"title-after_title reset-last-child  wd-fontsize-xs\">NCS RS-305<\/div>\n\t\t\t\n\t\t\t\n\t\t<\/div>\n\t\t\n\t\t\t\t<div id=\"wd-691b255099798\" class=\"wd-text-block wd-wpb reset-last-child wd-rs-691b255099798 text-left \">\n\t\t\t<p style=\"text-align: center;\" data-start=\"51\" data-end=\"153\">Urz\u0105dzenie mo\u017cna <strong data-start=\"326\" data-end=\"382\">dostosowa\u0107 do ka\u017cdego dedykowanego zestawu radiowego<\/strong> dost\u0119pnego w naszej ofercie \u2013 w tym celu nale\u017cy dokupi\u0107 odpowiedni\u0105 <strong data-start=\"443\" data-end=\"462\">ramk\u0119<\/strong>&nbsp;oraz <strong data-start=\"468\" data-end=\"490\" data-is-only-node=\"\">zestaw okablowania<\/strong> dedykowany do konkretnego modelu pojazdu.<\/p>\n<p style=\"text-align: center;\" data-start=\"536\" data-end=\"636\">Je\u015bli chcesz dokupi\u0107 odpowiedni\u0105 ramk\u0119 oraz okablowanie \u2013<strong> skontaktuj si\u0119 z nami telefonicznie: <\/strong><a href=\"tel:570626021\"><strong>570 626 021<\/strong><\/a>.<\/p>\n\t\t<\/div>\n\t\t<\/div><\/div><\/div><\/div><div class=\"vc_row wpb_row vc_row-fluid wd-rs-6351519a61682\"><div class=\"wpb_column vc_column_container vc_col-sm-12\"><div class=\"vc_column-inner\"><div class=\"wpb_wrapper\">\n\t\t<div id=\"wd-68fa1fc556dbe\" class=\"title-wrapper wd-wpb wd-set-mb reset-last-child  wd-rs-68fa1fc556dbe wd-title-color-default wd-title-style-default text-center vc_custom_1761223438823 wd-underline-colored\">\n\t\t\t\n\t\t\t<div class=\"liner-continer\">\n\t\t\t\t<h4 class=\"woodmart-title-container title  wd-font-weight- wd-fontsize-m\" >Przyk\u0142adowy wygl\u0105d produkt\u00f3w OUTLET<\/h4>\n\t\t\t\t\t\t\t<\/div>\n\t\t\t\n\t\t\t\n\t\t\t\n\t\t<\/div>\n\t\t\n\t\t\t\t<div id=\"wd-690201fdea68e\" class=\"wd-text-block wd-wpb reset-last-child wd-rs-690201fdea68e text-left \">\n\t\t\t<p style=\"text-align: center;\" data-start=\"116\" data-end=\"335\">Poni\u017cej przedstawiono <strong data-start=\"254\" data-end=\"281\">przyk\u0142adowe uszkodzenia<\/strong>, jakie mog\u0105 wyst\u0119powa\u0107:<\/p>\n<p>&#x25fc; zarysowania lub przetarcia obudowy,<br \/>\n&#x25fc; minimalne uszkodzenia plastikowych element\u00f3w,<br \/>\n&#x25fc; delikatne rysy na ekranie,<\/p>\n\t\t<\/div>\n\t\t<div class=\"wpb_gallery wpb_content_element vc_clearfix vc_custom_1770281694484\" ><div class=\"wpb_wrapper\"><div class=\"wpb_gallery_slides wpb_flexslider flexslider_fade flexslider\" data-interval=\"10\" data-flex_fx=\"fade\"><ul class=\"slides\"><li><a class=\"\" href=\"https:\/\/outlet.newcarsolutions.pl\/wp-content\/uploads\/2025\/10\/305-5.webp\" data-lightbox=\"lightbox[rel-1488-2297585801]\"><img loading=\"lazy\" decoding=\"async\" width=\"1000\" height=\"1000\" src=\"https:\/\/outlet.newcarsolutions.pl\/wp-content\/uploads\/2025\/10\/305-5.webp\" class=\"attachment-full\" alt=\"\" title=\"305-5\" srcset=\"https:\/\/outlet.newcarsolutions.pl\/wp-content\/uploads\/2025\/10\/305-5.webp 1000w, https:\/\/outlet.newcarsolutions.pl\/wp-content\/uploads\/2025\/10\/305-5-600x600.webp 600w, https:\/\/outlet.newcarsolutions.pl\/wp-content\/uploads\/2025\/10\/305-5-150x150.webp 150w, https:\/\/outlet.newcarsolutions.pl\/wp-content\/uploads\/2025\/10\/305-5-768x768.webp 768w\" sizes=\"auto, (max-width: 1000px) 100vw, 1000px\" \/><\/a><\/li><li><a class=\"\" href=\"https:\/\/outlet.newcarsolutions.pl\/wp-content\/uploads\/2025\/10\/305-1.webp\" data-lightbox=\"lightbox[rel-1488-2297585801]\"><img loading=\"lazy\" decoding=\"async\" width=\"1000\" height=\"1000\" src=\"https:\/\/outlet.newcarsolutions.pl\/wp-content\/uploads\/2025\/10\/305-1.webp\" class=\"attachment-full\" alt=\"\" title=\"305-1\" srcset=\"https:\/\/outlet.newcarsolutions.pl\/wp-content\/uploads\/2025\/10\/305-1.webp 1000w, https:\/\/outlet.newcarsolutions.pl\/wp-content\/uploads\/2025\/10\/305-1-600x600.webp 600w, https:\/\/outlet.newcarsolutions.pl\/wp-content\/uploads\/2025\/10\/305-1-150x150.webp 150w, https:\/\/outlet.newcarsolutions.pl\/wp-content\/uploads\/2025\/10\/305-1-768x768.webp 768w\" sizes=\"auto, (max-width: 1000px) 100vw, 1000px\" \/><\/a><\/li><li><a class=\"\" href=\"https:\/\/outlet.newcarsolutions.pl\/wp-content\/uploads\/2025\/10\/305-4.webp\" data-lightbox=\"lightbox[rel-1488-2297585801]\"><img loading=\"lazy\" decoding=\"async\" width=\"1000\" height=\"1000\" src=\"https:\/\/outlet.newcarsolutions.pl\/wp-content\/uploads\/2025\/10\/305-4.webp\" class=\"attachment-full\" alt=\"\" title=\"305-4\" srcset=\"https:\/\/outlet.newcarsolutions.pl\/wp-content\/uploads\/2025\/10\/305-4.webp 1000w, https:\/\/outlet.newcarsolutions.pl\/wp-content\/uploads\/2025\/10\/305-4-600x600.webp 600w, https:\/\/outlet.newcarsolutions.pl\/wp-content\/uploads\/2025\/10\/305-4-150x150.webp 150w, https:\/\/outlet.newcarsolutions.pl\/wp-content\/uploads\/2025\/10\/305-4-768x768.webp 768w\" sizes=\"auto, (max-width: 1000px) 100vw, 1000px\" \/><\/a><\/li><li><a class=\"\" href=\"https:\/\/outlet.newcarsolutions.pl\/wp-content\/uploads\/2025\/10\/305-3.webp\" data-lightbox=\"lightbox[rel-1488-2297585801]\"><img loading=\"lazy\" decoding=\"async\" width=\"1000\" height=\"1000\" src=\"https:\/\/outlet.newcarsolutions.pl\/wp-content\/uploads\/2025\/10\/305-3.webp\" class=\"attachment-full\" alt=\"\" title=\"305-3\" srcset=\"https:\/\/outlet.newcarsolutions.pl\/wp-content\/uploads\/2025\/10\/305-3.webp 1000w, https:\/\/outlet.newcarsolutions.pl\/wp-content\/uploads\/2025\/10\/305-3-600x600.webp 600w, https:\/\/outlet.newcarsolutions.pl\/wp-content\/uploads\/2025\/10\/305-3-150x150.webp 150w, https:\/\/outlet.newcarsolutions.pl\/wp-content\/uploads\/2025\/10\/305-3-768x768.webp 768w\" sizes=\"auto, (max-width: 1000px) 100vw, 1000px\" \/><\/a><\/li><li><a class=\"\" href=\"https:\/\/outlet.newcarsolutions.pl\/wp-content\/uploads\/2025\/10\/305-2.webp\" data-lightbox=\"lightbox[rel-1488-2297585801]\"><img loading=\"lazy\" decoding=\"async\" width=\"1000\" height=\"1000\" src=\"https:\/\/outlet.newcarsolutions.pl\/wp-content\/uploads\/2025\/10\/305-2.webp\" class=\"attachment-full\" alt=\"\" title=\"305-2\" srcset=\"https:\/\/outlet.newcarsolutions.pl\/wp-content\/uploads\/2025\/10\/305-2.webp 1000w, https:\/\/outlet.newcarsolutions.pl\/wp-content\/uploads\/2025\/10\/305-2-600x600.webp 600w, https:\/\/outlet.newcarsolutions.pl\/wp-content\/uploads\/2025\/10\/305-2-150x150.webp 150w, https:\/\/outlet.newcarsolutions.pl\/wp-content\/uploads\/2025\/10\/305-2-768x768.webp 768w\" sizes=\"auto, (max-width: 1000px) 100vw, 1000px\" \/><\/a><\/li><\/ul><\/div><\/div><\/div>\t\t<div id=\"wd-68ff1dc3cdbc8\" class=\"wd-text-block wd-wpb reset-last-child wd-rs-68ff1dc3cdbc8 text-left \">\n\t\t\t<p>Zdj\u0119cia w ofercie <strong data-start=\"539\" data-end=\"584\">nie przedstawiaj\u0105 konkretnego egzemplarza<\/strong>, lecz pokazuj\u0105 <strong data-start=\"600\" data-end=\"650\">przyk\u0142adowy stan wizualny modeli outletowych<\/strong>.<br data-start=\"651\" data-end=\"654\">Ka\u017cde radio zosta\u0142o <strong data-start=\"674\" data-end=\"714\">dok\u0142adnie sprawdzone i przetestowane<\/strong>, dzi\u0119ki czemu masz pewno\u015b\u0107, \u017ce <strong data-start=\"746\" data-end=\"773\">dzia\u0142a w 100% poprawnie<\/strong> \u2014 r\u00f3\u017cnice dotycz\u0105 wy\u0142\u0105cznie wygl\u0105du zewn\u0119trznego.<\/p>\n\t\t<\/div>\n\t\t<\/div><\/div><\/div><\/div><div class=\"vc_row wpb_row vc_row-fluid\"><div class=\"wpb_column vc_column_container vc_col-sm-12\"><div class=\"vc_column-inner\"><div class=\"wpb_wrapper\">\n\t\t<div id=\"wd-68fb65b593606\" class=\"title-wrapper wd-wpb wd-set-mb reset-last-child  wd-rs-68fb65b593606 wd-title-color-default wd-title-style-default text-center  wd-underline-colored\">\n\t\t\t\n\t\t\t<div class=\"liner-continer\">\n\t\t\t\t<h4 class=\"woodmart-title-container title  wd-font-weight- wd-fontsize-l\" >Zawarto\u015b\u0107 zestawu<\/h4>\n\t\t\t\t\t\t\t<\/div>\n\t\t\t\n\t\t\t\n\t\t\t\n\t\t<\/div>\n\t\t\n\t\t<div class=\"vc_row wpb_row vc_inner vc_row-fluid vc_row-o-content-middle vc_row-flex wd-rs-68fb670505de8\"><div class=\"wpb_column vc_column_container vc_col-sm-6\"><div class=\"vc_column-inner\"><div class=\"wpb_wrapper\">\n\t\t<ul class=\" wd-rs-6901fbacd48e7 wd-list wd-wpb color-scheme- wd-fontsize-s wd-type-icon wd-style-default text-center \" id=\"wd-6901fbacd48e7\">\n\t\t\t\t\t\t\t\t\t\t\t<li>\n\t\t\t\t\t<span class=\"wd-icon fa fa-solid fa-angle-right\"><\/span>\n\t\t\t\t\t<span class=\"wd-list-content list-content\">\n\t\t\t\t\t\t\t\t\t\t\t\t\tRadio NCS RS-305\t\t\t\t\t\t\t\t\t\t\t<\/span>\n\t\t\t\t<\/li>\n\t\t\t\t\t\t\t\t\t\t\t<li>\n\t\t\t\t\t<span class=\"wd-icon fa fa-solid fa-angle-right\"><\/span>\n\t\t\t\t\t<span class=\"wd-list-content list-content\">\n\t\t\t\t\t\t\t\t\t\t\t\t\tPrzewody zasilaj\u0105co-sygna\u0142owe\t\t\t\t\t\t\t\t\t\t\t<\/span>\n\t\t\t\t<\/li>\n\t\t\t\t\t\t\t\t\t\t\t<li>\n\t\t\t\t\t<span class=\"wd-icon fa fa-solid fa-angle-right\"><\/span>\n\t\t\t\t\t<span class=\"wd-list-content list-content\">\n\t\t\t\t\t\t\t\t\t\t\t\t\tDwa przewody USB\n\n\t\t\t\t\t\t\t\t\t\t\t<\/span>\n\t\t\t\t<\/li>\n\t\t\t\t\t\t\t\t\t\t\t<li>\n\t\t\t\t\t<span class=\"wd-icon fa fa-solid fa-angle-right\"><\/span>\n\t\t\t\t\t<span class=\"wd-list-content list-content\">\n\t\t\t\t\t\t\t\t\t\t\t\t\tModu\u0142 GPS\t\t\t\t\t\t\t\t\t\t\t<\/span>\n\t\t\t\t<\/li>\n\t\t\t\t\t\t\t\t\t\t\t<li>\n\t\t\t\t\t<span class=\"wd-icon fa fa-solid fa-angle-right\"><\/span>\n\t\t\t\t\t<span class=\"wd-list-content list-content\">\n\t\t\t\t\t\t\t\t\t\t\t\t\tPrzewody multifunkcyjne RCA\t\t\t\t\t\t\t\t\t\t\t<\/span>\n\t\t\t\t<\/li>\n\t\t\t\t\t\t\t\t\t\t\t<li>\n\t\t\t\t\t<span class=\"wd-icon fa fa-solid fa-angle-right\"><\/span>\n\t\t\t\t\t<span class=\"wd-list-content list-content\">\n\t\t\t\t\t\t\t\t\t\t\t\t\tMikrofon akcesoryjny\t\t\t\t\t\t\t\t\t\t\t<\/span>\n\t\t\t\t<\/li>\n\t\t\t\t\t\t\t\t\t\t\t<li>\n\t\t\t\t\t<span class=\"wd-icon fa fa-solid fa-angle-right\"><\/span>\n\t\t\t\t\t<span class=\"wd-list-content list-content\">\n\t\t\t\t\t\t\t\t\t\t\t\t\tPrzew\u00f3d kamery cofania z antenami Wi-Fi i BT\t\t\t\t\t\t\t\t\t\t\t<\/span>\n\t\t\t\t<\/li>\n\t\t\t\t\t<\/ul>\n\t\t<\/div><\/div><\/div><div class=\"wpb_column vc_column_container vc_col-sm-6\"><div class=\"vc_column-inner\"><div class=\"wpb_wrapper\">\t\t<div id=\"wd-6901fa215950a\" class=\"wd-image wd-wpb wd-rs-6901fa215950a text-left \">\n\t\t\t\n\t\t\t<img loading=\"lazy\" decoding=\"async\" width=\"1000\" height=\"1000\" src=\"https:\/\/outlet.newcarsolutions.pl\/wp-content\/uploads\/2025\/10\/rs-305.webp\" class=\"attachment-medium size-medium\" alt=\"\" srcset=\"https:\/\/outlet.newcarsolutions.pl\/wp-content\/uploads\/2025\/10\/rs-305.webp 1000w, https:\/\/outlet.newcarsolutions.pl\/wp-content\/uploads\/2025\/10\/rs-305-600x600.webp 600w, https:\/\/outlet.newcarsolutions.pl\/wp-content\/uploads\/2025\/10\/rs-305-150x150.webp 150w, https:\/\/outlet.newcarsolutions.pl\/wp-content\/uploads\/2025\/10\/rs-305-768x768.webp 768w, https:\/\/outlet.newcarsolutions.pl\/wp-content\/uploads\/2025\/10\/rs-305-64x64.webp 64w\" sizes=\"auto, (max-width: 1000px) 100vw, 1000px\" \/>\n\t\t\t\t\t<\/div>\n\t\t<\/div><\/div><\/div><\/div><\/div><\/div><\/div><\/div>\n<\/div>","protected":false},"excerpt":{"rendered":"Radio Samochodowe NCS RS-305 Urz\u0105dzenie mo\u017cna dostosowa\u0107 do ka\u017cdego dedykowanego zestawu radiowego dost\u0119pnego w naszej ofercie \u2013 w tym celu","protected":false},"featured_media":1494,"comment_status":"open","ping_status":"closed","template":"","meta":[],"product_brand":[],"product_cat":[141],"product_tag":[],"class_list":{"0":"post-1488","1":"product","2":"type-product","3":"status-publish","4":"has-post-thumbnail","6":"product_cat-radio-samochodowe","8":"first","9":"instock","10":"taxable","11":"shipping-taxable","12":"purchasable","13":"product-type-simple"},"_links":{"self":[{"href":"https:\/\/outlet.newcarsolutions.pl\/en\/wp-json\/wp\/v2\/product\/1488","targetHints":{"allow":["GET"]}}],"collection":[{"href":"https:\/\/outlet.newcarsolutions.pl\/en\/wp-json\/wp\/v2\/product"}],"about":[{"href":"https:\/\/outlet.newcarsolutions.pl\/en\/wp-json\/wp\/v2\/types\/product"}],"replies":[{"embeddable":true,"href":"https:\/\/outlet.newcarsolutions.pl\/en\/wp-json\/wp\/v2\/comments?post=1488"}],"wp:featuredmedia":[{"embeddable":true,"href":"https:\/\/outlet.newcarsolutions.pl\/en\/wp-json\/wp\/v2\/media\/1494"}],"wp:attachment":[{"href":"https:\/\/outlet.newcarsolutions.pl\/en\/wp-json\/wp\/v2\/media?parent=1488"}],"wp:term":[{"taxonomy":"product_brand","embeddable":true,"href":"https:\/\/outlet.newcarsolutions.pl\/en\/wp-json\/wp\/v2\/product_brand?post=1488"},{"taxonomy":"product_cat","embeddable":true,"href":"https:\/\/outlet.newcarsolutions.pl\/en\/wp-json\/wp\/v2\/product_cat?post=1488"},{"taxonomy":"product_tag","embeddable":true,"href":"https:\/\/outlet.newcarsolutions.pl\/en\/wp-json\/wp\/v2\/product_tag?post=1488"}],"curies":[{"name":"wp","href":"https:\/\/api.w.org\/{rel}","templated":true}]}}