{"id":1524,"date":"2025-10-29T14:51:49","date_gmt":"2025-10-29T13:51:49","guid":{"rendered":"https:\/\/outlet.newcarsolutions.pl\/?post_type=product&#038;p=1524"},"modified":"2026-02-05T09:54:22","modified_gmt":"2026-02-05T08:54:22","slug":"radio-samochodowe-ncs-rs-406s","status":"publish","type":"product","link":"https:\/\/outlet.newcarsolutions.pl\/en\/product\/radio-samochodowe-ncs-rs-406s\/","title":{"rendered":"Radio NCS RS-406S"},"content":{"rendered":"<div class=\"wpb-content-wrapper\"><div class=\"vc_row wpb_row vc_row-fluid\"><div class=\"wpb_column vc_column_container vc_col-sm-12\"><div class=\"vc_column-inner\"><div class=\"wpb_wrapper\">\t\t<div id=\"wd-6949369b4034c\" class=\"wd-image wd-wpb wd-rs-6949369b4034c text-center \">\n\t\t\t\n\t\t\t<img loading=\"lazy\" decoding=\"async\" width=\"1020\" height=\"148\" src=\"https:\/\/outlet.newcarsolutions.pl\/wp-content\/uploads\/2025\/10\/logo-outlet-aukcje1.webp\" class=\"attachment-medium size-medium\" alt=\"\" srcset=\"https:\/\/outlet.newcarsolutions.pl\/wp-content\/uploads\/2025\/10\/logo-outlet-aukcje1.webp 1020w, https:\/\/outlet.newcarsolutions.pl\/wp-content\/uploads\/2025\/10\/logo-outlet-aukcje1-768x111.webp 768w, https:\/\/outlet.newcarsolutions.pl\/wp-content\/uploads\/2025\/10\/logo-outlet-aukcje1-18x3.webp 18w, https:\/\/outlet.newcarsolutions.pl\/wp-content\/uploads\/2025\/10\/logo-outlet-aukcje1-150x22.webp 150w\" sizes=\"auto, (max-width: 1020px) 100vw, 1020px\" \/>\n\t\t\t\t\t<\/div>\n\t\t<\/div><\/div><\/div><\/div><div class=\"vc_row wpb_row vc_row-fluid wd-rs-68fa2c9d578df\"><div class=\"wpb_column vc_column_container vc_col-sm-12 wd-rs-63514c8260958\"><div class=\"vc_column-inner vc_custom_1666272391679\"><div class=\"wpb_wrapper\">\n\t\t<div id=\"wd-69021f14b955b\" class=\"title-wrapper wd-wpb wd-set-mb reset-last-child  wd-rs-69021f14b955b wd-title-color-default wd-title-style-default text-center  wd-underline-colored\">\n\t\t\t\n\t\t\t<div class=\"liner-continer\">\n\t\t\t\t<h4 class=\"woodmart-title-container title  wd-font-weight- wd-fontsize-l\" >Radio Samochodowe<\/h4>\n\t\t\t\t\t\t\t<\/div>\n\t\t\t\n\t\t\t\t\t\t\t<div class=\"title-after_title reset-last-child  wd-fontsize-xs\">NCS RS-406S<\/div>\n\t\t\t\n\t\t\t\n\t\t<\/div>\n\t\t\n\t\t<\/div><\/div><\/div><\/div><div class=\"vc_row wpb_row vc_row-fluid wd-rs-6351519a61682\"><div class=\"wpb_column vc_column_container vc_col-sm-12\"><div class=\"vc_column-inner\"><div class=\"wpb_wrapper\">\n\t\t<div id=\"wd-68fa1fc556dbe\" class=\"title-wrapper wd-wpb wd-set-mb reset-last-child  wd-rs-68fa1fc556dbe wd-title-color-default wd-title-style-default text-center vc_custom_1761223438823 wd-underline-colored\">\n\t\t\t\n\t\t\t<div class=\"liner-continer\">\n\t\t\t\t<h4 class=\"woodmart-title-container title  wd-font-weight- wd-fontsize-m\" >Przyk\u0142adowy wygl\u0105d produkt\u00f3w OUTLET<\/h4>\n\t\t\t\t\t\t\t<\/div>\n\t\t\t\n\t\t\t\n\t\t\t\n\t\t<\/div>\n\t\t\n\t\t\t\t<div id=\"wd-68ff1d8085381\" class=\"wd-text-block wd-wpb reset-last-child wd-rs-68ff1d8085381 text-left vc_custom_1761549703166\">\n\t\t\t<p style=\"text-align: center;\" data-start=\"116\" data-end=\"335\">Poni\u017cej przedstawiono <strong data-start=\"254\" data-end=\"281\">przyk\u0142adowe uszkodzenia<\/strong>, jakie mog\u0105 wyst\u0119powa\u0107:<\/p>\n<p>&#x25fc; zarysowania lub przetarcia obudowy,<br \/>\n&#x25fc; minimalne uszkodzenia plastikowych element\u00f3w,<br \/>\n&#x25fc; delikatne rysy na ekranie,<\/p>\n\t\t<\/div>\n\t\t<div class=\"wpb_gallery wpb_content_element vc_clearfix\" ><div class=\"wpb_wrapper\"><div class=\"wpb_gallery_slides wpb_flexslider flexslider_fade flexslider\" data-interval=\"10\" data-flex_fx=\"fade\"><ul class=\"slides\"><li><a class=\"\" href=\"https:\/\/outlet.newcarsolutions.pl\/wp-content\/uploads\/2025\/10\/406S-7.webp\" data-lightbox=\"lightbox[rel-1524-776611713]\"><img loading=\"lazy\" decoding=\"async\" width=\"1000\" height=\"1000\" src=\"https:\/\/outlet.newcarsolutions.pl\/wp-content\/uploads\/2025\/10\/406S-7.webp\" class=\"attachment-full\" alt=\"\" title=\"406S-7\" srcset=\"https:\/\/outlet.newcarsolutions.pl\/wp-content\/uploads\/2025\/10\/406S-7.webp 1000w, https:\/\/outlet.newcarsolutions.pl\/wp-content\/uploads\/2025\/10\/406S-7-600x600.webp 600w, https:\/\/outlet.newcarsolutions.pl\/wp-content\/uploads\/2025\/10\/406S-7-150x150.webp 150w, https:\/\/outlet.newcarsolutions.pl\/wp-content\/uploads\/2025\/10\/406S-7-768x768.webp 768w\" sizes=\"auto, (max-width: 1000px) 100vw, 1000px\" \/><\/a><\/li><li><a class=\"\" href=\"https:\/\/outlet.newcarsolutions.pl\/wp-content\/uploads\/2025\/10\/406S-6.webp\" data-lightbox=\"lightbox[rel-1524-776611713]\"><img loading=\"lazy\" decoding=\"async\" width=\"1000\" height=\"1000\" src=\"https:\/\/outlet.newcarsolutions.pl\/wp-content\/uploads\/2025\/10\/406S-6.webp\" class=\"attachment-full\" alt=\"\" title=\"406S-6\" srcset=\"https:\/\/outlet.newcarsolutions.pl\/wp-content\/uploads\/2025\/10\/406S-6.webp 1000w, https:\/\/outlet.newcarsolutions.pl\/wp-content\/uploads\/2025\/10\/406S-6-600x600.webp 600w, https:\/\/outlet.newcarsolutions.pl\/wp-content\/uploads\/2025\/10\/406S-6-150x150.webp 150w, https:\/\/outlet.newcarsolutions.pl\/wp-content\/uploads\/2025\/10\/406S-6-768x768.webp 768w\" sizes=\"auto, (max-width: 1000px) 100vw, 1000px\" \/><\/a><\/li><li><a class=\"\" href=\"https:\/\/outlet.newcarsolutions.pl\/wp-content\/uploads\/2025\/10\/406S-5.webp\" data-lightbox=\"lightbox[rel-1524-776611713]\"><img loading=\"lazy\" decoding=\"async\" width=\"1000\" height=\"1000\" src=\"https:\/\/outlet.newcarsolutions.pl\/wp-content\/uploads\/2025\/10\/406S-5.webp\" class=\"attachment-full\" alt=\"\" title=\"406S-5\" srcset=\"https:\/\/outlet.newcarsolutions.pl\/wp-content\/uploads\/2025\/10\/406S-5.webp 1000w, https:\/\/outlet.newcarsolutions.pl\/wp-content\/uploads\/2025\/10\/406S-5-600x600.webp 600w, https:\/\/outlet.newcarsolutions.pl\/wp-content\/uploads\/2025\/10\/406S-5-150x150.webp 150w, https:\/\/outlet.newcarsolutions.pl\/wp-content\/uploads\/2025\/10\/406S-5-768x768.webp 768w\" sizes=\"auto, (max-width: 1000px) 100vw, 1000px\" \/><\/a><\/li><li><a class=\"\" href=\"https:\/\/outlet.newcarsolutions.pl\/wp-content\/uploads\/2025\/10\/406S-4.webp\" data-lightbox=\"lightbox[rel-1524-776611713]\"><img loading=\"lazy\" decoding=\"async\" width=\"1000\" height=\"1000\" src=\"https:\/\/outlet.newcarsolutions.pl\/wp-content\/uploads\/2025\/10\/406S-4.webp\" class=\"attachment-full\" alt=\"\" title=\"406S-4\" srcset=\"https:\/\/outlet.newcarsolutions.pl\/wp-content\/uploads\/2025\/10\/406S-4.webp 1000w, https:\/\/outlet.newcarsolutions.pl\/wp-content\/uploads\/2025\/10\/406S-4-600x600.webp 600w, https:\/\/outlet.newcarsolutions.pl\/wp-content\/uploads\/2025\/10\/406S-4-150x150.webp 150w, https:\/\/outlet.newcarsolutions.pl\/wp-content\/uploads\/2025\/10\/406S-4-768x768.webp 768w\" sizes=\"auto, (max-width: 1000px) 100vw, 1000px\" \/><\/a><\/li><li><a class=\"\" href=\"https:\/\/outlet.newcarsolutions.pl\/wp-content\/uploads\/2025\/10\/406S-3.webp\" data-lightbox=\"lightbox[rel-1524-776611713]\"><img loading=\"lazy\" decoding=\"async\" width=\"1000\" height=\"1000\" src=\"https:\/\/outlet.newcarsolutions.pl\/wp-content\/uploads\/2025\/10\/406S-3.webp\" class=\"attachment-full\" alt=\"\" title=\"406S-3\" srcset=\"https:\/\/outlet.newcarsolutions.pl\/wp-content\/uploads\/2025\/10\/406S-3.webp 1000w, https:\/\/outlet.newcarsolutions.pl\/wp-content\/uploads\/2025\/10\/406S-3-600x600.webp 600w, https:\/\/outlet.newcarsolutions.pl\/wp-content\/uploads\/2025\/10\/406S-3-150x150.webp 150w, https:\/\/outlet.newcarsolutions.pl\/wp-content\/uploads\/2025\/10\/406S-3-768x768.webp 768w\" sizes=\"auto, (max-width: 1000px) 100vw, 1000px\" \/><\/a><\/li><li><a class=\"\" href=\"https:\/\/outlet.newcarsolutions.pl\/wp-content\/uploads\/2025\/10\/406S-2.webp\" data-lightbox=\"lightbox[rel-1524-776611713]\"><img loading=\"lazy\" decoding=\"async\" width=\"1000\" height=\"1000\" src=\"https:\/\/outlet.newcarsolutions.pl\/wp-content\/uploads\/2025\/10\/406S-2.webp\" class=\"attachment-full\" alt=\"\" title=\"406S-2\" srcset=\"https:\/\/outlet.newcarsolutions.pl\/wp-content\/uploads\/2025\/10\/406S-2.webp 1000w, https:\/\/outlet.newcarsolutions.pl\/wp-content\/uploads\/2025\/10\/406S-2-600x600.webp 600w, https:\/\/outlet.newcarsolutions.pl\/wp-content\/uploads\/2025\/10\/406S-2-150x150.webp 150w, https:\/\/outlet.newcarsolutions.pl\/wp-content\/uploads\/2025\/10\/406S-2-768x768.webp 768w\" sizes=\"auto, (max-width: 1000px) 100vw, 1000px\" \/><\/a><\/li><li><a class=\"\" href=\"https:\/\/outlet.newcarsolutions.pl\/wp-content\/uploads\/2025\/10\/406S-1.webp\" data-lightbox=\"lightbox[rel-1524-776611713]\"><img loading=\"lazy\" decoding=\"async\" width=\"1000\" height=\"1000\" src=\"https:\/\/outlet.newcarsolutions.pl\/wp-content\/uploads\/2025\/10\/406S-1.webp\" class=\"attachment-full\" alt=\"\" title=\"406S-1\" srcset=\"https:\/\/outlet.newcarsolutions.pl\/wp-content\/uploads\/2025\/10\/406S-1.webp 1000w, https:\/\/outlet.newcarsolutions.pl\/wp-content\/uploads\/2025\/10\/406S-1-600x600.webp 600w, https:\/\/outlet.newcarsolutions.pl\/wp-content\/uploads\/2025\/10\/406S-1-150x150.webp 150w, https:\/\/outlet.newcarsolutions.pl\/wp-content\/uploads\/2025\/10\/406S-1-768x768.webp 768w\" sizes=\"auto, (max-width: 1000px) 100vw, 1000px\" \/><\/a><\/li><\/ul><\/div><\/div><\/div>\t\t<div id=\"wd-68ff1dc3cdbc8\" class=\"wd-text-block wd-wpb reset-last-child wd-rs-68ff1dc3cdbc8 text-left \">\n\t\t\t<p>Zdj\u0119cia w ofercie <strong data-start=\"539\" data-end=\"584\">nie przedstawiaj\u0105 konkretnego egzemplarza<\/strong>, lecz pokazuj\u0105 <strong data-start=\"600\" data-end=\"650\">przyk\u0142adowy stan wizualny modeli outletowych<\/strong>.<br data-start=\"651\" data-end=\"654\" \/>Ka\u017cde radio zosta\u0142o <strong data-start=\"674\" data-end=\"714\">dok\u0142adnie sprawdzone i przetestowane<\/strong>, dzi\u0119ki czemu masz pewno\u015b\u0107, \u017ce <strong data-start=\"746\" data-end=\"773\">dzia\u0142a w 100% poprawnie<\/strong> \u2014 r\u00f3\u017cnice dotycz\u0105 wy\u0142\u0105cznie wygl\u0105du zewn\u0119trznego.<\/p>\n\t\t<\/div>\n\t\t<\/div><\/div><\/div><\/div><div data-vc-full-width=\"true\" data-vc-full-width-temp=\"true\" data-vc-full-width-init=\"false\" class=\"vc_row wpb_row vc_row-fluid vc_row-o-equal-height vc_row-o-content-middle vc_row-flex wd-rs-690221fdb8055\"><div class=\"wpb_column vc_column_container vc_col-sm-12\"><div class=\"vc_column-inner vc_custom_1506602551675\"><div class=\"wpb_wrapper\">\n\t\t<div id=\"wd-68fa2585f1868\" class=\"title-wrapper wd-wpb wd-set-mb reset-last-child  wd-rs-68fa2585f1868 wd-title-color-default wd-title-style-default text-center  wd-underline-colored\">\n\t\t\t\n\t\t\t<div class=\"liner-continer\">\n\t\t\t\t<h4 class=\"woodmart-title-container title  wd-font-weight- wd-fontsize-l\" >Kompatybilne modele samochod\u00f3w<\/h4>\n\t\t\t\t\t\t\t<\/div>\n\t\t\t\n\t\t\t\t\t\t\t<div class=\"title-after_title reset-last-child  wd-fontsize-xs\">Panel pasuje do radioodbiornik\u00f3w montowanych w nast\u0119puj\u0105cych modelach aut:<\/div>\n\t\t\t\n\t\t\t\n\t\t<\/div>\n\t\t\n\t\t<\/div><\/div><\/div><div class=\"wpb_column vc_column_container vc_col-sm-6\"><div class=\"vc_column-inner\"><div class=\"wpb_wrapper\">\t\t<div id=\"wd-691ae2d979d00\" class=\"wd-image wd-wpb wd-rs-691ae2d979d00 text-center vc_custom_1763369692392\">\n\t\t\t\n\t\t\t<img loading=\"lazy\" decoding=\"async\" width=\"384\" height=\"148\" src=\"https:\/\/outlet.newcarsolutions.pl\/wp-content\/uploads\/2025\/10\/ford-logo-384x148.webp\" class=\"attachment-384x148 size-384x148\" alt=\"\" srcset=\"https:\/\/outlet.newcarsolutions.pl\/wp-content\/uploads\/2025\/10\/ford-logo-384x148.webp 384w, https:\/\/outlet.newcarsolutions.pl\/wp-content\/uploads\/2025\/10\/ford-logo-150x58.webp 150w, https:\/\/outlet.newcarsolutions.pl\/wp-content\/uploads\/2025\/10\/ford-logo-1200x460.webp 1200w, https:\/\/outlet.newcarsolutions.pl\/wp-content\/uploads\/2025\/10\/ford-logo-768x295.webp 768w, https:\/\/outlet.newcarsolutions.pl\/wp-content\/uploads\/2025\/10\/ford-logo-1536x589.webp 1536w, https:\/\/outlet.newcarsolutions.pl\/wp-content\/uploads\/2025\/10\/ford-logo-2048x786.webp 2048w, https:\/\/outlet.newcarsolutions.pl\/wp-content\/uploads\/2025\/10\/ford-logo-192x74.webp 192w\" sizes=\"auto, (max-width: 384px) 100vw, 384px\" \/>\n\t\t\t\t\t<\/div>\n\t\t<\/div><\/div><\/div><div class=\"wpb_column vc_column_container vc_col-sm-6\"><div class=\"vc_column-inner\"><div class=\"wpb_wrapper\">\t\t\t<div class=\"info-box-wrapper\">\n\t\t\t\t<div id=\"wd-690222d008055\" class=\" wd-rs-690222d008055 wd-info-box wd-wpb text-left box-icon-align-left box-style- color-scheme- wd-bg-none wd-items-top vc_custom_1761747724730\">\n\t\t\t\t\t\t\t\t\t\t<div class=\"info-box-content\">\n\t\t\t\t\t\t\t\t\t\t\t\t<div class=\"info-box-inner reset-last-child\"><p><strong>&#x25fc; <\/strong>Focus (2008-2011)<br \/>\n<strong>&#x25fc; <\/strong>S-Max (2008-2012)<br \/>\n<strong>&#x25fc; <\/strong>Mondeo (2007-2011)<br \/>\n<strong>&#x25fc; <\/strong>Galaxy (2006-2012)<br \/>\n<strong>&#x25fc; <\/strong>C-Max (2008-2011)<br \/>\n<strong>&#x25fc; <\/strong>Kuga (2006-2012)<br \/>\n<strong>&#x25fc; <\/strong>Ford Transit Connect (2010)<\/p>\n<\/div>\n\n\t\t\t\t\t\t\t\t\t\t\t<\/div>\n\n\t\t\t\t\t\n\t\t\t\t\t\t\t\t\t<\/div>\n\t\t\t<\/div>\n\t\t<\/div><\/div><\/div><div class=\"wpb_column vc_column_container vc_col-sm-12\"><div class=\"vc_column-inner\"><div class=\"wpb_wrapper\">\t\t<div id=\"wd-691ae2e981939\" class=\"wd-image wd-wpb wd-rs-691ae2e981939 text-center \">\n\t\t\t\n\t\t\t<img loading=\"lazy\" decoding=\"async\" width=\"775\" height=\"744\" src=\"https:\/\/outlet.newcarsolutions.pl\/wp-content\/uploads\/2025\/10\/PRZED-PO-Silver.webp\" class=\"attachment-medium size-medium\" alt=\"\" srcset=\"https:\/\/outlet.newcarsolutions.pl\/wp-content\/uploads\/2025\/10\/PRZED-PO-Silver.webp 775w, https:\/\/outlet.newcarsolutions.pl\/wp-content\/uploads\/2025\/10\/PRZED-PO-Silver-150x144.webp 150w, https:\/\/outlet.newcarsolutions.pl\/wp-content\/uploads\/2025\/10\/PRZED-PO-Silver-768x737.webp 768w\" sizes=\"auto, (max-width: 775px) 100vw, 775px\" \/>\n\t\t\t\t\t<\/div>\n\t\t<\/div><\/div><\/div><\/div><div class=\"vc_row-full-width vc_clearfix\"><\/div><div class=\"vc_row wpb_row vc_row-fluid\"><div class=\"wpb_column vc_column_container vc_col-sm-12\"><div class=\"vc_column-inner\"><div class=\"wpb_wrapper\">\n\t\t<div id=\"wd-68fb65b593606\" class=\"title-wrapper wd-wpb wd-set-mb reset-last-child  wd-rs-68fb65b593606 wd-title-color-default wd-title-style-default text-center  wd-underline-colored\">\n\t\t\t\n\t\t\t<div class=\"liner-continer\">\n\t\t\t\t<h4 class=\"woodmart-title-container title  wd-font-weight- wd-fontsize-l\" >Zawarto\u015b\u0107 zestawu<\/h4>\n\t\t\t\t\t\t\t<\/div>\n\t\t\t\n\t\t\t\n\t\t\t\n\t\t<\/div>\n\t\t\n\t\t<div class=\"vc_row wpb_row vc_inner vc_row-fluid vc_row-o-content-middle vc_row-flex wd-rs-68fb670505de8\"><div class=\"wpb_column vc_column_container vc_col-sm-6\"><div class=\"vc_column-inner\"><div class=\"wpb_wrapper\">\n\t\t<ul class=\" wd-rs-6902233cdf9e9 wd-list wd-wpb color-scheme- wd-fontsize-s wd-type-icon wd-style-default text-center \" id=\"wd-6902233cdf9e9\">\n\t\t\t\t\t\t\t\t\t\t\t<li>\n\t\t\t\t\t<span class=\"wd-icon fa fa-solid fa-angle-right\"><\/span>\n\t\t\t\t\t<span class=\"wd-list-content list-content\">\n\t\t\t\t\t\t\t\t\t\t\t\t\tRadio NCS RS-406S\t\t\t\t\t\t\t\t\t\t\t<\/span>\n\t\t\t\t<\/li>\n\t\t\t\t\t\t\t\t\t\t\t<li>\n\t\t\t\t\t<span class=\"wd-icon fa fa-solid fa-angle-right\"><\/span>\n\t\t\t\t\t<span class=\"wd-list-content list-content\">\n\t\t\t\t\t\t\t\t\t\t\t\t\tPrzewody zasilaj\u0105ce i sygna\u0142owe\t\t\t\t\t\t\t\t\t\t\t<\/span>\n\t\t\t\t<\/li>\n\t\t\t\t\t\t\t\t\t\t\t<li>\n\t\t\t\t\t<span class=\"wd-icon fa fa-solid fa-angle-right\"><\/span>\n\t\t\t\t\t<span class=\"wd-list-content list-content\">\n\t\t\t\t\t\t\t\t\t\t\t\t\tDwa przewody USB\n\n\t\t\t\t\t\t\t\t\t\t\t<\/span>\n\t\t\t\t<\/li>\n\t\t\t\t\t\t\t\t\t\t\t<li>\n\t\t\t\t\t<span class=\"wd-icon fa fa-solid fa-angle-right\"><\/span>\n\t\t\t\t\t<span class=\"wd-list-content list-content\">\n\t\t\t\t\t\t\t\t\t\t\t\t\tModu\u0142 GPS\t\t\t\t\t\t\t\t\t\t\t<\/span>\n\t\t\t\t<\/li>\n\t\t\t\t\t\t\t\t\t\t\t<li>\n\t\t\t\t\t<span class=\"wd-icon fa fa-solid fa-angle-right\"><\/span>\n\t\t\t\t\t<span class=\"wd-list-content list-content\">\n\t\t\t\t\t\t\t\t\t\t\t\t\tPrzewody multifunkcyjne RCA\t\t\t\t\t\t\t\t\t\t\t<\/span>\n\t\t\t\t<\/li>\n\t\t\t\t\t\t\t\t\t\t\t<li>\n\t\t\t\t\t<span class=\"wd-icon fa fa-solid fa-angle-right\"><\/span>\n\t\t\t\t\t<span class=\"wd-list-content list-content\">\n\t\t\t\t\t\t\t\t\t\t\t\t\tPrzew\u00f3d kamery cofania z antenami Wi-Fi i BT\t\t\t\t\t\t\t\t\t\t\t<\/span>\n\t\t\t\t<\/li>\n\t\t\t\t\t\t\t\t\t\t\t<li>\n\t\t\t\t\t<span class=\"wd-icon fa fa-solid fa-angle-right\"><\/span>\n\t\t\t\t\t<span class=\"wd-list-content list-content\">\n\t\t\t\t\t\t\t\t\t\t\t\t\tModu\u0142 CAN-BUS\t\t\t\t\t\t\t\t\t\t\t<\/span>\n\t\t\t\t<\/li>\n\t\t\t\t\t\t\t\t\t\t\t<li>\n\t\t\t\t\t<span class=\"wd-icon fa fa-solid fa-angle-right\"><\/span>\n\t\t\t\t\t<span class=\"wd-list-content list-content\">\n\t\t\t\t\t\t\t\t\t\t\t\t\tAdapter antenowy\t\t\t\t\t\t\t\t\t\t\t<\/span>\n\t\t\t\t<\/li>\n\t\t\t\t\t<\/ul>\n\t\t<\/div><\/div><\/div><div class=\"wpb_column vc_column_container vc_col-sm-6\"><div class=\"vc_column-inner\"><div class=\"wpb_wrapper\">\t\t<div id=\"wd-6902232808f87\" class=\"wd-image wd-wpb wd-rs-6902232808f87 text-left \">\n\t\t\t\n\t\t\t<img loading=\"lazy\" decoding=\"async\" width=\"1000\" height=\"1000\" src=\"https:\/\/outlet.newcarsolutions.pl\/wp-content\/uploads\/2025\/10\/406s.webp\" class=\"attachment-medium size-medium\" alt=\"\" srcset=\"https:\/\/outlet.newcarsolutions.pl\/wp-content\/uploads\/2025\/10\/406s.webp 1000w, https:\/\/outlet.newcarsolutions.pl\/wp-content\/uploads\/2025\/10\/406s-600x600.webp 600w, https:\/\/outlet.newcarsolutions.pl\/wp-content\/uploads\/2025\/10\/406s-150x150.webp 150w, https:\/\/outlet.newcarsolutions.pl\/wp-content\/uploads\/2025\/10\/406s-768x768.webp 768w, https:\/\/outlet.newcarsolutions.pl\/wp-content\/uploads\/2025\/10\/406s-64x64.webp 64w\" sizes=\"auto, (max-width: 1000px) 100vw, 1000px\" \/>\n\t\t\t\t\t<\/div>\n\t\t<\/div><\/div><\/div><\/div><\/div><\/div><\/div><\/div>\n<\/div>","protected":false},"excerpt":{"rendered":"Radio Samochodowe NCS RS-406S Przyk\u0142adowy wygl\u0105d produkt\u00f3w OUTLET Poni\u017cej przedstawiono przyk\u0142adowe uszkodzenia, jakie mog\u0105 wyst\u0119powa\u0107: &#x25fc; zarysowania lub przetarcia obudowy,","protected":false},"featured_media":1525,"comment_status":"open","ping_status":"closed","template":"","meta":[],"product_brand":[],"product_cat":[141],"product_tag":[],"class_list":{"0":"post-1524","1":"product","2":"type-product","3":"status-publish","4":"has-post-thumbnail","6":"product_cat-radio-samochodowe","8":"first","9":"instock","10":"taxable","11":"shipping-taxable","12":"purchasable","13":"product-type-simple"},"_links":{"self":[{"href":"https:\/\/outlet.newcarsolutions.pl\/en\/wp-json\/wp\/v2\/product\/1524","targetHints":{"allow":["GET"]}}],"collection":[{"href":"https:\/\/outlet.newcarsolutions.pl\/en\/wp-json\/wp\/v2\/product"}],"about":[{"href":"https:\/\/outlet.newcarsolutions.pl\/en\/wp-json\/wp\/v2\/types\/product"}],"replies":[{"embeddable":true,"href":"https:\/\/outlet.newcarsolutions.pl\/en\/wp-json\/wp\/v2\/comments?post=1524"}],"wp:featuredmedia":[{"embeddable":true,"href":"https:\/\/outlet.newcarsolutions.pl\/en\/wp-json\/wp\/v2\/media\/1525"}],"wp:attachment":[{"href":"https:\/\/outlet.newcarsolutions.pl\/en\/wp-json\/wp\/v2\/media?parent=1524"}],"wp:term":[{"taxonomy":"product_brand","embeddable":true,"href":"https:\/\/outlet.newcarsolutions.pl\/en\/wp-json\/wp\/v2\/product_brand?post=1524"},{"taxonomy":"product_cat","embeddable":true,"href":"https:\/\/outlet.newcarsolutions.pl\/en\/wp-json\/wp\/v2\/product_cat?post=1524"},{"taxonomy":"product_tag","embeddable":true,"href":"https:\/\/outlet.newcarsolutions.pl\/en\/wp-json\/wp\/v2\/product_tag?post=1524"}],"curies":[{"name":"wp","href":"https:\/\/api.w.org\/{rel}","templated":true}]}}