{"id":1564,"date":"2025-10-30T13:11:25","date_gmt":"2025-10-30T12:11:25","guid":{"rendered":"https:\/\/outlet.newcarsolutions.pl\/?post_type=product&#038;p=1564"},"modified":"2025-10-30T15:06:15","modified_gmt":"2025-10-30T14:06:15","slug":"zlacze-iso-do-radia-android","status":"publish","type":"product","link":"https:\/\/outlet.newcarsolutions.pl\/en\/product\/zlacze-iso-do-radia-android\/","title":{"rendered":"Z\u0142\u0105cze ISO do radia Android"},"content":{"rendered":"<div class=\"wpb-content-wrapper\"><div class=\"vc_row wpb_row vc_row-fluid vc_row-o-content-middle vc_row-flex wd-rs-69036ddc8e048\"><div class=\"wpb_column vc_column_container vc_col-sm-12\"><div class=\"vc_column-inner\"><div class=\"wpb_wrapper\">\n\t\t<div id=\"wd-690358684c52b\" class=\"title-wrapper wd-wpb wd-set-mb reset-last-child  wd-rs-690358684c52b wd-title-color-default wd-title-style-default text-center  wd-underline-colored\">\n\t\t\t\n\t\t\t<div class=\"liner-continer\">\n\t\t\t\t<h4 class=\"woodmart-title-container title  wd-font-weight- wd-fontsize-l\" >Adapter do radia Android, standard ISO<\/h4>\n\t\t\t\t\t\t\t<\/div>\n\t\t\t\n\t\t\t\n\t\t\t\n\t\t<\/div>\n\t\t\n\t\t<\/div><\/div><\/div><div class=\"wpb_column vc_column_container vc_col-sm-6\"><div class=\"vc_column-inner\"><div class=\"wpb_wrapper\">\t\t<div id=\"wd-69035903d0433\" class=\"wd-text-block wd-wpb reset-last-child wd-rs-69035903d0433 text-left\">\n\t\t\t<p>Praktyczny adapter przeznaczony do <strong>radioodtwarzaczy z systemem Android<\/strong>. Umo\u017cliwia \u0142atwe i pewne pod\u0142\u0105czenie instalacji samochodowej w <strong>standardzie ISO<\/strong>. Zapewnia stabilne dzia\u0142anie oraz szybki monta\u017c bez przer\u00f3bek instalacji.<\/p>\n<p>Idealny, gdy chcesz wymieni\u0107 fabryczne radio na <strong>nowoczesne Android<\/strong>&nbsp;i potrzebujesz <strong>prostego, bezpiecznego sposobu pod\u0142\u0105czenia.<\/strong><\/p>\n\t\t<\/div>\n\t\t<\/div><\/div><\/div><div class=\"wpb_column vc_column_container vc_col-sm-6\"><div class=\"vc_column-inner\"><div class=\"wpb_wrapper\">\t\t<div id=\"wd-690358e659976\" class=\"wd-image wd-wpb wd-rs-690358e659976 text-left\">\n\t\t\t\n\t\t\t<img loading=\"lazy\" decoding=\"async\" width=\"2074\" height=\"1415\" src=\"https:\/\/outlet.newcarsolutions.pl\/wp-content\/uploads\/2025\/10\/1f8f5cde6c12577c76d8c051fedb3315.webp\" class=\"attachment-medium size-medium\" alt=\"\" srcset=\"https:\/\/outlet.newcarsolutions.pl\/wp-content\/uploads\/2025\/10\/1f8f5cde6c12577c76d8c051fedb3315.webp 2074w, https:\/\/outlet.newcarsolutions.pl\/wp-content\/uploads\/2025\/10\/1f8f5cde6c12577c76d8c051fedb3315-150x102.webp 150w, https:\/\/outlet.newcarsolutions.pl\/wp-content\/uploads\/2025\/10\/1f8f5cde6c12577c76d8c051fedb3315-1200x819.webp 1200w, https:\/\/outlet.newcarsolutions.pl\/wp-content\/uploads\/2025\/10\/1f8f5cde6c12577c76d8c051fedb3315-768x524.webp 768w, https:\/\/outlet.newcarsolutions.pl\/wp-content\/uploads\/2025\/10\/1f8f5cde6c12577c76d8c051fedb3315-1536x1048.webp 1536w, https:\/\/outlet.newcarsolutions.pl\/wp-content\/uploads\/2025\/10\/1f8f5cde6c12577c76d8c051fedb3315-2048x1397.webp 2048w\" sizes=\"auto, (max-width: 2074px) 100vw, 2074px\" \/>\n\t\t\t\t\t<\/div>\n\t\t<\/div><\/div><\/div><\/div><div class=\"vc_row wpb_row vc_row-fluid vc_row-o-content-middle vc_row-flex wd-rs-69036dc3d7a81\"><div class=\"wpb_column vc_column_container vc_col-sm-12\"><div class=\"vc_column-inner\"><div class=\"wpb_wrapper\">\n\t\t<div id=\"wd-6903595697abc\" class=\"title-wrapper wd-wpb wd-set-mb reset-last-child  wd-rs-6903595697abc wd-title-color-default wd-title-style-default text-center  wd-underline-colored\">\n\t\t\t\n\t\t\t<div class=\"liner-continer\">\n\t\t\t\t<h4 class=\"woodmart-title-container title  wd-font-weight- wd-fontsize-l\" >\u270f\ufe0f Schemat pod\u0142\u0105czenia:<\/h4>\n\t\t\t\t\t\t\t<\/div>\n\t\t\t\n\t\t\t\n\t\t\t\n\t\t<\/div>\n\t\t\n\t\t<\/div><\/div><\/div><div class=\"wpb_column vc_column_container vc_col-sm-6\"><div class=\"vc_column-inner\"><div class=\"wpb_wrapper\">\t\t<div id=\"wd-69036e0476b97\" class=\"wd-image wd-wpb wd-rs-69036e0476b97 text-left\">\n\t\t\t\n\t\t\t<img loading=\"lazy\" decoding=\"async\" width=\"1374\" height=\"1443\" src=\"https:\/\/outlet.newcarsolutions.pl\/wp-content\/uploads\/2025\/10\/80c0e66e63db0fc883685d58ac0208cb.webp\" class=\"attachment-medium size-medium\" alt=\"\" srcset=\"https:\/\/outlet.newcarsolutions.pl\/wp-content\/uploads\/2025\/10\/80c0e66e63db0fc883685d58ac0208cb.webp 1374w, https:\/\/outlet.newcarsolutions.pl\/wp-content\/uploads\/2025\/10\/80c0e66e63db0fc883685d58ac0208cb-150x158.webp 150w, https:\/\/outlet.newcarsolutions.pl\/wp-content\/uploads\/2025\/10\/80c0e66e63db0fc883685d58ac0208cb-1200x1260.webp 1200w, https:\/\/outlet.newcarsolutions.pl\/wp-content\/uploads\/2025\/10\/80c0e66e63db0fc883685d58ac0208cb-768x807.webp 768w\" sizes=\"auto, (max-width: 1374px) 100vw, 1374px\" \/>\n\t\t\t\t\t<\/div>\n\t\t<\/div><\/div><\/div><div class=\"wpb_column vc_column_container vc_col-sm-6\"><div class=\"vc_column-inner\"><div class=\"wpb_wrapper\">\t\t<div id=\"wd-6903597187dca\" class=\"wd-text-block wd-wpb reset-last-child wd-rs-6903597187dca text-left\">\n\t\t\t<ol>\n<li>Przew\u00f3d fioletowo-czarny \u2013 G\u0142o\u015bnik tylny, prawy \u2013 minus<\/li>\n<li>Przew\u00f3d fioletowy \u2013 G\u0142o\u015bnik tylny, prawy \u2013 plus<\/li>\n<li>Przew\u00f3d zielony \u2013 G\u0142o\u015bnik tylny, lewy \u2013 plus<\/li>\n<li>Przew\u00f3d zielono-czarny \u2013 G\u0142o\u015bnik tylny, lewy \u2013 minus<\/li>\n<li>Przew\u00f3d niebieski \u2013 Antena \/ wzbudzenie wzmacniacza<\/li>\n<li>Przew\u00f3d br\u0105zowy \u2013 Key 2 \u2013 pod\u0142\u0105czenie sterowanie z kierownicy<\/li>\n<li>Przew\u00f3d pomara\u0144czowy \u2013 Detekcja w\u0142\u0105czonych \u015bwiate\u0142 (automatyczne przyciemnianie pod\u015bwietlenia ekranu radia)<\/li>\n<li>Przew\u00f3d \u017c\u00f3\u0142ty \u2013 +12V z akumulatora.<\/li>\n<li>Przew\u00f3d bia\u0142y \u2013 G\u0142o\u015bnik przedni, lewy \u2013 plus<\/li>\n<li>Przew\u00f3d bia\u0142o-czarny \u2013 G\u0142o\u015bnik przedni lewy \u2013 minus<\/li>\n<li>Przew\u00f3d szary \u2013 G\u0142o\u015bnik przedni, prawy \u2013 plus<\/li>\n<li>Przew\u00f3d szaro-czarny \u2013 G\u0142o\u015bnik przedni, prawy \u2013 minus<\/li>\n<li>Przew\u00f3d pomara\u0144czowo-czarny \u2013 Key 1<\/li>\n<li>Przew\u00f3d r\u00f3\u017cowy \u2013 Kamera cofania.<\/li>\n<li>Przew\u00f3d czerwony \u2013 Stacyjka.<\/li>\n<li>Przew\u00f3d czarny \u2013 Masa.<\/li>\n<\/ol>\n\t\t<\/div>\n\t\t<\/div><\/div><\/div><\/div><div class=\"vc_row wpb_row vc_row-fluid vc_row-o-content-middle vc_row-flex wd-rs-69036df09af38\"><div class=\"wpb_column vc_column_container vc_col-sm-6\"><div class=\"vc_column-inner\"><div class=\"wpb_wrapper\">\t\t<div id=\"wd-69036db8ad982\" class=\"wd-text-block wd-wpb reset-last-child wd-rs-69036db8ad982 text-left\">\n\t\t\t<ol>\n<li>Przew\u00f3d fioletowo-czarny \u2013 G\u0142o\u015bnik tylny, prawy \u2013 minus<\/li>\n<li>Przew\u00f3d fioletowy \u2013 G\u0142o\u015bnik tylny, prawy \u2013 plus<\/li>\n<li>Przew\u00f3d zielony \u2013 G\u0142o\u015bnik tylny, lewy \u2013 plus<\/li>\n<li>Przew\u00f3d zielono-czarny \u2013 G\u0142o\u015bnik tylny, lewy \u2013 minus<\/li>\n<li>Przew\u00f3d niebieski \u2013 Antena \/ wzbudzenie wzmacniacza<\/li>\n<li>Przew\u00f3d br\u0105zowy \u2013 Key 2<\/li>\n<li>Przew\u00f3d pomara\u0144czowy \u2013 Detekcja w\u0142\u0105czonych \u015bwiate\u0142 (automatyczne przyciemnianie pod\u015bwietlenia ekranu radia)<\/li>\n<li>Przew\u00f3d \u017c\u00f3\u0142ty \u2013 +12V z akumulatora.<\/li>\n<li>Przew\u00f3d bia\u0142y \u2013 G\u0142o\u015bnik przedni, lewy \u2013 plus<\/li>\n<li>Przew\u00f3d bia\u0142o-czarny \u2013 G\u0142o\u015bnik przedni lewy \u2013 minus<\/li>\n<li>Przew\u00f3d szary \u2013 G\u0142o\u015bnik przedni, prawy \u2013 plus<\/li>\n<li>Przew\u00f3d szaro-czarny \u2013 G\u0142o\u015bnik przedni, prawy \u2013 minus<\/li>\n<li>Przew\u00f3d pomara\u0144czowo \u2013 czarny Key 1<\/li>\n<li>Przew\u00f3d r\u00f3\u017cowy \u2013 Kamera cofania.<\/li>\n<li>Przew\u00f3d czerwony \u2013 Stacyjka.<\/li>\n<li>Przew\u00f3d czarny \u2013 Masa<\/li>\n<\/ol>\n<p>&nbsp;<\/p>\n\t\t<\/div>\n\t\t<\/div><\/div><\/div><div class=\"wpb_column vc_column_container vc_col-sm-6\"><div class=\"vc_column-inner\"><div class=\"wpb_wrapper\">\t\t<div id=\"wd-690369a275e6a\" class=\"wd-image wd-wpb wd-rs-690369a275e6a text-left\">\n\t\t\t\n\t\t\t<img loading=\"lazy\" decoding=\"async\" width=\"1605\" height=\"1236\" src=\"https:\/\/outlet.newcarsolutions.pl\/wp-content\/uploads\/2025\/10\/0eff65afa0e54dfc8a36e956faee3a66.webp\" class=\"attachment-medium size-medium\" alt=\"\" srcset=\"https:\/\/outlet.newcarsolutions.pl\/wp-content\/uploads\/2025\/10\/0eff65afa0e54dfc8a36e956faee3a66.webp 1605w, https:\/\/outlet.newcarsolutions.pl\/wp-content\/uploads\/2025\/10\/0eff65afa0e54dfc8a36e956faee3a66-150x116.webp 150w, https:\/\/outlet.newcarsolutions.pl\/wp-content\/uploads\/2025\/10\/0eff65afa0e54dfc8a36e956faee3a66-1200x924.webp 1200w, https:\/\/outlet.newcarsolutions.pl\/wp-content\/uploads\/2025\/10\/0eff65afa0e54dfc8a36e956faee3a66-768x591.webp 768w, https:\/\/outlet.newcarsolutions.pl\/wp-content\/uploads\/2025\/10\/0eff65afa0e54dfc8a36e956faee3a66-1536x1183.webp 1536w\" sizes=\"auto, (max-width: 1605px) 100vw, 1605px\" \/>\n\t\t\t\t\t<\/div>\n\t\t<\/div><\/div><\/div><\/div>\n<\/div>","protected":false},"excerpt":{"rendered":"Adapter do radia Android, standard ISO Praktyczny adapter przeznaczony do radioodtwarzaczy z systemem Android. Umo\u017cliwia \u0142atwe i pewne pod\u0142\u0105czenie instalacji","protected":false},"featured_media":1567,"comment_status":"closed","ping_status":"closed","template":"","meta":[],"product_brand":[],"product_cat":[185],"product_tag":[],"class_list":{"0":"post-1564","1":"product","2":"type-product","3":"status-publish","4":"has-post-thumbnail","6":"product_cat-akcesoria","8":"first","9":"instock","10":"taxable","11":"shipping-taxable","12":"purchasable","13":"product-type-simple"},"_links":{"self":[{"href":"https:\/\/outlet.newcarsolutions.pl\/en\/wp-json\/wp\/v2\/product\/1564","targetHints":{"allow":["GET"]}}],"collection":[{"href":"https:\/\/outlet.newcarsolutions.pl\/en\/wp-json\/wp\/v2\/product"}],"about":[{"href":"https:\/\/outlet.newcarsolutions.pl\/en\/wp-json\/wp\/v2\/types\/product"}],"replies":[{"embeddable":true,"href":"https:\/\/outlet.newcarsolutions.pl\/en\/wp-json\/wp\/v2\/comments?post=1564"}],"wp:featuredmedia":[{"embeddable":true,"href":"https:\/\/outlet.newcarsolutions.pl\/en\/wp-json\/wp\/v2\/media\/1567"}],"wp:attachment":[{"href":"https:\/\/outlet.newcarsolutions.pl\/en\/wp-json\/wp\/v2\/media?parent=1564"}],"wp:term":[{"taxonomy":"product_brand","embeddable":true,"href":"https:\/\/outlet.newcarsolutions.pl\/en\/wp-json\/wp\/v2\/product_brand?post=1564"},{"taxonomy":"product_cat","embeddable":true,"href":"https:\/\/outlet.newcarsolutions.pl\/en\/wp-json\/wp\/v2\/product_cat?post=1564"},{"taxonomy":"product_tag","embeddable":true,"href":"https:\/\/outlet.newcarsolutions.pl\/en\/wp-json\/wp\/v2\/product_tag?post=1564"}],"curies":[{"name":"wp","href":"https:\/\/api.w.org\/{rel}","templated":true}]}}