{"id":1586,"date":"2025-10-31T14:41:02","date_gmt":"2025-10-31T13:41:02","guid":{"rendered":"https:\/\/outlet.newcarsolutions.pl\/?post_type=product&#038;p=1586"},"modified":"2025-10-31T14:58:39","modified_gmt":"2025-10-31T13:58:39","slug":"metalowa-kieszen-montazowa-do-radia-2din","status":"publish","type":"product","link":"https:\/\/outlet.newcarsolutions.pl\/en\/product\/metalowa-kieszen-montazowa-do-radia-2din\/","title":{"rendered":"Metalowa kiesze\u0144 monta\u017cowa do radia 2DIN"},"content":{"rendered":"<div class=\"wpb-content-wrapper\"><div class=\"vc_row wpb_row vc_row-fluid vc_row-o-content-middle vc_row-flex wd-rs-69036ddc8e048\"><div class=\"wpb_column vc_column_container vc_col-sm-12\"><div class=\"vc_column-inner\"><div class=\"wpb_wrapper\">\n\t\t<div id=\"wd-6904be3fa9c1a\" class=\"title-wrapper wd-wpb wd-set-mb reset-last-child  wd-rs-6904be3fa9c1a wd-title-color-default wd-title-style-default text-center  wd-underline-colored\">\n\t\t\t\n\t\t\t<div class=\"liner-continer\">\n\t\t\t\t<h4 class=\"woodmart-title-container title  wd-font-weight- wd-fontsize-l\" >Metalowa kiesze\u0144 monta\u017cowa do radia 2DIN<\/h4>\n\t\t\t\t\t\t\t<\/div>\n\t\t\t\n\t\t\t\t\t\t\t<div class=\"title-after_title reset-last-child  wd-fontsize-xs\">Uniwersalna kiesze\u0144 metalowa do radia samochodowego 2DIN, idealna do pojazd\u00f3w przystosowanych pod ten rozmiar. Mocna konstrukcja zapewnia stabilne osadzenie radia, eliminuje drgania i zapobiega wysuwaniu. Dzi\u0119ki standardowym zatrzaskom monta\u017c jest szybki i bezproblemowy.<\/div>\n\t\t\t\n\t\t\t\n\t\t<\/div>\n\t\t\n\t\t<\/div><\/div><\/div><div class=\"wpb_column vc_column_container vc_col-sm-4\"><div class=\"vc_column-inner\"><div class=\"wpb_wrapper\">\t\t<div id=\"wd-6904bee081e77\" class=\"wd-image wd-wpb wd-rs-6904bee081e77 text-left\">\n\t\t\t\n\t\t\t<img loading=\"lazy\" decoding=\"async\" width=\"2500\" height=\"1600\" src=\"https:\/\/outlet.newcarsolutions.pl\/wp-content\/uploads\/2025\/10\/83762050465bbf5c45def8d2c76adfe5.webp\" class=\"attachment-medium size-medium\" alt=\"\" srcset=\"https:\/\/outlet.newcarsolutions.pl\/wp-content\/uploads\/2025\/10\/83762050465bbf5c45def8d2c76adfe5.webp 2500w, https:\/\/outlet.newcarsolutions.pl\/wp-content\/uploads\/2025\/10\/83762050465bbf5c45def8d2c76adfe5-150x96.webp 150w, https:\/\/outlet.newcarsolutions.pl\/wp-content\/uploads\/2025\/10\/83762050465bbf5c45def8d2c76adfe5-1200x768.webp 1200w, https:\/\/outlet.newcarsolutions.pl\/wp-content\/uploads\/2025\/10\/83762050465bbf5c45def8d2c76adfe5-768x492.webp 768w, https:\/\/outlet.newcarsolutions.pl\/wp-content\/uploads\/2025\/10\/83762050465bbf5c45def8d2c76adfe5-1536x983.webp 1536w, https:\/\/outlet.newcarsolutions.pl\/wp-content\/uploads\/2025\/10\/83762050465bbf5c45def8d2c76adfe5-2048x1311.webp 2048w\" sizes=\"auto, (max-width: 2500px) 100vw, 2500px\" \/>\n\t\t\t\t\t<\/div>\n\t\t<\/div><\/div><\/div><div class=\"wpb_column vc_column_container vc_col-sm-4\"><div class=\"vc_column-inner\"><div class=\"wpb_wrapper\">\t\t<div id=\"wd-6904bef044318\" class=\"wd-text-block wd-wpb reset-last-child wd-rs-6904bef044318 text-left\">\n\t\t\t<h3 style=\"text-align: center;\" data-start=\"465\" data-end=\"489\">Najwa\u017cniejsze zalety<\/h3>\n<p style=\"text-align: center;\" data-start=\"490\" data-end=\"705\">\u2022 Pasuje do wszystkich radi\u00f3w 2DIN<br data-start=\"524\" data-end=\"527\">\u2022 Solidna metalowa konstrukcja<br data-start=\"557\" data-end=\"560\">\u2022 Typowe boczne zatrzaski monta\u017cowe<br data-start=\"595\" data-end=\"598\">\u2022 Stabilne trzymanie nawet przy g\u0142\u0119bokich radioodtwarzaczach<br data-start=\"658\" data-end=\"661\">\u2022 \u015awietne dopasowanie bez luz\u00f3w i wibracji<\/p>\n\t\t<\/div>\n\t\t<\/div><\/div><\/div><div class=\"wpb_column vc_column_container vc_col-sm-4\"><div class=\"vc_column-inner\"><div class=\"wpb_wrapper\">\t\t<div id=\"wd-6904c03529dc8\" class=\"wd-image wd-wpb wd-rs-6904c03529dc8 text-left\">\n\t\t\t\n\t\t\t<img loading=\"lazy\" decoding=\"async\" width=\"2000\" height=\"2300\" src=\"https:\/\/outlet.newcarsolutions.pl\/wp-content\/uploads\/2025\/10\/3d56f6f7fb0fde4b5d4fa15479d863fd.webp\" class=\"attachment-medium size-medium\" alt=\"\" srcset=\"https:\/\/outlet.newcarsolutions.pl\/wp-content\/uploads\/2025\/10\/3d56f6f7fb0fde4b5d4fa15479d863fd.webp 2000w, https:\/\/outlet.newcarsolutions.pl\/wp-content\/uploads\/2025\/10\/3d56f6f7fb0fde4b5d4fa15479d863fd-150x173.webp 150w, https:\/\/outlet.newcarsolutions.pl\/wp-content\/uploads\/2025\/10\/3d56f6f7fb0fde4b5d4fa15479d863fd-1200x1380.webp 1200w, https:\/\/outlet.newcarsolutions.pl\/wp-content\/uploads\/2025\/10\/3d56f6f7fb0fde4b5d4fa15479d863fd-768x883.webp 768w, https:\/\/outlet.newcarsolutions.pl\/wp-content\/uploads\/2025\/10\/3d56f6f7fb0fde4b5d4fa15479d863fd-1336x1536.webp 1336w, https:\/\/outlet.newcarsolutions.pl\/wp-content\/uploads\/2025\/10\/3d56f6f7fb0fde4b5d4fa15479d863fd-1781x2048.webp 1781w\" sizes=\"auto, (max-width: 2000px) 100vw, 2000px\" \/>\n\t\t\t\t\t<\/div>\n\t\t<\/div><\/div><\/div><\/div><div class=\"vc_row wpb_row vc_row-fluid vc_row-o-content-middle vc_row-flex wd-rs-6904b92c5320e\"><div class=\"wpb_column vc_column_container vc_col-sm-5\"><div class=\"vc_column-inner\"><div class=\"wpb_wrapper\">\t\t<div id=\"wd-6904befdb574f\" class=\"wd-image wd-wpb wd-rs-6904befdb574f text-left\">\n\t\t\t\n\t\t\t<img loading=\"lazy\" decoding=\"async\" width=\"2048\" height=\"1780\" src=\"https:\/\/outlet.newcarsolutions.pl\/wp-content\/uploads\/2025\/10\/73c70689c76303e988e1a371fa46f965.webp\" class=\"attachment-medium size-medium\" alt=\"\" srcset=\"https:\/\/outlet.newcarsolutions.pl\/wp-content\/uploads\/2025\/10\/73c70689c76303e988e1a371fa46f965.webp 2048w, https:\/\/outlet.newcarsolutions.pl\/wp-content\/uploads\/2025\/10\/73c70689c76303e988e1a371fa46f965-150x130.webp 150w, https:\/\/outlet.newcarsolutions.pl\/wp-content\/uploads\/2025\/10\/73c70689c76303e988e1a371fa46f965-1200x1043.webp 1200w, https:\/\/outlet.newcarsolutions.pl\/wp-content\/uploads\/2025\/10\/73c70689c76303e988e1a371fa46f965-768x668.webp 768w, https:\/\/outlet.newcarsolutions.pl\/wp-content\/uploads\/2025\/10\/73c70689c76303e988e1a371fa46f965-1536x1335.webp 1536w\" sizes=\"auto, (max-width: 2048px) 100vw, 2048px\" \/>\n\t\t\t\t\t<\/div>\n\t\t<\/div><\/div><\/div><div class=\"wpb_column vc_column_container vc_col-sm-2\"><div class=\"vc_column-inner\"><div class=\"wpb_wrapper\">\t\t<div id=\"wd-6904c06cc510e\" class=\"wd-text-block wd-wpb reset-last-child wd-rs-6904c06cc510e text-left\">\n\t\t\t<h3 style=\"text-align: center;\" data-start=\"712\" data-end=\"723\">Wymiary<\/h3>\n<p style=\"text-align: center;\" data-start=\"724\" data-end=\"806\"><strong data-start=\"724\" data-end=\"734\">Prz\u00f3d:<\/strong><br data-start=\"734\" data-end=\"737\">\u2022 Szeroko\u015b\u0107: 185 mm<br data-start=\"756\" data-end=\"759\">\u2022 Wysoko\u015b\u0107: 114 mm<br data-start=\"777\" data-end=\"780\">\u2022 G\u0142\u0119boko\u015b\u0107 maks.: 99 mm<\/p>\n<p style=\"text-align: center;\" data-start=\"808\" data-end=\"888\"><strong data-start=\"808\" data-end=\"816\">Ty\u0142:<\/strong><br data-start=\"816\" data-end=\"819\">\u2022 Szeroko\u015b\u0107: 178 mm<br data-start=\"838\" data-end=\"841\">\u2022 Wysoko\u015b\u0107: 110 mm<br data-start=\"859\" data-end=\"862\">\u2022 G\u0142\u0119boko\u015b\u0107 maks.: 99 mm<\/p>\n\t\t<\/div>\n\t\t<\/div><\/div><\/div><div class=\"wpb_column vc_column_container vc_col-sm-5\"><div class=\"vc_column-inner\"><div class=\"wpb_wrapper\">\t\t<div id=\"wd-6904bed187df4\" class=\"wd-image wd-wpb wd-rs-6904bed187df4 text-left\">\n\t\t\t\n\t\t\t<img loading=\"lazy\" decoding=\"async\" width=\"2560\" height=\"1969\" src=\"https:\/\/outlet.newcarsolutions.pl\/wp-content\/uploads\/2025\/10\/7f1f0afb673dfe4906fcb63de07a2738-scaled-1.webp\" class=\"attachment-medium size-medium\" alt=\"\" srcset=\"https:\/\/outlet.newcarsolutions.pl\/wp-content\/uploads\/2025\/10\/7f1f0afb673dfe4906fcb63de07a2738-scaled-1.webp 2560w, https:\/\/outlet.newcarsolutions.pl\/wp-content\/uploads\/2025\/10\/7f1f0afb673dfe4906fcb63de07a2738-scaled-1-150x115.webp 150w, https:\/\/outlet.newcarsolutions.pl\/wp-content\/uploads\/2025\/10\/7f1f0afb673dfe4906fcb63de07a2738-scaled-1-1200x923.webp 1200w, https:\/\/outlet.newcarsolutions.pl\/wp-content\/uploads\/2025\/10\/7f1f0afb673dfe4906fcb63de07a2738-scaled-1-768x591.webp 768w, https:\/\/outlet.newcarsolutions.pl\/wp-content\/uploads\/2025\/10\/7f1f0afb673dfe4906fcb63de07a2738-scaled-1-1536x1181.webp 1536w, https:\/\/outlet.newcarsolutions.pl\/wp-content\/uploads\/2025\/10\/7f1f0afb673dfe4906fcb63de07a2738-scaled-1-2048x1575.webp 2048w\" sizes=\"auto, (max-width: 2560px) 100vw, 2560px\" \/>\n\t\t\t\t\t<\/div>\n\t\t<\/div><\/div><\/div><\/div>\n<\/div>","protected":false},"excerpt":{"rendered":"Metalowa kiesze\u0144 monta\u017cowa do radia 2DIN Uniwersalna kiesze\u0144 metalowa do radia samochodowego 2DIN, idealna do pojazd\u00f3w przystosowanych pod ten rozmiar.","protected":false},"featured_media":1587,"comment_status":"closed","ping_status":"closed","template":"","meta":[],"product_brand":[],"product_cat":[185],"product_tag":[],"class_list":{"0":"post-1586","1":"product","2":"type-product","3":"status-publish","4":"has-post-thumbnail","6":"product_cat-akcesoria","8":"first","9":"instock","10":"taxable","11":"shipping-taxable","12":"purchasable","13":"product-type-simple"},"_links":{"self":[{"href":"https:\/\/outlet.newcarsolutions.pl\/en\/wp-json\/wp\/v2\/product\/1586","targetHints":{"allow":["GET"]}}],"collection":[{"href":"https:\/\/outlet.newcarsolutions.pl\/en\/wp-json\/wp\/v2\/product"}],"about":[{"href":"https:\/\/outlet.newcarsolutions.pl\/en\/wp-json\/wp\/v2\/types\/product"}],"replies":[{"embeddable":true,"href":"https:\/\/outlet.newcarsolutions.pl\/en\/wp-json\/wp\/v2\/comments?post=1586"}],"wp:featuredmedia":[{"embeddable":true,"href":"https:\/\/outlet.newcarsolutions.pl\/en\/wp-json\/wp\/v2\/media\/1587"}],"wp:attachment":[{"href":"https:\/\/outlet.newcarsolutions.pl\/en\/wp-json\/wp\/v2\/media?parent=1586"}],"wp:term":[{"taxonomy":"product_brand","embeddable":true,"href":"https:\/\/outlet.newcarsolutions.pl\/en\/wp-json\/wp\/v2\/product_brand?post=1586"},{"taxonomy":"product_cat","embeddable":true,"href":"https:\/\/outlet.newcarsolutions.pl\/en\/wp-json\/wp\/v2\/product_cat?post=1586"},{"taxonomy":"product_tag","embeddable":true,"href":"https:\/\/outlet.newcarsolutions.pl\/en\/wp-json\/wp\/v2\/product_tag?post=1586"}],"curies":[{"name":"wp","href":"https:\/\/api.w.org\/{rel}","templated":true}]}}