{"id":1593,"date":"2025-10-31T15:06:04","date_gmt":"2025-10-31T14:06:04","guid":{"rendered":"https:\/\/outlet.newcarsolutions.pl\/?post_type=product&#038;p=1593"},"modified":"2025-10-31T15:28:40","modified_gmt":"2025-10-31T14:28:40","slug":"adapter-antenowy-iso-na-din","status":"publish","type":"product","link":"https:\/\/outlet.newcarsolutions.pl\/en\/product\/adapter-antenowy-iso-na-din\/","title":{"rendered":"Adapter antenowy ISO na DIN"},"content":{"rendered":"<div class=\"wpb-content-wrapper\"><div class=\"vc_row wpb_row vc_row-fluid vc_row-o-content-middle vc_row-flex wd-rs-69036ddc8e048\"><div class=\"wpb_column vc_column_container vc_col-sm-12\"><div class=\"vc_column-inner\"><div class=\"wpb_wrapper\">\n\t\t<div id=\"wd-6904c3908b169\" class=\"title-wrapper wd-wpb wd-set-mb reset-last-child  wd-rs-6904c3908b169 wd-title-color-default wd-title-style-default text-center  wd-underline-colored\">\n\t\t\t\n\t\t\t<div class=\"liner-continer\">\n\t\t\t\t<h4 class=\"woodmart-title-container title  wd-font-weight- wd-fontsize-l\" >Adapter antenowy ISO na DIN<\/h4>\n\t\t\t\t\t\t\t<\/div>\n\t\t\t\n\t\t\t\t\t\t\t<div class=\"title-after_title reset-last-child  wd-fontsize-xs\">Adapter antenowy umo\u017cliwia szybkie pod\u0142\u0105czenie radia samochodowego ze z\u0142\u0105czem DIN do fabrycznej instalacji ISO. Zero ci\u0119cia kabli, zero kombinowania. Dzi\u0119ki niemu bez problemu zamontujesz radio akcesoryjne w wielu autach r\u00f3\u017cnych marek.<\/div>\n\t\t\t\n\t\t\t\n\t\t<\/div>\n\t\t\n\t\t<\/div><\/div><\/div><div class=\"wpb_column vc_column_container vc_col-sm-4\"><div class=\"vc_column-inner\"><div class=\"wpb_wrapper\">\t\t<div id=\"wd-6904c56140640\" class=\"wd-image wd-wpb wd-rs-6904c56140640 text-left\">\n\t\t\t\n\t\t\t<img loading=\"lazy\" decoding=\"async\" width=\"1200\" height=\"1000\" src=\"https:\/\/outlet.newcarsolutions.pl\/wp-content\/uploads\/2025\/10\/4125ba0185542397c1aa760c2ebb82a9.webp\" class=\"attachment-medium size-medium\" alt=\"\" srcset=\"https:\/\/outlet.newcarsolutions.pl\/wp-content\/uploads\/2025\/10\/4125ba0185542397c1aa760c2ebb82a9.webp 1200w, https:\/\/outlet.newcarsolutions.pl\/wp-content\/uploads\/2025\/10\/4125ba0185542397c1aa760c2ebb82a9-150x125.webp 150w, https:\/\/outlet.newcarsolutions.pl\/wp-content\/uploads\/2025\/10\/4125ba0185542397c1aa760c2ebb82a9-768x640.webp 768w\" sizes=\"auto, (max-width: 1200px) 100vw, 1200px\" \/>\n\t\t\t\t\t<\/div>\n\t\t\t\t<div id=\"wd-6904c710ab002\" class=\"wd-image wd-wpb wd-rs-6904c710ab002 text-left\">\n\t\t\t\n\t\t\t<img loading=\"lazy\" decoding=\"async\" width=\"1000\" height=\"1000\" src=\"https:\/\/outlet.newcarsolutions.pl\/wp-content\/uploads\/2025\/10\/90788aaf8046f3a16e63a697a7c7e692.webp\" class=\"attachment-medium size-medium\" alt=\"\" srcset=\"https:\/\/outlet.newcarsolutions.pl\/wp-content\/uploads\/2025\/10\/90788aaf8046f3a16e63a697a7c7e692.webp 1000w, https:\/\/outlet.newcarsolutions.pl\/wp-content\/uploads\/2025\/10\/90788aaf8046f3a16e63a697a7c7e692-600x600.webp 600w, https:\/\/outlet.newcarsolutions.pl\/wp-content\/uploads\/2025\/10\/90788aaf8046f3a16e63a697a7c7e692-150x150.webp 150w, https:\/\/outlet.newcarsolutions.pl\/wp-content\/uploads\/2025\/10\/90788aaf8046f3a16e63a697a7c7e692-768x768.webp 768w\" sizes=\"auto, (max-width: 1000px) 100vw, 1000px\" \/>\n\t\t\t\t\t<\/div>\n\t\t<\/div><\/div><\/div><div class=\"wpb_column vc_column_container vc_col-sm-4\"><div class=\"vc_column-inner\"><div class=\"wpb_wrapper\">\t\t<div id=\"wd-6904c4d413194\" class=\"wd-text-block wd-wpb reset-last-child wd-rs-6904c4d413194 text-left\">\n\t\t\t<h3 style=\"text-align: center;\" data-start=\"428\" data-end=\"438\">Zalety<\/h3>\n<p style=\"text-align: center;\" data-start=\"439\" data-end=\"674\">\u2022 Produkt nowy, solidne wykonanie<br data-start=\"472\" data-end=\"475\">\u2022 Szeroka kompatybilno\u015b\u0107 z wieloma markami samochod\u00f3w<br data-start=\"528\" data-end=\"531\">\u2022 Szybki, intuicyjny monta\u017c<br data-start=\"558\" data-end=\"561\">\u2022 Brak konieczno\u015bci przerabiania instalacji antenowej<br data-start=\"614\" data-end=\"617\">\u2022 Idealny do radi\u00f3w z wej\u015bciem DIN i aut ze z\u0142\u0105czem ISO<\/p>\n\t\t<\/div>\n\t\t\t\t<div id=\"wd-6904c6fe98287\" class=\"wd-text-block wd-wpb reset-last-child wd-rs-6904c6fe98287 text-left\">\n\t\t\t<h3 style=\"text-align: center;\" data-start=\"712\" data-end=\"723\">Wymiary<\/h3>\n<p style=\"text-align: center;\" data-start=\"698\" data-end=\"736\">\u2022 \u015arednica: 10 mm<br data-start=\"715\" data-end=\"718\">\u2022 D\u0142ugo\u015b\u0107: 40 mm<\/p>\n\t\t<\/div>\n\t\t<\/div><\/div><\/div><div class=\"wpb_column vc_column_container vc_col-sm-4\"><div class=\"vc_column-inner\"><div class=\"wpb_wrapper\">\t\t<div id=\"wd-6904c577db118\" class=\"wd-image wd-wpb wd-rs-6904c577db118 text-left\">\n\t\t\t\n\t\t\t<img loading=\"lazy\" decoding=\"async\" width=\"1082\" height=\"958\" src=\"https:\/\/outlet.newcarsolutions.pl\/wp-content\/uploads\/2025\/10\/4b478735d260cb132afdd927912830af.webp\" class=\"attachment-medium size-medium\" alt=\"\" srcset=\"https:\/\/outlet.newcarsolutions.pl\/wp-content\/uploads\/2025\/10\/4b478735d260cb132afdd927912830af.webp 1082w, https:\/\/outlet.newcarsolutions.pl\/wp-content\/uploads\/2025\/10\/4b478735d260cb132afdd927912830af-150x133.webp 150w, https:\/\/outlet.newcarsolutions.pl\/wp-content\/uploads\/2025\/10\/4b478735d260cb132afdd927912830af-768x680.webp 768w\" sizes=\"auto, (max-width: 1082px) 100vw, 1082px\" \/>\n\t\t\t\t\t<\/div>\n\t\t\t\t<div id=\"wd-6904c7203bc2c\" class=\"wd-image wd-wpb wd-rs-6904c7203bc2c text-left\">\n\t\t\t\n\t\t\t<img loading=\"lazy\" decoding=\"async\" width=\"1000\" height=\"1088\" src=\"https:\/\/outlet.newcarsolutions.pl\/wp-content\/uploads\/2025\/10\/12bdfe2c92baef6bc3f7549c8ce04f96.webp\" class=\"attachment-medium size-medium\" alt=\"\" srcset=\"https:\/\/outlet.newcarsolutions.pl\/wp-content\/uploads\/2025\/10\/12bdfe2c92baef6bc3f7549c8ce04f96.webp 1000w, https:\/\/outlet.newcarsolutions.pl\/wp-content\/uploads\/2025\/10\/12bdfe2c92baef6bc3f7549c8ce04f96-150x163.webp 150w, https:\/\/outlet.newcarsolutions.pl\/wp-content\/uploads\/2025\/10\/12bdfe2c92baef6bc3f7549c8ce04f96-768x836.webp 768w\" sizes=\"auto, (max-width: 1000px) 100vw, 1000px\" \/>\n\t\t\t\t\t<\/div>\n\t\t<\/div><\/div><\/div><\/div>\n<\/div>","protected":false},"excerpt":{"rendered":"Adapter antenowy ISO na DIN Adapter antenowy umo\u017cliwia szybkie pod\u0142\u0105czenie radia samochodowego ze z\u0142\u0105czem DIN do fabrycznej instalacji ISO. Zero","protected":false},"featured_media":1595,"comment_status":"closed","ping_status":"closed","template":"","meta":[],"product_brand":[],"product_cat":[185],"product_tag":[],"class_list":{"0":"post-1593","1":"product","2":"type-product","3":"status-publish","4":"has-post-thumbnail","6":"product_cat-akcesoria","8":"first","9":"instock","10":"taxable","11":"shipping-taxable","12":"purchasable","13":"product-type-simple"},"_links":{"self":[{"href":"https:\/\/outlet.newcarsolutions.pl\/en\/wp-json\/wp\/v2\/product\/1593","targetHints":{"allow":["GET"]}}],"collection":[{"href":"https:\/\/outlet.newcarsolutions.pl\/en\/wp-json\/wp\/v2\/product"}],"about":[{"href":"https:\/\/outlet.newcarsolutions.pl\/en\/wp-json\/wp\/v2\/types\/product"}],"replies":[{"embeddable":true,"href":"https:\/\/outlet.newcarsolutions.pl\/en\/wp-json\/wp\/v2\/comments?post=1593"}],"wp:featuredmedia":[{"embeddable":true,"href":"https:\/\/outlet.newcarsolutions.pl\/en\/wp-json\/wp\/v2\/media\/1595"}],"wp:attachment":[{"href":"https:\/\/outlet.newcarsolutions.pl\/en\/wp-json\/wp\/v2\/media?parent=1593"}],"wp:term":[{"taxonomy":"product_brand","embeddable":true,"href":"https:\/\/outlet.newcarsolutions.pl\/en\/wp-json\/wp\/v2\/product_brand?post=1593"},{"taxonomy":"product_cat","embeddable":true,"href":"https:\/\/outlet.newcarsolutions.pl\/en\/wp-json\/wp\/v2\/product_cat?post=1593"},{"taxonomy":"product_tag","embeddable":true,"href":"https:\/\/outlet.newcarsolutions.pl\/en\/wp-json\/wp\/v2\/product_tag?post=1593"}],"curies":[{"name":"wp","href":"https:\/\/api.w.org\/{rel}","templated":true}]}}