{"id":1739,"date":"2025-11-13T14:39:57","date_gmt":"2025-11-13T13:39:57","guid":{"rendered":"https:\/\/outlet.newcarsolutions.pl\/?post_type=product&#038;p=1739"},"modified":"2026-02-05T09:52:02","modified_gmt":"2026-02-05T08:52:02","slug":"rejestrator-jazdy-ncs-dc-1","status":"publish","type":"product","link":"https:\/\/outlet.newcarsolutions.pl\/en\/product\/rejestrator-jazdy-ncs-dc-1\/","title":{"rendered":"Rejestrator Jazdy NCS DC-1"},"content":{"rendered":"<div class=\"wpb-content-wrapper\"><div class=\"vc_row wpb_row vc_row-fluid\"><div class=\"wpb_column vc_column_container vc_col-sm-12\"><div class=\"vc_column-inner\"><div class=\"wpb_wrapper\">\t\t<div id=\"wd-690c9904601d7\" class=\"wd-image wd-wpb wd-rs-690c9904601d7 text-center \">\n\t\t\t\n\t\t\t<img loading=\"lazy\" decoding=\"async\" width=\"600\" height=\"200\" src=\"https:\/\/outlet.newcarsolutions.pl\/wp-content\/uploads\/2025\/10\/outlet-ncss-600x200.webp\" class=\"attachment-600x200 size-600x200\" alt=\"\" srcset=\"https:\/\/outlet.newcarsolutions.pl\/wp-content\/uploads\/2025\/10\/outlet-ncss-600x200.webp 600w, https:\/\/outlet.newcarsolutions.pl\/wp-content\/uploads\/2025\/10\/outlet-ncss-150x50.webp 150w, https:\/\/outlet.newcarsolutions.pl\/wp-content\/uploads\/2025\/10\/outlet-ncss-450x150.webp 450w, https:\/\/outlet.newcarsolutions.pl\/wp-content\/uploads\/2025\/10\/outlet-ncss.webp 750w\" sizes=\"auto, (max-width: 600px) 100vw, 600px\" \/>\n\t\t\t\t\t<\/div>\n\t\t<\/div><\/div><\/div><\/div><div class=\"vc_row wpb_row vc_row-fluid vc_custom_1762438959475 wd-rs-690caf29c915a\"><div class=\"wpb_column vc_column_container vc_col-sm-12 wd-rs-63514c8260958\"><div class=\"vc_column-inner vc_custom_1666272391679\"><div class=\"wpb_wrapper\">\n\t\t<div id=\"wd-6915f3e2b35c3\" class=\"title-wrapper wd-wpb wd-set-mb reset-last-child  wd-rs-6915f3e2b35c3 wd-title-color-default wd-title-style-default text-center  wd-underline-colored\">\n\t\t\t\n\t\t\t<div class=\"liner-continer\">\n\t\t\t\t<h4 class=\"woodmart-title-container title  wd-font-weight- wd-fontsize-xxl\" >Rejestrator Jazdy<\/h4>\n\t\t\t\t\t\t\t<\/div>\n\t\t\t\n\t\t\t\t\t\t\t<div class=\"title-after_title reset-last-child  wd-fontsize-s\">NCS DC-1<\/div>\n\t\t\t\n\t\t\t\n\t\t<\/div>\n\t\t\n\t\t\t\t<div id=\"wd-6915f3fd6b7af\" class=\"wd-text-block wd-wpb reset-last-child wd-rs-6915f3fd6b7af text-left vc_custom_1763046426786\">\n\t\t\t<p style=\"text-align: center;\">Je\u015bli chcesz zapozna\u0107 si\u0119 z <strong>funkcjami kamery cofania<\/strong>, sprawd\u017a nasz\u0105 standardow\u0105 ofert\u0119<br \/>\n<a class=\"decorated-link\" href=\"https:\/\/newcarsolutions.pl\/sklep\/produkt\/rejestrator-jazdy-v3-android-y3070\/\" rel=\"noopener\">&gt;&gt;&gt; Kliknij tutaj, aby zobaczy\u0107 pe\u0142n\u0105 ofert\u0119 radia<\/a><\/p>\n\t\t<\/div>\n\t\t<\/div><\/div><\/div><\/div><div class=\"vc_row wpb_row vc_row-fluid vc_custom_1762438971657 wd-rs-690caf386233e\"><div class=\"wpb_column vc_column_container vc_col-sm-12\"><div class=\"vc_column-inner\"><div class=\"wpb_wrapper\">\n\t\t<div id=\"wd-690cac7862d74\" class=\"title-wrapper wd-wpb wd-set-mb reset-last-child  wd-rs-690cac7862d74 wd-title-color-default wd-title-style-default text-center vc_custom_1762438268875 wd-underline-colored\">\n\t\t\t\n\t\t\t<div class=\"liner-continer\">\n\t\t\t\t<h4 class=\"woodmart-title-container title  wd-font-weight- wd-fontsize-xxl\" >Przyk\u0142adowy wygl\u0105d produkt\u00f3w OUTLET<\/h4>\n\t\t\t\t\t\t\t<\/div>\n\t\t\t\n\t\t\t\n\t\t\t\n\t\t<\/div>\n\t\t\n\t\t\t\t<div id=\"wd-69170023765fc\" class=\"wd-text-block wd-wpb reset-last-child wd-rs-69170023765fc text-left vc_custom_1763115067298\">\n\t\t\t<p style=\"text-align: center;\" data-start=\"116\" data-end=\"335\">Poni\u017cej przedstawiono <strong data-start=\"254\" data-end=\"281\">przyk\u0142adowe uszkodzenia<\/strong>, jakie mog\u0105 wyst\u0119powa\u0107:<\/p>\n<p>&#x25fc; zarysowania lub przetarcia obudowy,<br \/>\n&#x25fc; brak ta\u015bmy przylepnej.<\/p>\n\t\t<\/div>\n\t\t<div class=\"wpb_gallery wpb_content_element vc_clearfix vc_custom_1770281520621\" ><div class=\"wpb_wrapper\"><div class=\"wpb_gallery_slides wpb_flexslider flexslider_fade flexslider\" data-interval=\"10\" data-flex_fx=\"fade\"><ul class=\"slides\"><li><a class=\"\" href=\"https:\/\/outlet.newcarsolutions.pl\/wp-content\/uploads\/2025\/11\/1-3-scaled.webp\" data-lightbox=\"lightbox[rel-1739-4220495534]\"><img loading=\"lazy\" decoding=\"async\" width=\"2560\" height=\"1707\" src=\"https:\/\/outlet.newcarsolutions.pl\/wp-content\/uploads\/2025\/11\/1-3-scaled.webp\" class=\"attachment-full\" alt=\"\" title=\"1\" srcset=\"https:\/\/outlet.newcarsolutions.pl\/wp-content\/uploads\/2025\/11\/1-3-scaled.webp 2560w, https:\/\/outlet.newcarsolutions.pl\/wp-content\/uploads\/2025\/11\/1-3-scaled-150x100.webp 150w, https:\/\/outlet.newcarsolutions.pl\/wp-content\/uploads\/2025\/11\/1-3-scaled-1200x800.webp 1200w, https:\/\/outlet.newcarsolutions.pl\/wp-content\/uploads\/2025\/11\/1-3-768x512.webp 768w, https:\/\/outlet.newcarsolutions.pl\/wp-content\/uploads\/2025\/11\/1-3-1536x1024.webp 1536w, https:\/\/outlet.newcarsolutions.pl\/wp-content\/uploads\/2025\/11\/1-3-2048x1365.webp 2048w, https:\/\/outlet.newcarsolutions.pl\/wp-content\/uploads\/2025\/11\/1-3-18x12.webp 18w\" sizes=\"auto, (max-width: 2560px) 100vw, 2560px\" \/><\/a><\/li><li><a class=\"\" href=\"https:\/\/outlet.newcarsolutions.pl\/wp-content\/uploads\/2025\/11\/6-3-scaled.webp\" data-lightbox=\"lightbox[rel-1739-4220495534]\"><img loading=\"lazy\" decoding=\"async\" width=\"2560\" height=\"1707\" src=\"https:\/\/outlet.newcarsolutions.pl\/wp-content\/uploads\/2025\/11\/6-3-scaled.webp\" class=\"attachment-full\" alt=\"\" title=\"6\" srcset=\"https:\/\/outlet.newcarsolutions.pl\/wp-content\/uploads\/2025\/11\/6-3-scaled.webp 2560w, https:\/\/outlet.newcarsolutions.pl\/wp-content\/uploads\/2025\/11\/6-3-scaled-150x100.webp 150w, https:\/\/outlet.newcarsolutions.pl\/wp-content\/uploads\/2025\/11\/6-3-scaled-1200x800.webp 1200w, https:\/\/outlet.newcarsolutions.pl\/wp-content\/uploads\/2025\/11\/6-3-768x512.webp 768w, https:\/\/outlet.newcarsolutions.pl\/wp-content\/uploads\/2025\/11\/6-3-1536x1024.webp 1536w, https:\/\/outlet.newcarsolutions.pl\/wp-content\/uploads\/2025\/11\/6-3-2048x1365.webp 2048w, https:\/\/outlet.newcarsolutions.pl\/wp-content\/uploads\/2025\/11\/6-3-18x12.webp 18w\" sizes=\"auto, (max-width: 2560px) 100vw, 2560px\" \/><\/a><\/li><li><a class=\"\" href=\"https:\/\/outlet.newcarsolutions.pl\/wp-content\/uploads\/2025\/11\/5-3-scaled.webp\" data-lightbox=\"lightbox[rel-1739-4220495534]\"><img loading=\"lazy\" decoding=\"async\" width=\"2560\" height=\"1707\" src=\"https:\/\/outlet.newcarsolutions.pl\/wp-content\/uploads\/2025\/11\/5-3-scaled.webp\" class=\"attachment-full\" alt=\"\" title=\"5\" srcset=\"https:\/\/outlet.newcarsolutions.pl\/wp-content\/uploads\/2025\/11\/5-3-scaled.webp 2560w, https:\/\/outlet.newcarsolutions.pl\/wp-content\/uploads\/2025\/11\/5-3-scaled-150x100.webp 150w, https:\/\/outlet.newcarsolutions.pl\/wp-content\/uploads\/2025\/11\/5-3-scaled-1200x800.webp 1200w, https:\/\/outlet.newcarsolutions.pl\/wp-content\/uploads\/2025\/11\/5-3-768x512.webp 768w, https:\/\/outlet.newcarsolutions.pl\/wp-content\/uploads\/2025\/11\/5-3-1536x1024.webp 1536w, https:\/\/outlet.newcarsolutions.pl\/wp-content\/uploads\/2025\/11\/5-3-2048x1365.webp 2048w, https:\/\/outlet.newcarsolutions.pl\/wp-content\/uploads\/2025\/11\/5-3-18x12.webp 18w\" sizes=\"auto, (max-width: 2560px) 100vw, 2560px\" \/><\/a><\/li><li><a class=\"\" href=\"https:\/\/outlet.newcarsolutions.pl\/wp-content\/uploads\/2025\/11\/4-3-scaled.webp\" data-lightbox=\"lightbox[rel-1739-4220495534]\"><img loading=\"lazy\" decoding=\"async\" width=\"2560\" height=\"1707\" src=\"https:\/\/outlet.newcarsolutions.pl\/wp-content\/uploads\/2025\/11\/4-3-scaled.webp\" class=\"attachment-full\" alt=\"\" title=\"4\" srcset=\"https:\/\/outlet.newcarsolutions.pl\/wp-content\/uploads\/2025\/11\/4-3-scaled.webp 2560w, https:\/\/outlet.newcarsolutions.pl\/wp-content\/uploads\/2025\/11\/4-3-scaled-150x100.webp 150w, https:\/\/outlet.newcarsolutions.pl\/wp-content\/uploads\/2025\/11\/4-3-scaled-1200x800.webp 1200w, https:\/\/outlet.newcarsolutions.pl\/wp-content\/uploads\/2025\/11\/4-3-768x512.webp 768w, https:\/\/outlet.newcarsolutions.pl\/wp-content\/uploads\/2025\/11\/4-3-1536x1024.webp 1536w, https:\/\/outlet.newcarsolutions.pl\/wp-content\/uploads\/2025\/11\/4-3-2048x1365.webp 2048w, https:\/\/outlet.newcarsolutions.pl\/wp-content\/uploads\/2025\/11\/4-3-18x12.webp 18w\" sizes=\"auto, (max-width: 2560px) 100vw, 2560px\" \/><\/a><\/li><li><a class=\"\" href=\"https:\/\/outlet.newcarsolutions.pl\/wp-content\/uploads\/2025\/11\/3-3-scaled.webp\" data-lightbox=\"lightbox[rel-1739-4220495534]\"><img loading=\"lazy\" decoding=\"async\" width=\"2560\" height=\"1707\" src=\"https:\/\/outlet.newcarsolutions.pl\/wp-content\/uploads\/2025\/11\/3-3-scaled.webp\" class=\"attachment-full\" alt=\"\" title=\"3\" srcset=\"https:\/\/outlet.newcarsolutions.pl\/wp-content\/uploads\/2025\/11\/3-3-scaled.webp 2560w, https:\/\/outlet.newcarsolutions.pl\/wp-content\/uploads\/2025\/11\/3-3-scaled-150x100.webp 150w, https:\/\/outlet.newcarsolutions.pl\/wp-content\/uploads\/2025\/11\/3-3-scaled-1200x800.webp 1200w, https:\/\/outlet.newcarsolutions.pl\/wp-content\/uploads\/2025\/11\/3-3-768x512.webp 768w, https:\/\/outlet.newcarsolutions.pl\/wp-content\/uploads\/2025\/11\/3-3-1536x1024.webp 1536w, https:\/\/outlet.newcarsolutions.pl\/wp-content\/uploads\/2025\/11\/3-3-2048x1365.webp 2048w, https:\/\/outlet.newcarsolutions.pl\/wp-content\/uploads\/2025\/11\/3-3-18x12.webp 18w\" sizes=\"auto, (max-width: 2560px) 100vw, 2560px\" \/><\/a><\/li><li><a class=\"\" href=\"https:\/\/outlet.newcarsolutions.pl\/wp-content\/uploads\/2025\/11\/2-3-scaled.webp\" data-lightbox=\"lightbox[rel-1739-4220495534]\"><img loading=\"lazy\" decoding=\"async\" width=\"2560\" height=\"1707\" src=\"https:\/\/outlet.newcarsolutions.pl\/wp-content\/uploads\/2025\/11\/2-3-scaled.webp\" class=\"attachment-full\" alt=\"\" title=\"2\" srcset=\"https:\/\/outlet.newcarsolutions.pl\/wp-content\/uploads\/2025\/11\/2-3-scaled.webp 2560w, https:\/\/outlet.newcarsolutions.pl\/wp-content\/uploads\/2025\/11\/2-3-scaled-150x100.webp 150w, https:\/\/outlet.newcarsolutions.pl\/wp-content\/uploads\/2025\/11\/2-3-scaled-1200x800.webp 1200w, https:\/\/outlet.newcarsolutions.pl\/wp-content\/uploads\/2025\/11\/2-3-768x512.webp 768w, https:\/\/outlet.newcarsolutions.pl\/wp-content\/uploads\/2025\/11\/2-3-1536x1024.webp 1536w, https:\/\/outlet.newcarsolutions.pl\/wp-content\/uploads\/2025\/11\/2-3-2048x1365.webp 2048w, https:\/\/outlet.newcarsolutions.pl\/wp-content\/uploads\/2025\/11\/2-3-18x12.webp 18w\" sizes=\"auto, (max-width: 2560px) 100vw, 2560px\" \/><\/a><\/li><\/ul><\/div><\/div><\/div>\t\t<div id=\"wd-690c99dfa2d63\" class=\"wd-text-block wd-wpb reset-last-child wd-rs-690c99dfa2d63 text-left \">\n\t\t\t<p>Zdj\u0119cia w ofercie <strong data-start=\"539\" data-end=\"584\">nie przedstawiaj\u0105 konkretnego egzemplarza<\/strong>, lecz pokazuj\u0105 <strong data-start=\"600\" data-end=\"650\">przyk\u0142adowy stan wizualny modeli outletowych<\/strong>.<br data-start=\"651\" data-end=\"654\" \/>Ka\u017cda kamera zosta\u0142a <strong data-start=\"674\" data-end=\"714\">dok\u0142adnie sprawdzona i przetestowana<\/strong>, dzi\u0119ki czemu masz pewno\u015b\u0107, \u017ce <strong data-start=\"746\" data-end=\"773\">dzia\u0142a w 100% poprawnie<\/strong> \u2014 r\u00f3\u017cnice dotycz\u0105 wy\u0142\u0105cznie wygl\u0105du zewn\u0119trznego.<\/p>\n\t\t<\/div>\n\t\t<\/div><\/div><\/div><\/div><div class=\"vc_row wpb_row vc_row-fluid vc_custom_1762439026968 wd-rs-690caf6e2c26b\"><div class=\"wpb_column vc_column_container vc_col-sm-12\"><div class=\"vc_column-inner\"><div class=\"wpb_wrapper\">\n\t\t<div id=\"wd-690cac41a431c\" class=\"title-wrapper wd-wpb wd-set-mb reset-last-child  wd-rs-690cac41a431c wd-title-color-default wd-title-style-default text-center  wd-underline-colored\">\n\t\t\t\n\t\t\t<div class=\"liner-continer\">\n\t\t\t\t<h4 class=\"woodmart-title-container title  wd-font-weight- wd-fontsize-xxl\" >Dane techniczne<\/h4>\n\t\t\t\t\t\t\t<\/div>\n\t\t\t\n\t\t\t\n\t\t\t\n\t\t<\/div>\n\t\t\n\t\t<div class=\"vc_row wpb_row vc_inner vc_row-fluid vc_row-o-content-middle vc_row-flex wd-rs-690caaf92088c\"><div class=\"wpb_column vc_column_container vc_col-sm-3 wd-rs-690cae1fe7e7f\"><div class=\"vc_column-inner\"><div class=\"wpb_wrapper\">\t\t\t<div class=\"info-box-wrapper\">\n\t\t\t\t<div id=\"wd-690caa3077174\" class=\" wd-rs-690caa3077174 wd-info-box wd-wpb text-center box-icon-align-top box-style- color-scheme- wd-bg-none \">\n\t\t\t\t\t\t\t\t\t\t\t<div class=\"box-icon-wrapper  box-with-icon box-icon-simple\">\n\t\t\t\t\t\t\t<div class=\"info-box-icon\">\n\t\t\t\t\t\t\t\t<img loading=\"lazy\" decoding=\"async\" width=\"100\" height=\"100\" src=\"https:\/\/outlet.newcarsolutions.pl\/wp-content\/uploads\/2025\/11\/7-1-100x100.webp\" class=\"attachment-100x100 size-100x100\" alt=\"\" srcset=\"https:\/\/outlet.newcarsolutions.pl\/wp-content\/uploads\/2025\/11\/7-1-100x100.webp 100w, https:\/\/outlet.newcarsolutions.pl\/wp-content\/uploads\/2025\/11\/7-1-150x150.webp 150w, https:\/\/outlet.newcarsolutions.pl\/wp-content\/uploads\/2025\/11\/7-1-50x50.webp 50w, https:\/\/outlet.newcarsolutions.pl\/wp-content\/uploads\/2025\/11\/7-1-70x70.webp 70w, https:\/\/outlet.newcarsolutions.pl\/wp-content\/uploads\/2025\/11\/7-1.webp 512w\" sizes=\"auto, (max-width: 100px) 100vw, 100px\" \/>\t\t\t\t\t\t\t<\/div>\n\t\t\t\t\t\t<\/div>\n\t\t\t\t\t\t\t\t\t\t<div class=\"info-box-content\">\n\t\t\t\t\t\t<h3 class=\"info-box-title title box-title-style-default wd-fontsize-xxl\">170\u00b0<\/h3>\t\t\t\t\t\t<div class=\"info-box-inner reset-last-child\"><p>Szeroki k\u0105t widzenia<\/p>\n<\/div>\n\n\t\t\t\t\t\t\t\t\t\t\t<\/div>\n\n\t\t\t\t\t\n\t\t\t\t\t\t\t\t\t<\/div>\n\t\t\t<\/div>\n\t\t\t\t\t<div class=\"info-box-wrapper\">\n\t\t\t\t<div id=\"wd-6916f18e57402\" class=\" wd-rs-6916f18e57402 wd-info-box wd-wpb text-center box-icon-align-top box-style- color-scheme- wd-bg-none \">\n\t\t\t\t\t\t\t\t\t\t\t<div class=\"box-icon-wrapper  box-with-icon box-icon-simple\">\n\t\t\t\t\t\t\t<div class=\"info-box-icon\">\n\t\t\t\t\t\t\t\t<img loading=\"lazy\" decoding=\"async\" width=\"100\" height=\"100\" src=\"https:\/\/outlet.newcarsolutions.pl\/wp-content\/uploads\/2025\/11\/7-1-kopia-100x100.webp\" class=\"attachment-100x100 size-100x100\" alt=\"\" srcset=\"https:\/\/outlet.newcarsolutions.pl\/wp-content\/uploads\/2025\/11\/7-1-kopia-100x100.webp 100w, https:\/\/outlet.newcarsolutions.pl\/wp-content\/uploads\/2025\/11\/7-1-kopia-150x150.webp 150w, https:\/\/outlet.newcarsolutions.pl\/wp-content\/uploads\/2025\/11\/7-1-kopia-12x12.webp 12w, https:\/\/outlet.newcarsolutions.pl\/wp-content\/uploads\/2025\/11\/7-1-kopia.webp 512w\" sizes=\"auto, (max-width: 100px) 100vw, 100px\" \/>\t\t\t\t\t\t\t<\/div>\n\t\t\t\t\t\t<\/div>\n\t\t\t\t\t\t\t\t\t\t<div class=\"info-box-content\">\n\t\t\t\t\t\t<h3 class=\"info-box-title title box-title-style-default wd-fontsize-xxl\">ADAS<\/h3>\t\t\t\t\t\t<div class=\"info-box-inner reset-last-child\"><p>System wspomagania kierowcy<\/p>\n<\/div>\n\n\t\t\t\t\t\t\t\t\t\t\t<\/div>\n\n\t\t\t\t\t\n\t\t\t\t\t\t\t\t\t<\/div>\n\t\t\t<\/div>\n\t\t<\/div><\/div><\/div><div class=\"wpb_column vc_column_container vc_col-sm-3\"><div class=\"vc_column-inner\"><div class=\"wpb_wrapper\">\t\t\t<div class=\"info-box-wrapper\">\n\t\t\t\t<div id=\"wd-6916f2011c7e1\" class=\" wd-rs-6916f2011c7e1 wd-info-box wd-wpb text-center box-icon-align-top box-style- color-scheme- wd-bg-none \">\n\t\t\t\t\t\t\t\t\t\t\t<div class=\"box-icon-wrapper  box-with-icon box-icon-simple\">\n\t\t\t\t\t\t\t<div class=\"info-box-icon\">\n\t\t\t\t\t\t\t\t<img loading=\"lazy\" decoding=\"async\" width=\"100\" height=\"100\" src=\"https:\/\/outlet.newcarsolutions.pl\/wp-content\/uploads\/2025\/11\/2-1-100x100.webp\" class=\"attachment-100x100 size-100x100\" alt=\"\" srcset=\"https:\/\/outlet.newcarsolutions.pl\/wp-content\/uploads\/2025\/11\/2-1-100x100.webp 100w, https:\/\/outlet.newcarsolutions.pl\/wp-content\/uploads\/2025\/11\/2-1-150x150.webp 150w, https:\/\/outlet.newcarsolutions.pl\/wp-content\/uploads\/2025\/11\/2-1.webp 512w\" sizes=\"auto, (max-width: 100px) 100vw, 100px\" \/>\t\t\t\t\t\t\t<\/div>\n\t\t\t\t\t\t<\/div>\n\t\t\t\t\t\t\t\t\t\t<div class=\"info-box-content\">\n\t\t\t\t\t\t<h3 class=\"info-box-title title box-title-style-default wd-fontsize-xxl\">Looping<\/h3>\t\t\t\t\t\t<div class=\"info-box-inner reset-last-child\"><p>Nagrywanie w p\u0119tli<\/p>\n<\/div>\n\n\t\t\t\t\t\t\t\t\t\t\t<\/div>\n\n\t\t\t\t\t\n\t\t\t\t\t\t\t\t\t<\/div>\n\t\t\t<\/div>\n\t\t\t\t\t<div class=\"info-box-wrapper\">\n\t\t\t\t<div id=\"wd-6916fa0aa5e78\" class=\" wd-rs-6916fa0aa5e78 wd-info-box wd-wpb text-center box-icon-align-top box-style- color-scheme- wd-bg-none \">\n\t\t\t\t\t\t\t\t\t\t\t<div class=\"box-icon-wrapper  box-with-icon box-icon-simple\">\n\t\t\t\t\t\t\t<div class=\"info-box-icon\">\n\t\t\t\t\t\t\t\t<img loading=\"lazy\" decoding=\"async\" width=\"100\" height=\"100\" src=\"https:\/\/outlet.newcarsolutions.pl\/wp-content\/uploads\/2025\/11\/7-2-1-100x100.webp\" class=\"attachment-100x100 size-100x100\" alt=\"\" srcset=\"https:\/\/outlet.newcarsolutions.pl\/wp-content\/uploads\/2025\/11\/7-2-1-100x100.webp 100w, https:\/\/outlet.newcarsolutions.pl\/wp-content\/uploads\/2025\/11\/7-2-1-150x150.webp 150w, https:\/\/outlet.newcarsolutions.pl\/wp-content\/uploads\/2025\/11\/7-2-1-12x12.webp 12w, https:\/\/outlet.newcarsolutions.pl\/wp-content\/uploads\/2025\/11\/7-2-1.webp 512w\" sizes=\"auto, (max-width: 100px) 100vw, 100px\" \/>\t\t\t\t\t\t\t<\/div>\n\t\t\t\t\t\t<\/div>\n\t\t\t\t\t\t\t\t\t\t<div class=\"info-box-content\">\n\t\t\t\t\t\t<h3 class=\"info-box-title title box-title-style-default wd-fontsize-xxl\">Night Mode<\/h3>\t\t\t\t\t\t<div class=\"info-box-inner reset-last-child\"><p>Tryb nagrywania po zmroku<\/p>\n<\/div>\n\n\t\t\t\t\t\t\t\t\t\t\t<\/div>\n\n\t\t\t\t\t\n\t\t\t\t\t\t\t\t\t<\/div>\n\t\t\t<\/div>\n\t\t<\/div><\/div><\/div><div class=\"wpb_column vc_column_container vc_col-sm-3\"><div class=\"vc_column-inner\"><div class=\"wpb_wrapper\">\t\t\t<div class=\"info-box-wrapper\">\n\t\t\t\t<div id=\"wd-6916efef47cf1\" class=\" wd-rs-6916efef47cf1 wd-info-box wd-wpb text-center box-icon-align-top box-style- color-scheme- wd-bg-none \">\n\t\t\t\t\t\t\t\t\t\t\t<div class=\"box-icon-wrapper  box-with-icon box-icon-simple\">\n\t\t\t\t\t\t\t<div class=\"info-box-icon\">\n\t\t\t\t\t\t\t\t<img loading=\"lazy\" decoding=\"async\" width=\"100\" height=\"100\" src=\"https:\/\/outlet.newcarsolutions.pl\/wp-content\/uploads\/2025\/11\/9-100x100.webp\" class=\"attachment-100x100 size-100x100\" alt=\"\" srcset=\"https:\/\/outlet.newcarsolutions.pl\/wp-content\/uploads\/2025\/11\/9-100x100.webp 100w, https:\/\/outlet.newcarsolutions.pl\/wp-content\/uploads\/2025\/11\/9-150x150.webp 150w, https:\/\/outlet.newcarsolutions.pl\/wp-content\/uploads\/2025\/11\/9.webp 512w\" sizes=\"auto, (max-width: 100px) 100vw, 100px\" \/>\t\t\t\t\t\t\t<\/div>\n\t\t\t\t\t\t<\/div>\n\t\t\t\t\t\t\t\t\t\t<div class=\"info-box-content\">\n\t\t\t\t\t\t<h3 class=\"info-box-title title box-title-style-default wd-fontsize-xxl\">1280x720<\/h3>\t\t\t\t\t\t<div class=\"info-box-inner reset-last-child\"><p>Rozdzielczo\u015b\u0107 nagrywania<\/p>\n<\/div>\n\n\t\t\t\t\t\t\t\t\t\t\t<\/div>\n\n\t\t\t\t\t\n\t\t\t\t\t\t\t\t\t<\/div>\n\t\t\t<\/div>\n\t\t\t\t\t<div class=\"info-box-wrapper\">\n\t\t\t\t<div id=\"wd-6916ffbc41c17\" class=\" wd-rs-6916ffbc41c17 wd-info-box wd-wpb text-center box-icon-align-top box-style- color-scheme- wd-bg-none \">\n\t\t\t\t\t\t\t\t\t\t\t<div class=\"box-icon-wrapper  box-with-icon box-icon-simple\">\n\t\t\t\t\t\t\t<div class=\"info-box-icon\">\n\t\t\t\t\t\t\t\t<img loading=\"lazy\" decoding=\"async\" width=\"100\" height=\"100\" src=\"https:\/\/outlet.newcarsolutions.pl\/wp-content\/uploads\/2025\/11\/7-3-1-100x100.webp\" class=\"attachment-100x100 size-100x100\" alt=\"\" srcset=\"https:\/\/outlet.newcarsolutions.pl\/wp-content\/uploads\/2025\/11\/7-3-1-100x100.webp 100w, https:\/\/outlet.newcarsolutions.pl\/wp-content\/uploads\/2025\/11\/7-3-1-150x150.webp 150w, https:\/\/outlet.newcarsolutions.pl\/wp-content\/uploads\/2025\/11\/7-3-1-12x12.webp 12w, https:\/\/outlet.newcarsolutions.pl\/wp-content\/uploads\/2025\/11\/7-3-1.webp 512w\" sizes=\"auto, (max-width: 100px) 100vw, 100px\" \/>\t\t\t\t\t\t\t<\/div>\n\t\t\t\t\t\t<\/div>\n\t\t\t\t\t\t\t\t\t\t<div class=\"info-box-content\">\n\t\t\t\t\t\t<h3 class=\"info-box-title title box-title-style-default wd-fontsize-xxl\">Micro SD<\/h3>\t\t\t\t\t\t<div class=\"info-box-inner reset-last-child\"><p>Automatyczny zapis na karcie<\/p>\n<\/div>\n\n\t\t\t\t\t\t\t\t\t\t\t<\/div>\n\n\t\t\t\t\t\n\t\t\t\t\t\t\t\t\t<\/div>\n\t\t\t<\/div>\n\t\t<\/div><\/div><\/div><div class=\"wpb_column vc_column_container vc_col-sm-3\"><div class=\"vc_column-inner\"><div class=\"wpb_wrapper\">\t\t<div id=\"wd-6916e5b3d6c00\" class=\"wd-image wd-wpb wd-rs-6916e5b3d6c00 text-left \">\n\t\t\t\n\t\t\t<img loading=\"lazy\" decoding=\"async\" width=\"1000\" height=\"1000\" src=\"https:\/\/outlet.newcarsolutions.pl\/wp-content\/uploads\/2025\/11\/rejestrator-jazdy-1.webp\" class=\"attachment-medium size-medium\" alt=\"\" srcset=\"https:\/\/outlet.newcarsolutions.pl\/wp-content\/uploads\/2025\/11\/rejestrator-jazdy-1.webp 1000w, https:\/\/outlet.newcarsolutions.pl\/wp-content\/uploads\/2025\/11\/rejestrator-jazdy-1-600x600.webp 600w, https:\/\/outlet.newcarsolutions.pl\/wp-content\/uploads\/2025\/11\/rejestrator-jazdy-1-150x150.webp 150w, https:\/\/outlet.newcarsolutions.pl\/wp-content\/uploads\/2025\/11\/rejestrator-jazdy-1-768x768.webp 768w, https:\/\/outlet.newcarsolutions.pl\/wp-content\/uploads\/2025\/11\/rejestrator-jazdy-1-12x12.webp 12w\" sizes=\"auto, (max-width: 1000px) 100vw, 1000px\" \/>\n\t\t\t\t\t<\/div>\n\t\t<\/div><\/div><\/div><\/div><\/div><\/div><\/div><\/div>\n<\/div>","protected":false},"excerpt":{"rendered":"Rejestrator Jazdy NCS DC-1 Je\u015bli chcesz zapozna\u0107 si\u0119 z funkcjami kamery cofania, sprawd\u017a nasz\u0105 standardow\u0105 ofert\u0119 &gt;&gt;&gt; Kliknij tutaj, aby","protected":false},"featured_media":1740,"comment_status":"open","ping_status":"closed","template":"","meta":[],"product_brand":[],"product_cat":[186],"product_tag":[],"class_list":{"0":"post-1739","1":"product","2":"type-product","3":"status-publish","4":"has-post-thumbnail","6":"product_cat-kamery","8":"first","9":"outofstock","10":"taxable","11":"shipping-taxable","12":"purchasable","13":"product-type-simple"},"_links":{"self":[{"href":"https:\/\/outlet.newcarsolutions.pl\/en\/wp-json\/wp\/v2\/product\/1739","targetHints":{"allow":["GET"]}}],"collection":[{"href":"https:\/\/outlet.newcarsolutions.pl\/en\/wp-json\/wp\/v2\/product"}],"about":[{"href":"https:\/\/outlet.newcarsolutions.pl\/en\/wp-json\/wp\/v2\/types\/product"}],"replies":[{"embeddable":true,"href":"https:\/\/outlet.newcarsolutions.pl\/en\/wp-json\/wp\/v2\/comments?post=1739"}],"wp:featuredmedia":[{"embeddable":true,"href":"https:\/\/outlet.newcarsolutions.pl\/en\/wp-json\/wp\/v2\/media\/1740"}],"wp:attachment":[{"href":"https:\/\/outlet.newcarsolutions.pl\/en\/wp-json\/wp\/v2\/media?parent=1739"}],"wp:term":[{"taxonomy":"product_brand","embeddable":true,"href":"https:\/\/outlet.newcarsolutions.pl\/en\/wp-json\/wp\/v2\/product_brand?post=1739"},{"taxonomy":"product_cat","embeddable":true,"href":"https:\/\/outlet.newcarsolutions.pl\/en\/wp-json\/wp\/v2\/product_cat?post=1739"},{"taxonomy":"product_tag","embeddable":true,"href":"https:\/\/outlet.newcarsolutions.pl\/en\/wp-json\/wp\/v2\/product_tag?post=1739"}],"curies":[{"name":"wp","href":"https:\/\/api.w.org\/{rel}","templated":true}]}}